{"id":981,"date":"2025-11-21T08:03:06","date_gmt":"2025-11-21T08:03:06","guid":{"rendered":"https:\/\/wiki.kieroplus.com\/?page_id=981"},"modified":"2025-11-26T08:58:46","modified_gmt":"2025-11-26T08:58:46","slug":"tarjetas-de-sellos","status":"publish","type":"page","link":"https:\/\/wiki.kieroplus.com\/wiki-kiero\/mi-comercio\/captar-usuarios\/tarjetas-de-sellos\/","title":{"rendered":"Tarjetas de sellos"},"content":{"rendered":"\n<hr class=\"wp-block-separator has-text-color has-alpha-channel-opacity has-background is-style-wide\" style=\"margin-top:0;margin-bottom:0;background-color:#d7d7d7;color:#d7d7d7\"\/>\n\n\n\n<div class=\"wp-block-group alignfull has-base-2-background-color has-background has-global-padding is-layout-constrained wp-container-core-group-is-layout-a9c4655d wp-block-group-is-layout-constrained\" style=\"margin-top:0;margin-bottom:0;padding-top:60px;padding-right:var(--wp--preset--spacing--40);padding-bottom:60px;padding-left:var(--wp--preset--spacing--40)\">\n<div class=\"wp-block-group alignfull has-base-2-background-color has-background has-global-padding is-layout-constrained wp-container-core-group-is-layout-154a8b7d wp-block-group-is-layout-constrained\" style=\"margin-top:0;margin-bottom:0;padding-top:0px;padding-right:var(--wp--preset--spacing--40);padding-bottom:0px;padding-left:var(--wp--preset--spacing--40)\">\n<div class=\"wp-block-columns alignwide uag-hide-tab uag-hide-mob is-layout-flex wp-container-core-columns-is-layout-4b5cfc71 wp-block-columns-is-layout-flex\" style=\"margin-top:0;margin-bottom:0\">\n<div class=\"wp-block-column is-vertically-aligned-stretch order-last is-layout-flow wp-block-column-is-layout-flow\" style=\"flex-basis:100%\">\n<div class=\"wp-block-group is-vertical is-content-justification-stretch is-layout-flex wp-container-core-group-is-layout-8f18a2b3 wp-block-group-is-layout-flex\" style=\"min-height:0%\">\n<h3 class=\"wp-block-heading is-style-default\">Tarjeta de sellos<\/h3>\n\n\n\n<p>Esta secci\u00f3n te permite crear una tarjeta de sellos, ofreciendo diferentes recompensas cuando el cliente realice un pedido superior a cierto importe.<\/p>\n\n\n\n<p>Configuraciones disponibles:<\/p>\n\n\n\n<ol class=\"wp-block-list\">\n<li>Activar o desactivar la tarjeta de sellos (<img loading=\"lazy\" decoding=\"async\" width=\"45\" height=\"28\" class=\"wp-image-559\" style=\"width: 45px;\" src=\"https:\/\/wiki.kieroplus.com\/wp-content\/uploads\/2025\/10\/Switch.png\" alt=\"\"> para activado, <img loading=\"lazy\" decoding=\"async\" width=\"45\" height=\"27\" class=\"wp-image-560\" style=\"width: 45px;\" src=\"https:\/\/wiki.kieroplus.com\/wp-content\/uploads\/2025\/10\/SwitchOff.png\" alt=\"\"> para desactivado).<\/li>\n\n\n\n<li>Seleccionar en cuales de los 3 servicios estar\u00e1n habilitados la tarjeta de sellos (En local, Recogida o Env\u00edo).<\/li>\n\n\n\n<li>Configuraci\u00f3n de sellos. En la tarjeta se muestran los sellos configurados. Desde el primer hasta el \u00faltimo sello se pueden a\u00f1adir la cantidad de sellos que se deseen.\n<ul class=\"wp-block-list\">\n<li>Al pulsar en un sello, podr\u00e1s configurar 1 o m\u00e1s opciones posibles al obtener ese sello.<\/li>\n<\/ul>\n<\/li>\n\n\n\n<li><span style=\"font-size: revert; font-family: var(--wp--preset--font-family--body);\">N\u00famero de Sellos.<\/span><\/li>\n\n\n\n<li><span style=\"font-size: revert; font-family: var(--wp--preset--font-family--body);\">Pedido m\u00ednimo para sellar. Introduce el importe necesario en el pedido para acceder al siguiente sello.<\/span><\/li>\n\n\n\n<li><span style=\"font-size: revert; font-family: var(--wp--preset--font-family--body);\">Reinicio automatico. Al seleccionar esta opci\u00f3n, cuando el cliente reciba el \u00faltimo sello, la tarjeta se reiniciar\u00e1 autom\u00e1ticamente y volver\u00e1 al primer sello.<\/span><\/li>\n\n\n\n<li><span style=\"font-size: revert; font-family: var(--wp--preset--font-family--body);\">Opci\u00f3n de limitar a un sello por d\u00eda.<\/span><\/li>\n\n\n\n<li>Condiciones. Muestra un resumen de lo que se va a conseguir con la tarjeta de sellos.<\/li>\n\n\n\n<li>Recuerda de pulsar <img loading=\"lazy\" decoding=\"async\" width=\"314\" height=\"149\" class=\"wp-image-735\" style=\"width: 80px;vertical-align:middle\" src=\"https:\/\/wiki.kieroplus.com\/wp-content\/uploads\/2025\/10\/GuardarTarjetaSellos.png\" alt=\"\" srcset=\"https:\/\/wiki.kieroplus.com\/wp-content\/uploads\/2025\/10\/GuardarTarjetaSellos.png 314w, https:\/\/wiki.kieroplus.com\/wp-content\/uploads\/2025\/10\/GuardarTarjetaSellos-300x142.png 300w\" sizes=\"auto, (max-width: 314px) 100vw, 314px\" \/>&nbsp;para confirmar los cambios.<\/li>\n<\/ol>\n<\/div>\n<\/div>\n\n\n\n<div class=\"wp-block-column is-vertically-aligned-top order-first has-global-padding is-layout-constrained wp-container-core-column-is-layout-0986e329 wp-block-column-is-layout-constrained\" style=\"padding-top:0;padding-right:0px;padding-bottom:0;padding-left:0px;flex-basis:100%\">\n<figure class=\"wp-block-gallery has-nested-images columns-default is-cropped wp-block-gallery-1 is-layout-flex wp-block-gallery-is-layout-flex\">\n<figure class=\"wp-block-image size-large\" id=\"tarjetas-sellos\"><img loading=\"lazy\" decoding=\"async\" width=\"484\" height=\"1024\" data-id=\"732\" src=\"https:\/\/wiki.kieroplus.com\/wp-content\/uploads\/2025\/10\/Manual_TarjetaSellos1-484x1024.png\" alt=\"\" class=\"wp-image-732\" srcset=\"https:\/\/wiki.kieroplus.com\/wp-content\/uploads\/2025\/10\/Manual_TarjetaSellos1-484x1024.png 484w, https:\/\/wiki.kieroplus.com\/wp-content\/uploads\/2025\/10\/Manual_TarjetaSellos1-142x300.png 142w, https:\/\/wiki.kieroplus.com\/wp-content\/uploads\/2025\/10\/Manual_TarjetaSellos1-768x1626.png 768w, https:\/\/wiki.kieroplus.com\/wp-content\/uploads\/2025\/10\/Manual_TarjetaSellos1-726x1536.png 726w, https:\/\/wiki.kieroplus.com\/wp-content\/uploads\/2025\/10\/Manual_TarjetaSellos1-967x2048.png 967w, https:\/\/wiki.kieroplus.com\/wp-content\/uploads\/2025\/10\/Manual_TarjetaSellos1.png 1207w\" sizes=\"auto, (max-width: 484px) 100vw, 484px\" \/><\/figure>\n\n\n\n<figure class=\"wp-block-image size-large\"><img loading=\"lazy\" decoding=\"async\" width=\"484\" height=\"1024\" data-id=\"733\" src=\"https:\/\/wiki.kieroplus.com\/wp-content\/uploads\/2025\/10\/Manual_TarjetaSellos2-484x1024.png\" alt=\"\" class=\"wp-image-733\" srcset=\"https:\/\/wiki.kieroplus.com\/wp-content\/uploads\/2025\/10\/Manual_TarjetaSellos2-484x1024.png 484w, https:\/\/wiki.kieroplus.com\/wp-content\/uploads\/2025\/10\/Manual_TarjetaSellos2-142x300.png 142w, https:\/\/wiki.kieroplus.com\/wp-content\/uploads\/2025\/10\/Manual_TarjetaSellos2-768x1626.png 768w, https:\/\/wiki.kieroplus.com\/wp-content\/uploads\/2025\/10\/Manual_TarjetaSellos2-726x1536.png 726w, https:\/\/wiki.kieroplus.com\/wp-content\/uploads\/2025\/10\/Manual_TarjetaSellos2-967x2048.png 967w, https:\/\/wiki.kieroplus.com\/wp-content\/uploads\/2025\/10\/Manual_TarjetaSellos2.png 1207w\" sizes=\"auto, (max-width: 484px) 100vw, 484px\" \/><\/figure>\n<\/figure>\n<\/div>\n<\/div>\n\n\n\n<div class=\"wp-block-group uag-hide-desktop has-global-padding is-layout-constrained wp-block-group-is-layout-constrained\">\n<div class=\"wp-block-group has-global-padding is-layout-constrained wp-container-core-group-is-layout-7db9d80f wp-block-group-is-layout-constrained\" style=\"padding-right:0;padding-left:0\">\n<div class=\"wp-block-columns is-layout-flex wp-container-core-columns-is-layout-28f84493 wp-block-columns-is-layout-flex\">\n<div class=\"wp-block-column is-layout-flow wp-block-column-is-layout-flow\">\n<div class=\"wp-block-group has-global-padding is-layout-constrained wp-container-core-group-is-layout-8dd13e6d wp-block-group-is-layout-constrained\" style=\"padding-right:var(--wp--preset--spacing--60);padding-left:var(--wp--preset--spacing--60)\">\n<div class=\"wp-block-uagb-image uagb-block-3c09c943 wp-block-uagb-image--layout-default wp-block-uagb-image--effect-static wp-block-uagb-image--align-none\"><figure class=\"wp-block-uagb-image__figure\"><img decoding=\"async\"  sizes=\"auto, (max-width: 480px) 150px\" src=\"https:\/\/wiki.kieroplus.com\/wp-content\/uploads\/2025\/10\/Manual_TarjetaSellos1-484x1024.png\" alt=\"\" width=\"484\" height=\"1024\" title=\"\" loading=\"lazy\" role=\"img\"\/><\/figure><\/div>\n<\/div>\n\n\n\n<h3 class=\"wp-block-heading is-style-default\">Tarjeta de sellos<\/h3>\n\n\n\n<p>Esta secci\u00f3n te permite crear una tarjeta de sellos, ofreciendo diferentes recompensas cuando el cliente realice un pedido superior a cierto importe.<\/p>\n\n\n\n<p>Configuraciones disponibles:<\/p>\n\n\n\n<ol class=\"wp-block-list\">\n<li>Activar o desactivar la tarjeta de sellos (<img loading=\"lazy\" decoding=\"async\" width=\"45\" height=\"28\" class=\"wp-image-559\" style=\"width: 45px;\" src=\"https:\/\/wiki.kieroplus.com\/wp-content\/uploads\/2025\/10\/Switch.png\" alt=\"\"> para activado, <img loading=\"lazy\" decoding=\"async\" width=\"45\" height=\"27\" class=\"wp-image-560\" style=\"width: 45px;\" src=\"https:\/\/wiki.kieroplus.com\/wp-content\/uploads\/2025\/10\/SwitchOff.png\" alt=\"\"> para desactivado).<\/li>\n\n\n\n<li>Seleccionar en cuales de los 3 servicios estar\u00e1n habilitados la tarjeta de sellos (En local, Recogida o Env\u00edo).<\/li>\n\n\n\n<li>Configuraci\u00f3n de sellos. En la tarjeta se muestran los sellos configurados. Desde el primer hasta el \u00faltimo sello se pueden a\u00f1adir la cantidad de sellos que se deseen.\n<ul class=\"wp-block-list\">\n<li>Al pulsar en un sello, podr\u00e1s configurar 1 o m\u00e1s opciones posibles al obtener ese sello.<\/li>\n<\/ul>\n<\/li>\n\n\n\n<li><span style=\"font-size: revert; font-family: var(--wp--preset--font-family--body);\">N\u00famero de Sellos.<\/span><\/li>\n\n\n\n<li><span style=\"font-size: revert; font-family: var(--wp--preset--font-family--body);\">Pedido m\u00ednimo para sellar. Introduce el importe necesario en el pedido para acceder al siguiente sello.<\/span><\/li>\n\n\n\n<li><span style=\"font-size: revert; font-family: var(--wp--preset--font-family--body);\">Reinicio automatico. Al seleccionar esta opci\u00f3n, cuando el cliente reciba el \u00faltimo sello, la tarjeta se reiniciar\u00e1 autom\u00e1ticamente y volver\u00e1 al primer sello.<\/span><\/li>\n\n\n\n<li><span style=\"font-size: revert; font-family: var(--wp--preset--font-family--body);\">Opci\u00f3n de limitar a un sello por d\u00eda.<\/span><\/li>\n\n\n\n<li>Condiciones. Muestra un resumen de lo que se va a conseguir con la tarjeta de sellos.<\/li>\n\n\n\n<li>Recuerda de pulsar <img loading=\"lazy\" decoding=\"async\" width=\"314\" height=\"149\" class=\"wp-image-735\" style=\"width: 80px;vertical-align:middle\" src=\"https:\/\/wiki.kieroplus.com\/wp-content\/uploads\/2025\/10\/GuardarTarjetaSellos.png\" alt=\"\" srcset=\"https:\/\/wiki.kieroplus.com\/wp-content\/uploads\/2025\/10\/GuardarTarjetaSellos.png 314w, https:\/\/wiki.kieroplus.com\/wp-content\/uploads\/2025\/10\/GuardarTarjetaSellos-300x142.png 300w\" sizes=\"auto, (max-width: 314px) 100vw, 314px\" \/>&nbsp;para confirmar los cambios.<\/li>\n<\/ol>\n\n\n\n<div class=\"wp-block-group has-global-padding is-layout-constrained wp-container-core-group-is-layout-8dd13e6d wp-block-group-is-layout-constrained\" style=\"padding-right:var(--wp--preset--spacing--60);padding-left:var(--wp--preset--spacing--60)\">\n<div class=\"wp-block-uagb-image uagb-block-d46fcfb6 wp-block-uagb-image--layout-default wp-block-uagb-image--effect-static wp-block-uagb-image--align-none\"><figure class=\"wp-block-uagb-image__figure\"><img decoding=\"async\"  sizes=\"auto, (max-width: 480px) 150px\" src=\"https:\/\/wiki.kieroplus.com\/wp-content\/uploads\/2025\/10\/Manual_TarjetaSellos2-484x1024.png\" alt=\"\" width=\"484\" height=\"1024\" title=\"\" loading=\"lazy\" role=\"img\"\/><\/figure><\/div>\n<\/div>\n<\/div>\n<\/div>\n<\/div>\n<\/div>\n<\/div>\n<\/div>\n","protected":false},"excerpt":{"rendered":"<p>Tarjeta de sellos Esta secci\u00f3n te permite crear una tarjeta de sellos, ofreciendo diferentes recompensas cuando el cliente realice un pedido superior a cierto importe. Configuraciones disponibles: Tarjeta de sellos Esta secci\u00f3n te permite crear una tarjeta de sellos, ofreciendo diferentes recompensas cuando el cliente realice un pedido superior a cierto importe. Configuraciones disponibles:<\/p>\n","protected":false},"author":2,"featured_media":0,"parent":714,"menu_order":2,"comment_status":"closed","ping_status":"closed","template":"","meta":{"_uag_custom_page_level_css":"","footnotes":""},"class_list":["post-981","page","type-page","status-publish","hentry"],"uagb_featured_image_src":{"full":false,"thumbnail":false,"medium":false,"medium_large":false,"large":false,"1536x1536":false,"2048x2048":false},"uagb_author_info":{"display_name":"Alejandro","author_link":"https:\/\/wiki.kieroplus.com\/wiki-kiero\/author\/alejandro\/"},"uagb_comment_info":0,"uagb_excerpt":"Tarjeta de sellos Esta secci\u00f3n te permite crear una tarjeta de sellos, ofreciendo diferentes recompensas cuando el cliente realice un pedido superior a cierto importe. Configuraciones disponibles: Tarjeta de sellos Esta secci\u00f3n te permite crear una tarjeta de sellos, ofreciendo diferentes recompensas cuando el cliente realice un pedido superior a cierto importe. Configuraciones disponibles:","_links":{"self":[{"href":"https:\/\/wiki.kieroplus.com\/wiki-kiero\/wp-json\/wp\/v2\/pages\/981","targetHints":{"allow":["GET"]}}],"collection":[{"href":"https:\/\/wiki.kieroplus.com\/wiki-kiero\/wp-json\/wp\/v2\/pages"}],"about":[{"href":"https:\/\/wiki.kieroplus.com\/wiki-kiero\/wp-json\/wp\/v2\/types\/page"}],"author":[{"embeddable":true,"href":"https:\/\/wiki.kieroplus.com\/wiki-kiero\/wp-json\/wp\/v2\/users\/2"}],"replies":[{"embeddable":true,"href":"https:\/\/wiki.kieroplus.com\/wiki-kiero\/wp-json\/wp\/v2\/comments?post=981"}],"version-history":[{"count":7,"href":"https:\/\/wiki.kieroplus.com\/wiki-kiero\/wp-json\/wp\/v2\/pages\/981\/revisions"}],"predecessor-version":[{"id":1051,"href":"https:\/\/wiki.kieroplus.com\/wiki-kiero\/wp-json\/wp\/v2\/pages\/981\/revisions\/1051"}],"up":[{"embeddable":true,"href":"https:\/\/wiki.kieroplus.com\/wiki-kiero\/wp-json\/wp\/v2\/pages\/714"}],"wp:attachment":[{"href":"https:\/\/wiki.kieroplus.com\/wiki-kiero\/wp-json\/wp\/v2\/media?parent=981"}],"curies":[{"name":"wp","href":"https:\/\/api.w.org\/{rel}","templated":true}]}}