{"id":976,"date":"2025-11-21T07:55:42","date_gmt":"2025-11-21T07:55:42","guid":{"rendered":"https:\/\/wiki.kieroplus.com\/?page_id=976"},"modified":"2025-11-21T07:55:42","modified_gmt":"2025-11-21T07:55:42","slug":"codigos-de-descuento","status":"publish","type":"page","link":"https:\/\/wiki.kieroplus.com\/wiki-kiero\/mi-comercio\/captar-usuarios\/codigos-de-descuento\/","title":{"rendered":"C\u00f3digos de Descuento"},"content":{"rendered":"\n<div class=\"wp-block-group alignfull has-base-2-background-color has-background has-global-padding is-layout-constrained wp-container-core-group-is-layout-a9c4655d wp-block-group-is-layout-constrained\" style=\"margin-top:0;margin-bottom:0;padding-top:60px;padding-right:var(--wp--preset--spacing--40);padding-bottom:60px;padding-left:var(--wp--preset--spacing--40)\">\n<div class=\"wp-block-group alignfull has-base-background-color has-background has-global-padding is-layout-constrained wp-container-core-group-is-layout-5fb1f4f9 wp-block-group-is-layout-constrained\" style=\"margin-top:0;margin-bottom:0;padding-top:60px;padding-right:var(--wp--preset--spacing--40);padding-bottom:60px;padding-left:var(--wp--preset--spacing--40)\">\n<div class=\"wp-block-columns alignwide is-layout-flex wp-container-core-columns-is-layout-1da03c2a wp-block-columns-is-layout-flex\">\n<div class=\"wp-block-column is-vertically-aligned-top has-global-padding is-layout-constrained wp-block-column-is-layout-constrained\" style=\"padding-top:0;padding-bottom:0;flex-basis:100%\">\n<figure class=\"wp-block-gallery has-nested-images columns-default is-cropped wp-block-gallery-1 is-layout-flex wp-block-gallery-is-layout-flex\">\n<figure class=\"wp-block-image size-large\" id=\"codigos_descuento\"><img loading=\"lazy\" decoding=\"async\" width=\"484\" height=\"1024\" data-id=\"724\" src=\"https:\/\/wiki.kieroplus.com\/wp-content\/uploads\/2025\/10\/Manual_GestionarCodigos-484x1024.png\" alt=\"\" class=\"wp-image-724\" srcset=\"https:\/\/wiki.kieroplus.com\/wp-content\/uploads\/2025\/10\/Manual_GestionarCodigos-484x1024.png 484w, https:\/\/wiki.kieroplus.com\/wp-content\/uploads\/2025\/10\/Manual_GestionarCodigos-142x300.png 142w, https:\/\/wiki.kieroplus.com\/wp-content\/uploads\/2025\/10\/Manual_GestionarCodigos-768x1626.png 768w, https:\/\/wiki.kieroplus.com\/wp-content\/uploads\/2025\/10\/Manual_GestionarCodigos-726x1536.png 726w, https:\/\/wiki.kieroplus.com\/wp-content\/uploads\/2025\/10\/Manual_GestionarCodigos-967x2048.png 967w, https:\/\/wiki.kieroplus.com\/wp-content\/uploads\/2025\/10\/Manual_GestionarCodigos.png 1207w\" sizes=\"auto, (max-width: 484px) 100vw, 484px\" \/><\/figure>\n\n\n\n<figure class=\"wp-block-image size-large\"><img loading=\"lazy\" decoding=\"async\" width=\"484\" height=\"1024\" data-id=\"978\" src=\"https:\/\/wiki.kieroplus.com\/wp-content\/uploads\/2025\/11\/Manual_CodigosDescuento2-484x1024.png\" alt=\"\" class=\"wp-image-978\" srcset=\"https:\/\/wiki.kieroplus.com\/wp-content\/uploads\/2025\/11\/Manual_CodigosDescuento2-484x1024.png 484w, https:\/\/wiki.kieroplus.com\/wp-content\/uploads\/2025\/11\/Manual_CodigosDescuento2-142x300.png 142w, https:\/\/wiki.kieroplus.com\/wp-content\/uploads\/2025\/11\/Manual_CodigosDescuento2-768x1626.png 768w, https:\/\/wiki.kieroplus.com\/wp-content\/uploads\/2025\/11\/Manual_CodigosDescuento2-726x1536.png 726w, https:\/\/wiki.kieroplus.com\/wp-content\/uploads\/2025\/11\/Manual_CodigosDescuento2-967x2048.png 967w, https:\/\/wiki.kieroplus.com\/wp-content\/uploads\/2025\/11\/Manual_CodigosDescuento2.png 1207w\" sizes=\"auto, (max-width: 484px) 100vw, 484px\" \/><\/figure>\n<\/figure>\n<\/div>\n\n\n\n<div class=\"wp-block-column is-vertically-aligned-stretch is-layout-flow wp-block-column-is-layout-flow\" style=\"flex-basis:100%\">\n<div class=\"wp-block-group is-vertical is-content-justification-stretch is-layout-flex wp-container-core-group-is-layout-8f18a2b3 wp-block-group-is-layout-flex\" style=\"min-height:0%\">\n<h3 class=\"wp-block-heading\">C\u00f3digos de Descuento<\/h3>\n\n\n\n<p class=\"wp-container-content-0733e5d0\">En esta secci\u00f3n, podr\u00e1s configurar c\u00f3digos de descuento para que tus clientes puedan usarlos y obtener descuentos.<\/p>\n\n\n\n<p class=\"wp-container-content-0733e5d0\">A la hora de gestionar los c\u00f3digos, tendr\u00e1s acceso a:<\/p>\n\n\n\n<ol class=\"wp-block-list\">\n<li>C\u00f3digo de descuento: C\u00f3digo que al introducirse antes de realizar un pedido, los clientes obtienen un % de descuento.<\/li>\n\n\n\n<li>Porcentaje de descuento: Muestra el % aplicado a ese c\u00f3digo de descuento.<\/li>\n\n\n\n<li>Bot\u00f3n para Editar los par\u00e1metros del c\u00f3digo.\n<ul class=\"wp-block-list\">\n<li>Permite cambiar:\n<ol style=\"list-style-type:lower-alpha\" class=\"wp-block-list\">\n<li>El c\u00f3digo de descuento.<\/li>\n\n\n\n<li>El % de descuento.<\/li>\n\n\n\n<li>Un mensaje opcional con informaci\u00f3n adicional sobre los requisitos del c\u00f3digo.<\/li>\n\n\n\n<li>Bot\u00f3n para activar el c\u00f3digo o desactivarlo. Cuando est\u00e9 activado, estar\u00e1 <img loading=\"lazy\" decoding=\"async\" width=\"138\" height=\"86\" class=\"wp-image-559\" style=\"width: 45px;vertical-align:middle\" src=\"https:\/\/wiki.kieroplus.com\/wp-content\/uploads\/2025\/10\/Switch.png\" alt=\"\">, y cuando est\u00e9 desactivado, estar\u00e1 <img loading=\"lazy\" decoding=\"async\" width=\"128\" height=\"76\" class=\"wp-image-560\" style=\"width: 45px;vertical-align:middle\" src=\"https:\/\/wiki.kieroplus.com\/wp-content\/uploads\/2025\/10\/SwitchOff.png\" alt=\"\">.<\/li>\n\n\n\n<li>Permite eliminar el c\u00f3digo.<\/li>\n\n\n\n<li>Pulsa <img loading=\"lazy\" decoding=\"async\" width=\"261\" height=\"107\" class=\"wp-image-549\" style=\"width: 75px;vertical-align:middle\" src=\"https:\/\/wiki.kieroplus.com\/wp-content\/uploads\/2025\/10\/BotonGuardar.png\" alt=\"\"> para confirmar los cambios.<\/li>\n<\/ol>\n<\/li>\n<\/ul>\n<\/li>\n\n\n\n<li>Para crear un nuevo c\u00f3digo, pulsa en <img loading=\"lazy\" decoding=\"async\" width=\"409\" height=\"149\" class=\"wp-image-729\" style=\"width: 100px;vertical-align:middle\" src=\"https:\/\/wiki.kieroplus.com\/wp-content\/uploads\/2025\/10\/Boton_NuevoCodigo.png\" alt=\"\" srcset=\"https:\/\/wiki.kieroplus.com\/wp-content\/uploads\/2025\/10\/Boton_NuevoCodigo.png 409w, https:\/\/wiki.kieroplus.com\/wp-content\/uploads\/2025\/10\/Boton_NuevoCodigo-300x109.png 300w\" sizes=\"auto, (max-width: 409px) 100vw, 409px\" \/>, e introduce los campos que te aparecen en el dialogo (como en la segunda imagen).<\/li>\n<\/ol>\n<\/div>\n<\/div>\n<\/div>\n<\/div>\n\n\n\n<hr class=\"wp-block-separator has-text-color has-alpha-channel-opacity has-background is-style-wide\" style=\"margin-top:0;margin-bottom:0;background-color:#d7d7d7;color:#d7d7d7\"\/>\n<\/div>\n","protected":false},"excerpt":{"rendered":"<p>C\u00f3digos de Descuento En esta secci\u00f3n, podr\u00e1s configurar c\u00f3digos de descuento para que tus clientes puedan usarlos y obtener descuentos. A la hora de gestionar los c\u00f3digos, tendr\u00e1s acceso a:<\/p>\n","protected":false},"author":2,"featured_media":0,"parent":714,"menu_order":1,"comment_status":"closed","ping_status":"closed","template":"","meta":{"_uag_custom_page_level_css":"","footnotes":""},"class_list":["post-976","page","type-page","status-publish","hentry"],"uagb_featured_image_src":{"full":false,"thumbnail":false,"medium":false,"medium_large":false,"large":false,"1536x1536":false,"2048x2048":false},"uagb_author_info":{"display_name":"Alejandro","author_link":"https:\/\/wiki.kieroplus.com\/wiki-kiero\/author\/alejandro\/"},"uagb_comment_info":0,"uagb_excerpt":"C\u00f3digos de Descuento En esta secci\u00f3n, podr\u00e1s configurar c\u00f3digos de descuento para que tus clientes puedan usarlos y obtener descuentos. A la hora de gestionar los c\u00f3digos, tendr\u00e1s acceso a:","_links":{"self":[{"href":"https:\/\/wiki.kieroplus.com\/wiki-kiero\/wp-json\/wp\/v2\/pages\/976","targetHints":{"allow":["GET"]}}],"collection":[{"href":"https:\/\/wiki.kieroplus.com\/wiki-kiero\/wp-json\/wp\/v2\/pages"}],"about":[{"href":"https:\/\/wiki.kieroplus.com\/wiki-kiero\/wp-json\/wp\/v2\/types\/page"}],"author":[{"embeddable":true,"href":"https:\/\/wiki.kieroplus.com\/wiki-kiero\/wp-json\/wp\/v2\/users\/2"}],"replies":[{"embeddable":true,"href":"https:\/\/wiki.kieroplus.com\/wiki-kiero\/wp-json\/wp\/v2\/comments?post=976"}],"version-history":[{"count":2,"href":"https:\/\/wiki.kieroplus.com\/wiki-kiero\/wp-json\/wp\/v2\/pages\/976\/revisions"}],"predecessor-version":[{"id":979,"href":"https:\/\/wiki.kieroplus.com\/wiki-kiero\/wp-json\/wp\/v2\/pages\/976\/revisions\/979"}],"up":[{"embeddable":true,"href":"https:\/\/wiki.kieroplus.com\/wiki-kiero\/wp-json\/wp\/v2\/pages\/714"}],"wp:attachment":[{"href":"https:\/\/wiki.kieroplus.com\/wiki-kiero\/wp-json\/wp\/v2\/media?parent=976"}],"curies":[{"name":"wp","href":"https:\/\/api.w.org\/{rel}","templated":true}]}}