{"id":972,"date":"2025-11-21T07:43:07","date_gmt":"2025-11-21T07:43:07","guid":{"rendered":"https:\/\/wiki.kieroplus.com\/?page_id=972"},"modified":"2025-11-25T12:42:03","modified_gmt":"2025-11-25T12:42:03","slug":"tarjetas-de-fidelizacion","status":"publish","type":"page","link":"https:\/\/wiki.kieroplus.com\/wiki-kiero\/mi-comercio\/captar-usuarios\/tarjetas-de-fidelizacion\/","title":{"rendered":"Tarjetas de Fidelizaci\u00f3n"},"content":{"rendered":"\n<hr class=\"wp-block-separator has-text-color has-alpha-channel-opacity has-background is-style-wide\" style=\"margin-top:0;margin-bottom:0;background-color:#d7d7d7;color:#d7d7d7\"\/>\n\n\n\n<div class=\"wp-block-group alignfull has-base-2-background-color has-background has-global-padding is-layout-constrained wp-container-core-group-is-layout-a9c4655d wp-block-group-is-layout-constrained\" style=\"margin-top:0;margin-bottom:0;padding-top:60px;padding-right:var(--wp--preset--spacing--40);padding-bottom:60px;padding-left:var(--wp--preset--spacing--40)\">\n<div class=\"wp-block-columns alignwide uag-hide-tab uag-hide-mob is-layout-flex wp-container-core-columns-is-layout-4b5cfc71 wp-block-columns-is-layout-flex\" style=\"margin-top:0;margin-bottom:0\">\n<div class=\"wp-block-column is-vertically-aligned-stretch order-last uag-hide-tab uag-hide-mob is-layout-flow wp-block-column-is-layout-flow\" style=\"flex-basis:100%\">\n<div class=\"wp-block-group is-vertical is-content-justification-stretch is-layout-flex wp-container-core-group-is-layout-8f18a2b3 wp-block-group-is-layout-flex\" style=\"min-height:0%\">\n<h3 class=\"wp-block-heading is-style-default\">Tarjetas de Fidelizaci\u00f3n<\/h3>\n\n\n\n<p class=\"wp-container-content-0733e5d0\">En esta secci\u00f3n, podr\u00e1s configurar una serie de descuentos (rebajas de % del precio de los pedidos), que ir\u00e1n aumentando a medida que tus clientes alcancen ciertos objetivos, motivando a tus clientes a realizar m\u00e1s pedidos por medio de Kiero+. <\/p>\n\n\n\n<p>\u2022 Modos de configuraci\u00f3n:<\/p>\n\n\n\n<ol class=\"wp-block-list\">\n<li>Activar o desactivar el sistema de tarjetas: Cuando el bot\u00f3n est\u00e1 <img loading=\"lazy\" decoding=\"async\" width=\"35\" height=\"22\" class=\"wp-image-559\" style=\"width: 35px;\" src=\"https:\/\/wiki.kieroplus.com\/wp-content\/uploads\/2025\/10\/Switch.png\" alt=\"\">, el sistema de tarjetas est\u00e1 activado. Cuando el bot\u00f3n est\u00e1 <img loading=\"lazy\" decoding=\"async\" width=\"35\" height=\"21\" class=\"wp-image-560\" style=\"width: 35px;\" src=\"https:\/\/wiki.kieroplus.com\/wp-content\/uploads\/2025\/10\/SwitchOff.png\" alt=\"\">, el sistema est\u00e1 desactivado.<\/li>\n\n\n\n<li>Activar o desactivar cada tramo de la tarjeta: kiero+ permite configurar 3 tramos, o 3 configuraciones de descuento tras haber alcanzado cierto objetivo. Si lo deseas, puedes desactivar cualquiera de los 3.<\/li>\n\n\n\n<li>Despu\u00e9s de: Importe que una vez superado por el cliente, empezar\u00e1 a aplicar el descuento del tramo (por ejemplo, si un cliente ha realizado m\u00faltiples pedidos en tu local, y ya ha usado 50\u20ac en tu comercio, se le pasa a aplicar un descuento mayor que el que ten\u00eda anteriormente).<\/li>\n\n\n\n<li>Consiguen: Introduce el porcentaje de descuento que tendr\u00e1 el cliente al alcanzar cada tramo.<\/li>\n\n\n\n<li>Servicios donde aplica: Puedes configurar que cierto tramo solo est\u00e9 habilitado para el servicio a Recogida, a Domicilio, o a ambos. El servicio se aplica cuando el bot\u00f3n est\u00e1 en azul oscuro.<\/li>\n\n\n\n<li>Aseg\u00farate de pulsar <img loading=\"lazy\" decoding=\"async\" width=\"314\" height=\"149\" class=\"wp-image-551\" style=\"width: 75px;vertical-align:middle\" src=\"https:\/\/wiki.kieroplus.com\/wp-content\/uploads\/2025\/10\/Manual_ServicioEnvio1_Guardar.png\" alt=\"\" srcset=\"https:\/\/wiki.kieroplus.com\/wp-content\/uploads\/2025\/10\/Manual_ServicioEnvio1_Guardar.png 314w, https:\/\/wiki.kieroplus.com\/wp-content\/uploads\/2025\/10\/Manual_ServicioEnvio1_Guardar-300x142.png 300w\" sizes=\"auto, (max-width: 314px) 100vw, 314px\" \/> para confirmar los cambios.<\/li>\n<\/ol>\n<\/div>\n<\/div>\n\n\n\n<div class=\"wp-block-column is-vertically-aligned-top order-first has-global-padding is-layout-constrained wp-block-column-is-layout-constrained\" style=\"padding-top:0;padding-bottom:0;flex-basis:100%\">\n<figure class=\"wp-block-gallery has-nested-images columns-default is-cropped wp-block-gallery-1 is-layout-flex wp-block-gallery-is-layout-flex\">\n<figure class=\"wp-block-image size-large\" id=\"tarjetas_fidelizacion\"><img loading=\"lazy\" decoding=\"async\" width=\"484\" height=\"1024\" data-id=\"718\" src=\"https:\/\/wiki.kieroplus.com\/wp-content\/uploads\/2025\/10\/Manual_TarjetasFidelizacion-484x1024.png\" alt=\"\" class=\"wp-image-718\" srcset=\"https:\/\/wiki.kieroplus.com\/wp-content\/uploads\/2025\/10\/Manual_TarjetasFidelizacion-484x1024.png 484w, https:\/\/wiki.kieroplus.com\/wp-content\/uploads\/2025\/10\/Manual_TarjetasFidelizacion-142x300.png 142w, https:\/\/wiki.kieroplus.com\/wp-content\/uploads\/2025\/10\/Manual_TarjetasFidelizacion-768x1626.png 768w, https:\/\/wiki.kieroplus.com\/wp-content\/uploads\/2025\/10\/Manual_TarjetasFidelizacion-726x1536.png 726w, https:\/\/wiki.kieroplus.com\/wp-content\/uploads\/2025\/10\/Manual_TarjetasFidelizacion-967x2048.png 967w, https:\/\/wiki.kieroplus.com\/wp-content\/uploads\/2025\/10\/Manual_TarjetasFidelizacion.png 1207w\" sizes=\"auto, (max-width: 484px) 100vw, 484px\" \/><\/figure>\n\n\n\n<figure class=\"wp-block-image size-large\"><img loading=\"lazy\" decoding=\"async\" width=\"484\" height=\"1024\" data-id=\"721\" src=\"https:\/\/wiki.kieroplus.com\/wp-content\/uploads\/2025\/10\/Manual_TarjetasFidelizacion2-1-484x1024.png\" alt=\"\" class=\"wp-image-721\" srcset=\"https:\/\/wiki.kieroplus.com\/wp-content\/uploads\/2025\/10\/Manual_TarjetasFidelizacion2-1-484x1024.png 484w, https:\/\/wiki.kieroplus.com\/wp-content\/uploads\/2025\/10\/Manual_TarjetasFidelizacion2-1-142x300.png 142w, https:\/\/wiki.kieroplus.com\/wp-content\/uploads\/2025\/10\/Manual_TarjetasFidelizacion2-1-768x1626.png 768w, https:\/\/wiki.kieroplus.com\/wp-content\/uploads\/2025\/10\/Manual_TarjetasFidelizacion2-1-726x1536.png 726w, https:\/\/wiki.kieroplus.com\/wp-content\/uploads\/2025\/10\/Manual_TarjetasFidelizacion2-1-967x2048.png 967w, https:\/\/wiki.kieroplus.com\/wp-content\/uploads\/2025\/10\/Manual_TarjetasFidelizacion2-1.png 1207w\" sizes=\"auto, (max-width: 484px) 100vw, 484px\" \/><\/figure>\n<\/figure>\n<\/div>\n<\/div>\n\n\n\n<div class=\"wp-block-columns uag-hide-desktop is-layout-flex wp-container-core-columns-is-layout-28f84493 wp-block-columns-is-layout-flex\">\n<div class=\"wp-block-column uag-hide-desktop is-layout-flow wp-block-column-is-layout-flow\">\n<div class=\"wp-block-group has-global-padding is-layout-constrained wp-block-group-is-layout-constrained\">\n<div class=\"wp-block-group has-global-padding is-layout-constrained wp-container-core-group-is-layout-8dd13e6d wp-block-group-is-layout-constrained\" style=\"padding-right:var(--wp--preset--spacing--60);padding-left:var(--wp--preset--spacing--60)\">\n<div class=\"wp-block-uagb-image uagb-block-ff189168 wp-block-uagb-image--layout-default wp-block-uagb-image--effect-static wp-block-uagb-image--align-none\"><figure class=\"wp-block-uagb-image__figure\"><img decoding=\"async\"  sizes=\"auto, (max-width: 480px) 150px\" src=\"https:\/\/wiki.kieroplus.com\/wp-content\/uploads\/2025\/10\/Manual_TarjetasFidelizacion-484x1024.png\" alt=\"\" width=\"484\" height=\"1024\" title=\"\" loading=\"lazy\" role=\"img\"\/><\/figure><\/div>\n<\/div>\n<\/div>\n\n\n\n<h3 class=\"wp-block-heading is-style-default\">Tarjetas de Fidelizaci\u00f3n<\/h3>\n\n\n\n<p class=\"wp-container-content-0733e5d0\">En esta secci\u00f3n, podr\u00e1s configurar una serie de descuentos (rebajas de % del precio de los pedidos), que ir\u00e1n aumentando a medida que tus clientes alcancen ciertos objetivos, motivando a tus clientes a realizar m\u00e1s pedidos por medio de Kiero+. <\/p>\n\n\n\n<p>\u2022 Modos de configuraci\u00f3n:<\/p>\n\n\n\n<ol class=\"wp-block-list\">\n<li>Activar o desactivar el sistema de tarjetas: Cuando el bot\u00f3n est\u00e1 <img loading=\"lazy\" decoding=\"async\" width=\"35\" height=\"22\" class=\"wp-image-559\" style=\"width: 35px;\" src=\"https:\/\/wiki.kieroplus.com\/wp-content\/uploads\/2025\/10\/Switch.png\" alt=\"\">, el sistema de tarjetas est\u00e1 activado. Cuando el bot\u00f3n est\u00e1 <img loading=\"lazy\" decoding=\"async\" width=\"35\" height=\"21\" class=\"wp-image-560\" style=\"width: 35px;\" src=\"https:\/\/wiki.kieroplus.com\/wp-content\/uploads\/2025\/10\/SwitchOff.png\" alt=\"\">, el sistema est\u00e1 desactivado.<\/li>\n\n\n\n<li>Activar o desactivar cada tramo de la tarjeta: kiero+ permite configurar 3 tramos, o 3 configuraciones de descuento tras haber alcanzado cierto objetivo. Si lo deseas, puedes desactivar cualquiera de los 3.<\/li>\n\n\n\n<li>Despu\u00e9s de: Importe que una vez superado por el cliente, empezar\u00e1 a aplicar el descuento del tramo (por ejemplo, si un cliente ha realizado m\u00faltiples pedidos en tu local, y ya ha usado 50\u20ac en tu comercio, se le pasa a aplicar un descuento mayor que el que ten\u00eda anteriormente).<\/li>\n\n\n\n<li>Consiguen: Introduce el porcentaje de descuento que tendr\u00e1 el cliente al alcanzar cada tramo.<\/li>\n\n\n\n<li>Servicios donde aplica: Puedes configurar que cierto tramo solo est\u00e9 habilitado para el servicio a Recogida, a Domicilio, o a ambos. El servicio se aplica cuando el bot\u00f3n est\u00e1 en azul oscuro.<\/li>\n\n\n\n<li>Aseg\u00farate de pulsar <img loading=\"lazy\" decoding=\"async\" width=\"314\" height=\"149\" class=\"wp-image-551\" style=\"width: 75px;vertical-align:middle\" src=\"https:\/\/wiki.kieroplus.com\/wp-content\/uploads\/2025\/10\/Manual_ServicioEnvio1_Guardar.png\" alt=\"\" srcset=\"https:\/\/wiki.kieroplus.com\/wp-content\/uploads\/2025\/10\/Manual_ServicioEnvio1_Guardar.png 314w, https:\/\/wiki.kieroplus.com\/wp-content\/uploads\/2025\/10\/Manual_ServicioEnvio1_Guardar-300x142.png 300w\" sizes=\"auto, (max-width: 314px) 100vw, 314px\" \/> para confirmar los cambios.<\/li>\n<\/ol>\n\n\n\n<div class=\"wp-block-group has-global-padding is-layout-constrained wp-container-core-group-is-layout-66097743 wp-block-group-is-layout-constrained\" style=\"margin-top:0;margin-bottom:0;padding-right:var(--wp--preset--spacing--60);padding-left:var(--wp--preset--spacing--60)\">\n<div class=\"wp-block-uagb-image uagb-block-5954f4eb wp-block-uagb-image--layout-default wp-block-uagb-image--effect-static wp-block-uagb-image--align-none\"><figure class=\"wp-block-uagb-image__figure\"><img decoding=\"async\"  sizes=\"auto, (max-width: 480px) 150px\" src=\"https:\/\/wiki.kieroplus.com\/wp-content\/uploads\/2025\/10\/Manual_TarjetasFidelizacion2-1-484x1024.png\" alt=\"\" width=\"484\" height=\"1024\" title=\"\" loading=\"lazy\" role=\"img\"\/><\/figure><\/div>\n<\/div>\n<\/div>\n<\/div>\n<\/div>\n","protected":false},"excerpt":{"rendered":"<p>Tarjetas de Fidelizaci\u00f3n En esta secci\u00f3n, podr\u00e1s configurar una serie de descuentos (rebajas de % del precio de los pedidos), que ir\u00e1n aumentando a medida que tus clientes alcancen ciertos objetivos, motivando a tus clientes a realizar m\u00e1s pedidos por medio de Kiero+. \u2022 Modos de configuraci\u00f3n: Tarjetas de Fidelizaci\u00f3n En esta secci\u00f3n, podr\u00e1s configurar [&hellip;]<\/p>\n","protected":false},"author":2,"featured_media":0,"parent":714,"menu_order":0,"comment_status":"closed","ping_status":"closed","template":"","meta":{"_uag_custom_page_level_css":"","footnotes":""},"class_list":["post-972","page","type-page","status-publish","hentry"],"uagb_featured_image_src":{"full":false,"thumbnail":false,"medium":false,"medium_large":false,"large":false,"1536x1536":false,"2048x2048":false},"uagb_author_info":{"display_name":"Alejandro","author_link":"https:\/\/wiki.kieroplus.com\/wiki-kiero\/author\/alejandro\/"},"uagb_comment_info":0,"uagb_excerpt":"Tarjetas de Fidelizaci\u00f3n En esta secci\u00f3n, podr\u00e1s configurar una serie de descuentos (rebajas de % del precio de los pedidos), que ir\u00e1n aumentando a medida que tus clientes alcancen ciertos objetivos, motivando a tus clientes a realizar m\u00e1s pedidos por medio de Kiero+. \u2022 Modos de configuraci\u00f3n: Tarjetas de Fidelizaci\u00f3n En esta secci\u00f3n, podr\u00e1s configurar&hellip;","_links":{"self":[{"href":"https:\/\/wiki.kieroplus.com\/wiki-kiero\/wp-json\/wp\/v2\/pages\/972","targetHints":{"allow":["GET"]}}],"collection":[{"href":"https:\/\/wiki.kieroplus.com\/wiki-kiero\/wp-json\/wp\/v2\/pages"}],"about":[{"href":"https:\/\/wiki.kieroplus.com\/wiki-kiero\/wp-json\/wp\/v2\/types\/page"}],"author":[{"embeddable":true,"href":"https:\/\/wiki.kieroplus.com\/wiki-kiero\/wp-json\/wp\/v2\/users\/2"}],"replies":[{"embeddable":true,"href":"https:\/\/wiki.kieroplus.com\/wiki-kiero\/wp-json\/wp\/v2\/comments?post=972"}],"version-history":[{"count":17,"href":"https:\/\/wiki.kieroplus.com\/wiki-kiero\/wp-json\/wp\/v2\/pages\/972\/revisions"}],"predecessor-version":[{"id":1046,"href":"https:\/\/wiki.kieroplus.com\/wiki-kiero\/wp-json\/wp\/v2\/pages\/972\/revisions\/1046"}],"up":[{"embeddable":true,"href":"https:\/\/wiki.kieroplus.com\/wiki-kiero\/wp-json\/wp\/v2\/pages\/714"}],"wp:attachment":[{"href":"https:\/\/wiki.kieroplus.com\/wiki-kiero\/wp-json\/wp\/v2\/media?parent=972"}],"curies":[{"name":"wp","href":"https:\/\/api.w.org\/{rel}","templated":true}]}}