{"id":943,"date":"2025-11-20T08:16:51","date_gmt":"2025-11-20T08:16:51","guid":{"rendered":"https:\/\/wiki.kieroplus.com\/?page_id=943"},"modified":"2025-11-26T09:06:08","modified_gmt":"2025-11-26T09:06:08","slug":"gestion-de-transporte","status":"publish","type":"page","link":"https:\/\/wiki.kieroplus.com\/wiki-kiero\/pedidos\/gestion-de-transporte\/","title":{"rendered":"Gesti\u00f3n de Transporte"},"content":{"rendered":"\n<div class=\"wp-block-group alignfull has-base-2-background-color has-background has-global-padding is-layout-constrained wp-container-core-group-is-layout-a9c4655d wp-block-group-is-layout-constrained\" style=\"margin-top:0;margin-bottom:0;padding-top:60px;padding-right:var(--wp--preset--spacing--40);padding-bottom:60px;padding-left:var(--wp--preset--spacing--40)\">\n<div class=\"wp-block-columns alignwide uag-hide-tab uag-hide-mob is-layout-flex wp-container-core-columns-is-layout-4b5cfc71 wp-block-columns-is-layout-flex\" style=\"margin-top:0;margin-bottom:0\">\n<div class=\"wp-block-column is-vertically-aligned-stretch order-last is-layout-flow wp-block-column-is-layout-flow\" style=\"flex-basis:100%\">\n<div class=\"wp-block-group is-vertical is-content-justification-stretch is-layout-flex wp-container-core-group-is-layout-8f18a2b3 wp-block-group-is-layout-flex\" style=\"min-height:0%\">\n<h3 class=\"wp-block-heading is-style-default\">Gesti\u00f3n de Transporte<\/h3>\n\n\n\n<p class=\"wp-container-content-0733e5d0\">Esta secci\u00f3n te proporciona una visi\u00f3n general y detallada de todas tus entregas pendientes, permiti\u00e9ndote realizar un seguimiento preciso y optimizar la gesti\u00f3n de tu servicio de transporte.<\/p>\n\n\n\n<ol class=\"wp-block-list\">\n<li>Podr\u00e1s observar la ubicaci\u00f3n exacta de cada entrega pendiente en un mapa interactivo. Los iconos de las entregas cambian de color (se actualizan en tiempo real) seg\u00fan el tiempo restante para la hora de entrega solicitada por el cliente:\n<ol style=\"list-style-type:lower-alpha\" class=\"wp-block-list\">\n<li>Verde: M\u00e1s de una hora restante.<\/li>\n\n\n\n<li>Naranja: Menos de una hora restante.<\/li>\n\n\n\n<li>Rojo: La hora de entrega solicitada ya ha pasado.<\/li>\n<\/ol>\n<\/li>\n\n\n\n<li>Localiza tu comercio en el mapa mediante el icono <img loading=\"lazy\" decoding=\"async\" width=\"101\" height=\"101\" class=\"wp-image-965\" style=\"width: 35px;vertical-align:middle\" src=\"https:\/\/wiki.kieroplus.com\/wp-content\/uploads\/2025\/11\/Manual_GestionTransporteLocComercio.png\" alt=\"\">.<\/li>\n\n\n\n<li>Cambia entre vista de sat\u00e9lite y de mapa.<\/li>\n\n\n\n<li>Al pulsar en una ubicaci\u00f3n, puedes abrirla desde Google Maps, y ver como llegar a ella.<\/li>\n<\/ol>\n\n\n\n<p>En el mapa interactivo se destacar\u00e1n las \u00e1reas de servicio de tu comercio en un color azulado. <\/p>\n\n\n\n<p>Adem\u00e1s, al pulsar en un pedido se mostrar\u00e1 (Captura 2):<\/p>\n\n\n\n<ol start=\"5\" class=\"wp-block-list\">\n<li>Detalles del pedido como: Nombre del Cliente, c\u00f3digo de Pedido o Precio.<\/li>\n\n\n\n<li>Fecha programada del pedido y tipo de servicio (en este caso, Domicilio).<\/li>\n\n\n\n<li>Acciones r\u00e1pidas como Finalizar el Pedido.<\/li>\n\n\n\n<li>Tiempo restante del pedido.<\/li>\n\n\n\n<li>Al pulsar sobre <strong>Ver m\u00e1s<\/strong> o a <img loading=\"lazy\" decoding=\"async\" width=\"364\" height=\"107\" class=\"wp-image-966\" style=\"width: 100px;vertical-align:middle\" src=\"https:\/\/wiki.kieroplus.com\/wp-content\/uploads\/2025\/11\/Manual_GestionTransporte_InfoPedido.png\" alt=\"\" srcset=\"https:\/\/wiki.kieroplus.com\/wp-content\/uploads\/2025\/11\/Manual_GestionTransporte_InfoPedido.png 364w, https:\/\/wiki.kieroplus.com\/wp-content\/uploads\/2025\/11\/Manual_GestionTransporte_InfoPedido-300x88.png 300w\" sizes=\"auto, (max-width: 364px) 100vw, 364px\" \/> , podr\u00e1s acceder a <a href=\"https:\/\/wiki.kieroplus.com\/pedidos\/informacion-del-pedido\/\" data-type=\"page\" data-id=\"948\">detalles adicionales<\/a>.<\/li>\n\n\n\n<li>Al pulsar sobre <img loading=\"lazy\" decoding=\"async\" width=\"314\" height=\"107\" class=\"wp-image-967\" style=\"width: 100px;vertical-align:middle\" src=\"https:\/\/wiki.kieroplus.com\/wp-content\/uploads\/2025\/11\/Manual_GestionTransporte_Navegar.png\" alt=\"\" srcset=\"https:\/\/wiki.kieroplus.com\/wp-content\/uploads\/2025\/11\/Manual_GestionTransporte_Navegar.png 314w, https:\/\/wiki.kieroplus.com\/wp-content\/uploads\/2025\/11\/Manual_GestionTransporte_Navegar-300x102.png 300w\" sizes=\"auto, (max-width: 314px) 100vw, 314px\" \/> se visualizar\u00e1 la ruta \u00f3ptima desde tu establecimiento hasta el punto de entrega, lo que facilita la planificaci\u00f3n de las rutas de tus repartidores.<\/li>\n\n\n\n<li>Pulsa sobre <img loading=\"lazy\" decoding=\"async\" width=\"375\" height=\"69\" class=\"wp-image-968\" style=\"width: 100px;vertical-align:middle\" src=\"https:\/\/wiki.kieroplus.com\/wp-content\/uploads\/2025\/11\/Manual_GestionTransporte_Contactar.png\" alt=\"\" srcset=\"https:\/\/wiki.kieroplus.com\/wp-content\/uploads\/2025\/11\/Manual_GestionTransporte_Contactar.png 375w, https:\/\/wiki.kieroplus.com\/wp-content\/uploads\/2025\/11\/Manual_GestionTransporte_Contactar-300x55.png 300w\" sizes=\"auto, (max-width: 375px) 100vw, 375px\" \/> para llamar directamente al cliente desde la aplicaci\u00f3n para cualquier consulta o coordinaci\u00f3n relacionada con la entrega.<br>\u00a1Gestiona tus entregas de forma inteligente y garantiza la satisfacci\u00f3n de tus clientes!<\/li>\n<\/ol>\n<\/div>\n<\/div>\n\n\n\n<div class=\"wp-block-column is-vertically-aligned-top order-first has-global-padding is-layout-constrained wp-container-core-column-is-layout-0986e329 wp-block-column-is-layout-constrained\" style=\"padding-top:0;padding-right:0px;padding-bottom:0;padding-left:0px;flex-basis:100%\">\n<figure class=\"wp-block-gallery has-nested-images columns-default is-cropped wp-block-gallery-1 is-layout-flex wp-block-gallery-is-layout-flex\">\n<figure class=\"wp-block-image size-large\" id=\"pedidos-gestion-de-transporte\"><img loading=\"lazy\" decoding=\"async\" width=\"484\" height=\"1024\" data-id=\"962\" src=\"https:\/\/wiki.kieroplus.com\/wp-content\/uploads\/2025\/11\/Manual_GestionTransporte-1-484x1024.png\" alt=\"\" class=\"wp-image-962\" srcset=\"https:\/\/wiki.kieroplus.com\/wp-content\/uploads\/2025\/11\/Manual_GestionTransporte-1-484x1024.png 484w, https:\/\/wiki.kieroplus.com\/wp-content\/uploads\/2025\/11\/Manual_GestionTransporte-1-142x300.png 142w, https:\/\/wiki.kieroplus.com\/wp-content\/uploads\/2025\/11\/Manual_GestionTransporte-1-768x1626.png 768w, https:\/\/wiki.kieroplus.com\/wp-content\/uploads\/2025\/11\/Manual_GestionTransporte-1-726x1536.png 726w, https:\/\/wiki.kieroplus.com\/wp-content\/uploads\/2025\/11\/Manual_GestionTransporte-1-967x2048.png 967w, https:\/\/wiki.kieroplus.com\/wp-content\/uploads\/2025\/11\/Manual_GestionTransporte-1.png 1207w\" sizes=\"auto, (max-width: 484px) 100vw, 484px\" \/><\/figure>\n\n\n\n<figure class=\"wp-block-image size-large\"><img loading=\"lazy\" decoding=\"async\" width=\"484\" height=\"1024\" data-id=\"963\" src=\"https:\/\/wiki.kieroplus.com\/wp-content\/uploads\/2025\/11\/Manual_GestionTransporte2-1-484x1024.png\" alt=\"\" class=\"wp-image-963\" srcset=\"https:\/\/wiki.kieroplus.com\/wp-content\/uploads\/2025\/11\/Manual_GestionTransporte2-1-484x1024.png 484w, https:\/\/wiki.kieroplus.com\/wp-content\/uploads\/2025\/11\/Manual_GestionTransporte2-1-142x300.png 142w, https:\/\/wiki.kieroplus.com\/wp-content\/uploads\/2025\/11\/Manual_GestionTransporte2-1-768x1626.png 768w, https:\/\/wiki.kieroplus.com\/wp-content\/uploads\/2025\/11\/Manual_GestionTransporte2-1-726x1536.png 726w, https:\/\/wiki.kieroplus.com\/wp-content\/uploads\/2025\/11\/Manual_GestionTransporte2-1-967x2048.png 967w, https:\/\/wiki.kieroplus.com\/wp-content\/uploads\/2025\/11\/Manual_GestionTransporte2-1.png 1207w\" sizes=\"auto, (max-width: 484px) 100vw, 484px\" \/><\/figure>\n<\/figure>\n<\/div>\n<\/div>\n\n\n\n<div class=\"wp-block-columns is-layout-flex wp-container-core-columns-is-layout-28f84493 wp-block-columns-is-layout-flex\">\n<div class=\"wp-block-column is-layout-flow wp-block-column-is-layout-flow\">\n<div class=\"wp-block-group uag-hide-desktop has-global-padding is-layout-constrained wp-container-core-group-is-layout-7db9d80f wp-block-group-is-layout-constrained\" style=\"padding-right:0;padding-left:0\">\n<div class=\"wp-block-group has-global-padding is-layout-constrained wp-container-core-group-is-layout-8dd13e6d wp-block-group-is-layout-constrained\" style=\"padding-right:var(--wp--preset--spacing--60);padding-left:var(--wp--preset--spacing--60)\">\n<div class=\"wp-block-uagb-image uagb-block-edd49d68 wp-block-uagb-image--layout-default wp-block-uagb-image--effect-static wp-block-uagb-image--align-none\"><figure class=\"wp-block-uagb-image__figure\"><img decoding=\"async\"  sizes=\"auto, (max-width: 480px) 150px\" src=\"https:\/\/wiki.kieroplus.com\/wp-content\/uploads\/2025\/11\/Manual_GestionTransporte-1-484x1024.png\" alt=\"\" width=\"484\" height=\"1024\" title=\"\" loading=\"lazy\" role=\"img\"\/><\/figure><\/div>\n<\/div>\n\n\n\n<h3 class=\"wp-block-heading is-style-default\">Gesti\u00f3n de Transporte<\/h3>\n\n\n\n<p class=\"wp-container-content-0733e5d0\">Esta secci\u00f3n te proporciona una visi\u00f3n general y detallada de todas tus entregas pendientes, permiti\u00e9ndote realizar un seguimiento preciso y optimizar la gesti\u00f3n de tu servicio de transporte.<\/p>\n\n\n\n<ol class=\"wp-block-list\">\n<li>Podr\u00e1s observar la ubicaci\u00f3n exacta de cada entrega pendiente en un mapa interactivo. Los iconos de las entregas cambian de color (se actualizan en tiempo real) seg\u00fan el tiempo restante para la hora de entrega solicitada por el cliente:\n<ol style=\"list-style-type:lower-alpha\" class=\"wp-block-list\">\n<li>Verde: M\u00e1s de una hora restante.<\/li>\n\n\n\n<li>Naranja: Menos de una hora restante.<\/li>\n\n\n\n<li>Rojo: La hora de entrega solicitada ya ha pasado.<\/li>\n<\/ol>\n<\/li>\n\n\n\n<li>Localiza tu comercio en el mapa mediante el icono <img loading=\"lazy\" decoding=\"async\" width=\"101\" height=\"101\" class=\"wp-image-965\" style=\"width: 35px;vertical-align:middle\" src=\"https:\/\/wiki.kieroplus.com\/wp-content\/uploads\/2025\/11\/Manual_GestionTransporteLocComercio.png\" alt=\"\">.<\/li>\n\n\n\n<li>Cambia entre vista de sat\u00e9lite y de mapa.<\/li>\n\n\n\n<li>Al pulsar en una ubicaci\u00f3n, puedes abrirla desde Google Maps, y ver como llegar a ella.<\/li>\n<\/ol>\n\n\n\n<p>En el mapa interactivo se destacar\u00e1n las \u00e1reas de servicio de tu comercio en un color azulado.<\/p>\n\n\n\n<div class=\"wp-block-group has-global-padding is-layout-constrained wp-container-core-group-is-layout-7db9d80f wp-block-group-is-layout-constrained\" style=\"padding-right:0;padding-left:0\">\n<div class=\"wp-block-group has-global-padding is-layout-constrained wp-container-core-group-is-layout-8dd13e6d wp-block-group-is-layout-constrained\" style=\"padding-right:var(--wp--preset--spacing--60);padding-left:var(--wp--preset--spacing--60)\">\n<div class=\"wp-block-uagb-image uagb-block-a1b8822a wp-block-uagb-image--layout-default wp-block-uagb-image--effect-static wp-block-uagb-image--align-none\"><figure class=\"wp-block-uagb-image__figure\"><img decoding=\"async\"  sizes=\"auto, (max-width: 480px) 150px\" src=\"https:\/\/wiki.kieroplus.com\/wp-content\/uploads\/2025\/11\/Manual_GestionTransporte2-1-484x1024.png\" alt=\"\" width=\"484\" height=\"1024\" title=\"\" loading=\"lazy\" role=\"img\"\/><\/figure><\/div>\n<\/div>\n\n\n\n<p>Adem\u00e1s, al pulsar en un pedido se mostrar\u00e1 (Captura 2):<\/p>\n\n\n\n<ol start=\"5\" class=\"wp-block-list\">\n<li>Detalles del pedido como: Nombre del Cliente, c\u00f3digo de Pedido o Precio.<\/li>\n\n\n\n<li>Fecha programada del pedido y tipo de servicio (en este caso, Domicilio).<\/li>\n\n\n\n<li>Acciones r\u00e1pidas como Finalizar el Pedido.<\/li>\n\n\n\n<li>Tiempo restante del pedido.<\/li>\n\n\n\n<li>Al pulsar sobre <strong>Ver m\u00e1s<\/strong> o a <img loading=\"lazy\" decoding=\"async\" width=\"364\" height=\"107\" class=\"wp-image-966\" style=\"width: 100px;vertical-align:middle\" src=\"https:\/\/wiki.kieroplus.com\/wp-content\/uploads\/2025\/11\/Manual_GestionTransporte_InfoPedido.png\" alt=\"\" srcset=\"https:\/\/wiki.kieroplus.com\/wp-content\/uploads\/2025\/11\/Manual_GestionTransporte_InfoPedido.png 364w, https:\/\/wiki.kieroplus.com\/wp-content\/uploads\/2025\/11\/Manual_GestionTransporte_InfoPedido-300x88.png 300w\" sizes=\"auto, (max-width: 364px) 100vw, 364px\" \/> , podr\u00e1s acceder a <a href=\"https:\/\/wiki.kieroplus.com\/pedidos\/informacion-del-pedido\/\" data-type=\"page\" data-id=\"948\">detalles adicionales<\/a>.<\/li>\n\n\n\n<li>Al pulsar sobre <img loading=\"lazy\" decoding=\"async\" width=\"314\" height=\"107\" class=\"wp-image-967\" style=\"width: 100px;vertical-align:middle\" src=\"https:\/\/wiki.kieroplus.com\/wp-content\/uploads\/2025\/11\/Manual_GestionTransporte_Navegar.png\" alt=\"\" srcset=\"https:\/\/wiki.kieroplus.com\/wp-content\/uploads\/2025\/11\/Manual_GestionTransporte_Navegar.png 314w, https:\/\/wiki.kieroplus.com\/wp-content\/uploads\/2025\/11\/Manual_GestionTransporte_Navegar-300x102.png 300w\" sizes=\"auto, (max-width: 314px) 100vw, 314px\" \/> se visualizar\u00e1 la ruta \u00f3ptima desde tu establecimiento hasta el punto de entrega, lo que facilita la planificaci\u00f3n de las rutas de tus repartidores.<\/li>\n\n\n\n<li>Pulsa sobre <img loading=\"lazy\" decoding=\"async\" width=\"375\" height=\"69\" class=\"wp-image-968\" style=\"width: 100px;vertical-align:middle\" src=\"https:\/\/wiki.kieroplus.com\/wp-content\/uploads\/2025\/11\/Manual_GestionTransporte_Contactar.png\" alt=\"\" srcset=\"https:\/\/wiki.kieroplus.com\/wp-content\/uploads\/2025\/11\/Manual_GestionTransporte_Contactar.png 375w, https:\/\/wiki.kieroplus.com\/wp-content\/uploads\/2025\/11\/Manual_GestionTransporte_Contactar-300x55.png 300w\" sizes=\"auto, (max-width: 375px) 100vw, 375px\" \/> para llamar directamente al cliente desde la aplicaci\u00f3n para cualquier consulta o coordinaci\u00f3n relacionada con la entrega.<br>\u00a1Gestiona tus entregas de forma inteligente y garantiza la satisfacci\u00f3n de tus clientes!<\/li>\n<\/ol>\n<\/div>\n<\/div>\n<\/div>\n<\/div>\n<\/div>\n\n\n\n<hr class=\"wp-block-separator has-text-color has-alpha-channel-opacity has-background is-style-wide\" style=\"margin-top:0;margin-bottom:0;background-color:#d7d7d7;color:#d7d7d7\"\/>\n","protected":false},"excerpt":{"rendered":"<p>Gesti\u00f3n de Transporte Esta secci\u00f3n te proporciona una visi\u00f3n general y detallada de todas tus entregas pendientes, permiti\u00e9ndote realizar un seguimiento preciso y optimizar la gesti\u00f3n de tu servicio de transporte. En el mapa interactivo se destacar\u00e1n las \u00e1reas de servicio de tu comercio en un color azulado. Adem\u00e1s, al pulsar en un pedido se [&hellip;]<\/p>\n","protected":false},"author":2,"featured_media":0,"parent":604,"menu_order":3,"comment_status":"closed","ping_status":"closed","template":"","meta":{"_uag_custom_page_level_css":"","footnotes":""},"class_list":["post-943","page","type-page","status-publish","hentry"],"uagb_featured_image_src":{"full":false,"thumbnail":false,"medium":false,"medium_large":false,"large":false,"1536x1536":false,"2048x2048":false},"uagb_author_info":{"display_name":"Alejandro","author_link":"https:\/\/wiki.kieroplus.com\/wiki-kiero\/author\/alejandro\/"},"uagb_comment_info":0,"uagb_excerpt":"Gesti\u00f3n de Transporte Esta secci\u00f3n te proporciona una visi\u00f3n general y detallada de todas tus entregas pendientes, permiti\u00e9ndote realizar un seguimiento preciso y optimizar la gesti\u00f3n de tu servicio de transporte. En el mapa interactivo se destacar\u00e1n las \u00e1reas de servicio de tu comercio en un color azulado. Adem\u00e1s, al pulsar en un pedido se&hellip;","_links":{"self":[{"href":"https:\/\/wiki.kieroplus.com\/wiki-kiero\/wp-json\/wp\/v2\/pages\/943","targetHints":{"allow":["GET"]}}],"collection":[{"href":"https:\/\/wiki.kieroplus.com\/wiki-kiero\/wp-json\/wp\/v2\/pages"}],"about":[{"href":"https:\/\/wiki.kieroplus.com\/wiki-kiero\/wp-json\/wp\/v2\/types\/page"}],"author":[{"embeddable":true,"href":"https:\/\/wiki.kieroplus.com\/wiki-kiero\/wp-json\/wp\/v2\/users\/2"}],"replies":[{"embeddable":true,"href":"https:\/\/wiki.kieroplus.com\/wiki-kiero\/wp-json\/wp\/v2\/comments?post=943"}],"version-history":[{"count":7,"href":"https:\/\/wiki.kieroplus.com\/wiki-kiero\/wp-json\/wp\/v2\/pages\/943\/revisions"}],"predecessor-version":[{"id":1054,"href":"https:\/\/wiki.kieroplus.com\/wiki-kiero\/wp-json\/wp\/v2\/pages\/943\/revisions\/1054"}],"up":[{"embeddable":true,"href":"https:\/\/wiki.kieroplus.com\/wiki-kiero\/wp-json\/wp\/v2\/pages\/604"}],"wp:attachment":[{"href":"https:\/\/wiki.kieroplus.com\/wiki-kiero\/wp-json\/wp\/v2\/media?parent=943"}],"curies":[{"name":"wp","href":"https:\/\/api.w.org\/{rel}","templated":true}]}}