{"id":932,"date":"2025-11-20T07:51:07","date_gmt":"2025-11-20T07:51:07","guid":{"rendered":"https:\/\/wiki.kieroplus.com\/?page_id=932"},"modified":"2026-01-19T12:48:57","modified_gmt":"2026-01-19T12:48:57","slug":"en-localizacion","status":"publish","type":"page","link":"https:\/\/wiki.kieroplus.com\/wiki-kiero\/pedidos\/en-localizacion\/","title":{"rendered":"En Localizaci\u00f3n"},"content":{"rendered":"\n<hr class=\"wp-block-separator has-text-color has-alpha-channel-opacity has-background is-style-wide\" style=\"margin-top:0;margin-bottom:0;background-color:#d7d7d7;color:#d7d7d7\"\/>\n\n\n\n<div class=\"wp-block-group alignfull has-base-background-color has-background has-global-padding is-layout-constrained wp-container-core-group-is-layout-5fb1f4f9 wp-block-group-is-layout-constrained\" style=\"margin-top:0;margin-bottom:0;padding-top:60px;padding-right:var(--wp--preset--spacing--40);padding-bottom:60px;padding-left:var(--wp--preset--spacing--40)\">\n<div class=\"wp-block-columns alignwide is-layout-flex wp-container-core-columns-is-layout-1da03c2a wp-block-columns-is-layout-flex\">\n<div class=\"wp-block-column is-vertically-aligned-top has-global-padding is-layout-constrained wp-container-core-column-is-layout-dc5f3bcc wp-block-column-is-layout-constrained\" style=\"padding-top:0;padding-right:80px;padding-bottom:0;padding-left:80px;flex-basis:40%\">\n<figure class=\"wp-block-image aligncenter size-large\" id=\"pedidos-en-localizacion\"><img loading=\"lazy\" decoding=\"async\" width=\"484\" height=\"1024\" src=\"https:\/\/wiki.kieroplus.com\/wp-content\/uploads\/2025\/11\/Manual_PedidoLoc-1-484x1024.png\" alt=\"\" class=\"wp-image-952\" srcset=\"https:\/\/wiki.kieroplus.com\/wp-content\/uploads\/2025\/11\/Manual_PedidoLoc-1-484x1024.png 484w, https:\/\/wiki.kieroplus.com\/wp-content\/uploads\/2025\/11\/Manual_PedidoLoc-1-142x300.png 142w, https:\/\/wiki.kieroplus.com\/wp-content\/uploads\/2025\/11\/Manual_PedidoLoc-1-768x1626.png 768w, https:\/\/wiki.kieroplus.com\/wp-content\/uploads\/2025\/11\/Manual_PedidoLoc-1-726x1536.png 726w, https:\/\/wiki.kieroplus.com\/wp-content\/uploads\/2025\/11\/Manual_PedidoLoc-1-967x2048.png 967w, https:\/\/wiki.kieroplus.com\/wp-content\/uploads\/2025\/11\/Manual_PedidoLoc-1.png 1207w\" sizes=\"auto, (max-width: 484px) 100vw, 484px\" \/><\/figure>\n<\/div>\n\n\n\n<div class=\"wp-block-column is-vertically-aligned-stretch is-layout-flow wp-block-column-is-layout-flow\" style=\"flex-basis:100%\">\n<div class=\"wp-block-group is-vertical is-content-justification-stretch is-layout-flex wp-container-core-group-is-layout-8f18a2b3 wp-block-group-is-layout-flex\" style=\"min-height:0%\">\n<h3 class=\"wp-block-heading\">Pedidos En Localizaci\u00f3n<\/h3>\n\n\n\n<p class=\"wp-container-content-0733e5d0\">Esta secci\u00f3n centraliza la gesti\u00f3n de pedidos de productos que requieren atenci\u00f3n o entrega en una ubicaci\u00f3n espec\u00edfica en tu comercio.<\/p>\n\n\n\n<p class=\"wp-container-content-0733e5d0\">\u2022 Informaci\u00f3n visible para cada pedido:<\/p>\n\n\n\n<ol class=\"wp-block-list\">\n<li>Nombre del cliente: Identifica r\u00e1pidamente qui\u00e9n ha realizado el pedido.<\/li>\n\n\n\n<li>Tipo de localizaci\u00f3n: Define si el pedido est\u00e1 configurado al introducir la posici\u00f3n manualmente, mediante un QR (en ambos casos se mostrar\u00e1 debajo el c\u00f3digo de localizaci\u00f3n, como por ejemplo, el n\u00famero de mesa), o con alerta (recogiendo el pedido en el mostrador).<\/li>\n\n\n\n<li>Fecha y hora: Conoce la fecha y hora exacta en la que se hizo el pedido.<\/li>\n\n\n\n<li>C\u00f3digo del Pedido: Un identificador \u00fanico para cada pedido, \u00fatil para su seguimiento y gesti\u00f3n.<\/li>\n\n\n\n<li>Precio: Visualiza el importe total del pedido.<\/li>\n\n\n\n<li>Ver m\u00e1s: Pulsa sobre cualquiera de los pedidos que se muestran y acceder\u00e1s a la <a href=\"https:\/\/wiki.kieroplus.com\/pedidos\/informacion-del-pedido\/\" data-type=\"page\" data-id=\"948\">informaci\u00f3n y gesti\u00f3n del pedido<\/a>.<\/li>\n<\/ol>\n\n\n\n<p>El pedido estar\u00e1 rodeado de un marco, dependiendo el color muestra el estado del pedido:<\/p>\n\n\n\n<ul id=\"block-112c7e12-c575-4b29-b57f-38516d8d160c\" class=\"wp-block-list\">\n<li><strong>Gris<\/strong>: Nadie del personal se ha asignado ese pedido de mesa a\u00fan. Es un pedido de localizaci\u00f3n\u00a0sin camarero \/ usuario interno asignado.<\/li>\n\n\n\n<li><strong>Verde<\/strong>: Ya hay alguien del personal asignado\u00a0a ese\u00a0pedido de mesa. La\u00a0mesa\/pedido\u00a0de localizaci\u00f3n tiene\u00a0responsable.<\/li>\n<\/ul>\n\n\n\n<p>Opciones de gesti\u00f3n:<\/p>\n\n\n\n<ol style=\"list-style-type:lower-alpha\" class=\"wp-block-list\">\n<li>Bloquear Usuario: En casos excepcionales, puedes bloquear a un cliente para evitar futuros pedidos.<\/li>\n\n\n\n<li>Archivar Pedido: Guarda el pedido una vez completado o cancelado.<\/li>\n\n\n\n<li>Imprimir ticket: Genera un comprobante para el cliente o tus registros.<\/li>\n<\/ol>\n\n\n\n<p>Pulsa el bot\u00f3n Archivar Servicios para eliminar los pedidos de la lista de Pedidos en Localizaci\u00f3n.<\/p>\n<\/div>\n<\/div>\n<\/div>\n<\/div>\n","protected":false},"excerpt":{"rendered":"<p>Pedidos En Localizaci\u00f3n Esta secci\u00f3n centraliza la gesti\u00f3n de pedidos de productos que requieren atenci\u00f3n o entrega en una ubicaci\u00f3n espec\u00edfica en tu comercio. \u2022 Informaci\u00f3n visible para cada pedido: El pedido estar\u00e1 rodeado de un marco, dependiendo el color muestra el estado del pedido: Opciones de gesti\u00f3n: Pulsa el bot\u00f3n Archivar Servicios para eliminar [&hellip;]<\/p>\n","protected":false},"author":2,"featured_media":0,"parent":604,"menu_order":0,"comment_status":"closed","ping_status":"closed","template":"","meta":{"_uag_custom_page_level_css":"","footnotes":""},"class_list":["post-932","page","type-page","status-publish","hentry"],"uagb_featured_image_src":{"full":false,"thumbnail":false,"medium":false,"medium_large":false,"large":false,"1536x1536":false,"2048x2048":false},"uagb_author_info":{"display_name":"Alejandro","author_link":"https:\/\/wiki.kieroplus.com\/wiki-kiero\/author\/alejandro\/"},"uagb_comment_info":0,"uagb_excerpt":"Pedidos En Localizaci\u00f3n Esta secci\u00f3n centraliza la gesti\u00f3n de pedidos de productos que requieren atenci\u00f3n o entrega en una ubicaci\u00f3n espec\u00edfica en tu comercio. \u2022 Informaci\u00f3n visible para cada pedido: El pedido estar\u00e1 rodeado de un marco, dependiendo el color muestra el estado del pedido: Opciones de gesti\u00f3n: Pulsa el bot\u00f3n Archivar Servicios para eliminar&hellip;","_links":{"self":[{"href":"https:\/\/wiki.kieroplus.com\/wiki-kiero\/wp-json\/wp\/v2\/pages\/932","targetHints":{"allow":["GET"]}}],"collection":[{"href":"https:\/\/wiki.kieroplus.com\/wiki-kiero\/wp-json\/wp\/v2\/pages"}],"about":[{"href":"https:\/\/wiki.kieroplus.com\/wiki-kiero\/wp-json\/wp\/v2\/types\/page"}],"author":[{"embeddable":true,"href":"https:\/\/wiki.kieroplus.com\/wiki-kiero\/wp-json\/wp\/v2\/users\/2"}],"replies":[{"embeddable":true,"href":"https:\/\/wiki.kieroplus.com\/wiki-kiero\/wp-json\/wp\/v2\/comments?post=932"}],"version-history":[{"count":6,"href":"https:\/\/wiki.kieroplus.com\/wiki-kiero\/wp-json\/wp\/v2\/pages\/932\/revisions"}],"predecessor-version":[{"id":1150,"href":"https:\/\/wiki.kieroplus.com\/wiki-kiero\/wp-json\/wp\/v2\/pages\/932\/revisions\/1150"}],"up":[{"embeddable":true,"href":"https:\/\/wiki.kieroplus.com\/wiki-kiero\/wp-json\/wp\/v2\/pages\/604"}],"wp:attachment":[{"href":"https:\/\/wiki.kieroplus.com\/wiki-kiero\/wp-json\/wp\/v2\/media?parent=932"}],"curies":[{"name":"wp","href":"https:\/\/api.w.org\/{rel}","templated":true}]}}