{"id":881,"date":"2025-11-18T07:33:39","date_gmt":"2025-11-18T07:33:39","guid":{"rendered":"https:\/\/wiki.kieroplus.com\/?page_id=881"},"modified":"2025-12-05T12:11:27","modified_gmt":"2025-12-05T12:11:27","slug":"opciones","status":"publish","type":"page","link":"https:\/\/wiki.kieroplus.com\/wiki-kiero\/productos\/opciones\/","title":{"rendered":"Opciones"},"content":{"rendered":"\n<div class=\"wp-block-group alignfull has-base-2-background-color has-background has-global-padding is-layout-constrained wp-container-core-group-is-layout-a9c4655d wp-block-group-is-layout-constrained\" style=\"margin-top:0;margin-bottom:0;padding-top:60px;padding-right:var(--wp--preset--spacing--40);padding-bottom:60px;padding-left:var(--wp--preset--spacing--40)\">\n<div class=\"wp-block-columns alignwide is-layout-flex wp-container-core-columns-is-layout-4b5cfc71 wp-block-columns-is-layout-flex\" style=\"margin-top:0;margin-bottom:0\">\n<div class=\"wp-block-column is-vertically-aligned-stretch order-last is-layout-flow wp-block-column-is-layout-flow\" style=\"flex-basis:100%\">\n<div class=\"wp-block-group is-vertical is-content-justification-stretch is-layout-flex wp-container-core-group-is-layout-8f18a2b3 wp-block-group-is-layout-flex\" style=\"min-height:0%\">\n<p>En el video a continuaci\u00f3n, se muestra con un ejemplo como funcionan, mediante los siguientes pasos:<\/p>\n\n\n\n<h3 class=\"wp-block-heading\"><strong>1. Activar la funci\u00f3n de opciones<\/strong><\/h3>\n\n\n\n<ol class=\"wp-block-list\">\n<li>Durante la creaci\u00f3n o modificaci\u00f3n de un producto, active la funci\u00f3n&nbsp;<strong>Nueva opci\u00f3n<\/strong>.<\/li>\n\n\n\n<li>Esta herramienta permite a\u00f1adir configuraciones avanzadas sin l\u00edmite, incluyendo elementos:\n<ul class=\"wp-block-list\">\n<li>A\u00f1adibles<\/li>\n\n\n\n<li>Retirables<\/li>\n\n\n\n<li>Seleccionables<\/li>\n\n\n\n<li>Gratuitos<\/li>\n\n\n\n<li>Con precio<\/li>\n\n\n\n<li>Obligatorios u opcionales<\/li>\n<\/ul>\n<\/li>\n<\/ol>\n\n\n\n<hr class=\"wp-block-separator has-alpha-channel-opacity\"\/>\n\n\n\n<h3 class=\"wp-block-heading\"><strong>2. Crear y gestionar opciones<\/strong><\/h3>\n\n\n\n<h4 class=\"wp-block-heading\"><strong>2.1 Crear una nueva opci\u00f3n<\/strong><\/h4>\n\n\n\n<ol class=\"wp-block-list\">\n<li>Pulse&nbsp;<strong>Nueva opci\u00f3n<\/strong>&nbsp;para a\u00f1adir una configuraci\u00f3n.<\/li>\n\n\n\n<li>Introduzca el&nbsp;<strong>nombre de la opci\u00f3n<\/strong>&nbsp;(por ejemplo:&nbsp;<em>Elige un color<\/em>).\n<ul class=\"wp-block-list\">\n<li>Puedes introducir la <strong>traducci\u00f3n del nombre de la opci\u00f3n<\/strong> a m\u00faltiples idiomas. En el campo del nombre, pulsa<img loading=\"lazy\" decoding=\"async\" width=\"101\" height=\"85\" class=\"wp-image-1121\" style=\"width: 40px;vertical-align:middle\" src=\"https:\/\/wiki.kieroplus.com\/wp-content\/uploads\/2025\/12\/Icono_Idioma_TextField.png\" alt=\"\">. Ah\u00ed podr\u00e1s introducir el nombre de la opci\u00f3n, no solo a Espa\u00f1ol, sino tambi\u00e9n a Ingl\u00e9s y Catal\u00e1n.<\/li>\n<\/ul>\n<\/li>\n\n\n\n<li>Dentro de la opci\u00f3n, a\u00f1ada elementos mediante el bot\u00f3n&nbsp;<strong>Nuevo elemento<\/strong>.<\/li>\n<\/ol>\n\n\n\n<h4 class=\"wp-block-heading\"><strong>2.2 Configuraci\u00f3n de los elementos<\/strong><\/h4>\n\n\n\n<p>Cada elemento puede incluir:<\/p>\n\n\n\n<ul class=\"wp-block-list\">\n<li><strong>Nombre<\/strong>\n<ul class=\"wp-block-list\">\n<li>Puedes introducir la <strong>traducci\u00f3n del nombre del elemento<\/strong> a m\u00faltiples idiomas. En el campo del nombre, pulsa<img loading=\"lazy\" decoding=\"async\" width=\"101\" height=\"85\" class=\"wp-image-1121\" style=\"width: 40px;vertical-align:middle\" src=\"https:\/\/wiki.kieroplus.com\/wp-content\/uploads\/2025\/12\/Icono_Idioma_TextField.png\" alt=\"\">. Ah\u00ed podr\u00e1s introducir el nombre del elemento, no solo a Espa\u00f1ol, sino tambi\u00e9n a Ingl\u00e9s y Catal\u00e1n.<\/li>\n<\/ul>\n<\/li>\n\n\n\n<li><strong>Imagen<\/strong>&nbsp;(opcional)<\/li>\n\n\n\n<li><strong>Precio adicional<\/strong>&nbsp;(opcional)<\/li>\n<\/ul>\n\n\n\n<p>Los elementos pueden ordenarse manteniendo pulsado y arrastr\u00e1ndolos a la posici\u00f3n deseada.<\/p>\n\n\n\n<hr class=\"wp-block-separator has-alpha-channel-opacity\"\/>\n\n\n\n<h3 class=\"wp-block-heading\"><strong>3. Tipos de selecci\u00f3n<\/strong><\/h3>\n\n\n\n<h4 class=\"wp-block-heading\"><strong>3.1 Selecci\u00f3n \u00fanica<\/strong><\/h4>\n\n\n\n<ul class=\"wp-block-list\">\n<li>Permite que el cliente seleccione&nbsp;<strong>solo un elemento<\/strong>&nbsp;dentro de la opci\u00f3n.<\/li>\n\n\n\n<li>Puede configurarse como:\n<ul class=\"wp-block-list\">\n<li><strong>Obligatoria<\/strong>&nbsp;(el cliente debe seleccionar uno).<\/li>\n\n\n\n<li><strong>Con l\u00edmite m\u00e1ximo de 1<\/strong>.<\/li>\n<\/ul>\n<\/li>\n<\/ul>\n\n\n\n<p>Ejemplo:&nbsp;<em>Elige un color<\/em>.<\/p>\n\n\n\n<h4 class=\"wp-block-heading\"><strong>3.2 Selecci\u00f3n m\u00faltiple<\/strong><\/h4>\n\n\n\n<ul class=\"wp-block-list\">\n<li>Permite seleccionar&nbsp;<strong>varios elementos<\/strong>&nbsp;dentro de la misma opci\u00f3n.<\/li>\n\n\n\n<li>Se puede definir:\n<ul class=\"wp-block-list\">\n<li><strong>M\u00ednimo obligatorio<\/strong>&nbsp;de elementos.<\/li>\n\n\n\n<li><strong>L\u00edmite m\u00e1ximo<\/strong>&nbsp;permitido.<\/li>\n<\/ul>\n<\/li>\n<\/ul>\n\n\n\n<p>Ejemplo:&nbsp;<em>\u00bfCu\u00e1ntos quieres?<\/em><br>\u2192 El cliente debe seleccionar al menos 1 y puede elegir hasta 5.<\/p>\n\n\n\n<h4 class=\"wp-block-heading\"><strong>3.3 Selecci\u00f3n opcional sin l\u00edmites<\/strong><\/h4>\n\n\n\n<ul class=\"wp-block-list\">\n<li>El cliente&nbsp;<strong>no est\u00e1 obligado a seleccionar ning\u00fan elemento<\/strong>.<\/li>\n\n\n\n<li>Si selecciona alguno,&nbsp;<strong>no existe l\u00edmite<\/strong>&nbsp;de cantidad.<\/li>\n<\/ul>\n\n\n\n<p>Ejemplo:&nbsp;<em>A\u00f1adir tambi\u00e9n<\/em>.<\/p>\n\n\n\n<hr class=\"wp-block-separator has-alpha-channel-opacity\"\/>\n\n\n\n<h3 class=\"wp-block-heading\"><strong>4. Ordenaci\u00f3n de opciones y elementos<\/strong><\/h3>\n\n\n\n<ul class=\"wp-block-list\">\n<li>Puede cambiar el orden tanto de las&nbsp;<strong>opciones<\/strong>&nbsp;como de sus&nbsp;<strong>elementos<\/strong>, manteniendo presionado y arrastrando a la nueva posici\u00f3n.<\/li>\n\n\n\n<li>Los cambios se aplican de forma inmediata.<\/li>\n<\/ul>\n\n\n\n<hr class=\"wp-block-separator has-alpha-channel-opacity\"\/>\n\n\n\n<h3 class=\"wp-block-heading\"><strong>5. Opciones avanzadas<\/strong><\/h3>\n\n\n\n<h4 class=\"wp-block-heading\"><strong>5.1 Elementos vinculados<\/strong><\/h4>\n\n\n\n<ul class=\"wp-block-list\">\n<li>Al activar&nbsp;<strong>Elemento vinculado<\/strong>, un elemento se enlaza autom\u00e1ticamente con otros que tengan&nbsp;<strong>el mismo nombre<\/strong>.<\/li>\n\n\n\n<li>Cualquier modificaci\u00f3n posterior aplicada a un elemento vinculado afectar\u00e1 tambi\u00e9n a los dem\u00e1s elementos enlazados.<\/li>\n\n\n\n<li>Esta funci\u00f3n permite mantener par\u00e1metros sincronizados entre productos o configuraciones similares.<\/li>\n<\/ul>\n\n\n\n<h4 class=\"wp-block-heading\"><strong>5.2 Generar elementos<\/strong><\/h4>\n\n\n\n<ul class=\"wp-block-list\">\n<li>Tras configurar los par\u00e1metros de la opci\u00f3n o el elemento, pulse el bot\u00f3n correspondiente para&nbsp;<strong>generar el elemento<\/strong>y a\u00f1adirlo a la opci\u00f3n.<\/li>\n<\/ul>\n\n\n\n<hr class=\"wp-block-separator has-alpha-channel-opacity\"\/>\n\n\n\n<h3 class=\"wp-block-heading\"><strong>6. Flexibilidad de la herramienta<\/strong><\/h3>\n\n\n\n<p>Las opciones permiten crear&nbsp;<strong>decenas de combinaciones posibles<\/strong>, sin l\u00edmites en n\u00famero, estructura o complejidad.<br>\u00dasela para adaptar el producto exactamente a las necesidades del negocio.<\/p>\n<\/div>\n<\/div>\n\n\n\n<div class=\"wp-block-column is-vertically-aligned-top order-first has-global-padding is-layout-constrained wp-container-core-column-is-layout-dc5f3bcc wp-block-column-is-layout-constrained\" style=\"padding-top:0;padding-right:80px;padding-bottom:0;padding-left:80px;flex-basis:40%\">\n<figure class=\"wp-block-video\"><video height=\"2400\" style=\"aspect-ratio: 1080 \/ 2400;\" width=\"1080\" controls poster=\"https:\/\/wiki.kieroplus.com\/wp-content\/uploads\/2025\/11\/Screenshot_2025-11-10-10-43-27-63_bd245694e9f798af1ee34a74d8d9d4da.jpg\" src=\"https:\/\/wiki.kieroplus.com\/wp-content\/uploads\/2025\/11\/Opciones_Video.mp4\"><\/video><\/figure>\n<\/div>\n<\/div>\n<\/div>\n","protected":false},"excerpt":{"rendered":"<p>En el video a continuaci\u00f3n, se muestra con un ejemplo como funcionan, mediante los siguientes pasos: 1. Activar la funci\u00f3n de opciones 2. Crear y gestionar opciones 2.1 Crear una nueva opci\u00f3n 2.2 Configuraci\u00f3n de los elementos Cada elemento puede incluir: Los elementos pueden ordenarse manteniendo pulsado y arrastr\u00e1ndolos a la posici\u00f3n deseada. 3. Tipos [&hellip;]<\/p>\n","protected":false},"author":2,"featured_media":0,"parent":810,"menu_order":9,"comment_status":"closed","ping_status":"closed","template":"","meta":{"_uag_custom_page_level_css":"","footnotes":""},"class_list":["post-881","page","type-page","status-publish","hentry"],"uagb_featured_image_src":{"full":false,"thumbnail":false,"medium":false,"medium_large":false,"large":false,"1536x1536":false,"2048x2048":false},"uagb_author_info":{"display_name":"Alejandro","author_link":"https:\/\/wiki.kieroplus.com\/wiki-kiero\/author\/alejandro\/"},"uagb_comment_info":0,"uagb_excerpt":"En el video a continuaci\u00f3n, se muestra con un ejemplo como funcionan, mediante los siguientes pasos: 1. Activar la funci\u00f3n de opciones 2. Crear y gestionar opciones 2.1 Crear una nueva opci\u00f3n 2.2 Configuraci\u00f3n de los elementos Cada elemento puede incluir: Los elementos pueden ordenarse manteniendo pulsado y arrastr\u00e1ndolos a la posici\u00f3n deseada. 3. Tipos&hellip;","_links":{"self":[{"href":"https:\/\/wiki.kieroplus.com\/wiki-kiero\/wp-json\/wp\/v2\/pages\/881","targetHints":{"allow":["GET"]}}],"collection":[{"href":"https:\/\/wiki.kieroplus.com\/wiki-kiero\/wp-json\/wp\/v2\/pages"}],"about":[{"href":"https:\/\/wiki.kieroplus.com\/wiki-kiero\/wp-json\/wp\/v2\/types\/page"}],"author":[{"embeddable":true,"href":"https:\/\/wiki.kieroplus.com\/wiki-kiero\/wp-json\/wp\/v2\/users\/2"}],"replies":[{"embeddable":true,"href":"https:\/\/wiki.kieroplus.com\/wiki-kiero\/wp-json\/wp\/v2\/comments?post=881"}],"version-history":[{"count":6,"href":"https:\/\/wiki.kieroplus.com\/wiki-kiero\/wp-json\/wp\/v2\/pages\/881\/revisions"}],"predecessor-version":[{"id":1129,"href":"https:\/\/wiki.kieroplus.com\/wiki-kiero\/wp-json\/wp\/v2\/pages\/881\/revisions\/1129"}],"up":[{"embeddable":true,"href":"https:\/\/wiki.kieroplus.com\/wiki-kiero\/wp-json\/wp\/v2\/pages\/810"}],"wp:attachment":[{"href":"https:\/\/wiki.kieroplus.com\/wiki-kiero\/wp-json\/wp\/v2\/media?parent=881"}],"curies":[{"name":"wp","href":"https:\/\/api.w.org\/{rel}","templated":true}]}}