{"id":878,"date":"2025-11-18T07:31:42","date_gmt":"2025-11-18T07:31:42","guid":{"rendered":"https:\/\/wiki.kieroplus.com\/?page_id=878"},"modified":"2025-11-21T11:25:14","modified_gmt":"2025-11-21T11:25:14","slug":"multproductos-y-publicidad","status":"publish","type":"page","link":"https:\/\/wiki.kieroplus.com\/wiki-kiero\/productos\/multproductos-y-publicidad\/","title":{"rendered":"Multproductos y publicidad"},"content":{"rendered":"\n<div class=\"wp-block-group alignfull has-base-2-background-color has-background has-global-padding is-layout-constrained wp-container-core-group-is-layout-a9c4655d wp-block-group-is-layout-constrained\" style=\"margin-top:0;margin-bottom:0;padding-top:60px;padding-right:var(--wp--preset--spacing--40);padding-bottom:60px;padding-left:var(--wp--preset--spacing--40)\">\n<div class=\"wp-block-columns alignwide is-layout-flex wp-container-core-columns-is-layout-4b5cfc71 wp-block-columns-is-layout-flex\" style=\"margin-top:0;margin-bottom:0\">\n<div class=\"wp-block-column is-vertically-aligned-stretch order-last is-layout-flow wp-block-column-is-layout-flow\" style=\"flex-basis:100%\">\n<div class=\"wp-block-group is-vertical is-content-justification-stretch is-layout-flex wp-container-core-group-is-layout-8f18a2b3 wp-block-group-is-layout-flex\" style=\"min-height:0%\">\n<p>En el video a continuaci\u00f3n, se muestra con un ejemplo como funcionan, mediante los siguientes pasos:<\/p>\n\n\n\n<h3 class=\"wp-block-heading\"><strong>Multiproductos y Publicidad<\/strong><\/h3>\n\n\n\n<h4 class=\"wp-block-heading\"><strong>1. Configuraci\u00f3n de un multiproducto<\/strong><\/h4>\n\n\n\n<ol class=\"wp-block-list\">\n<li>Durante la creaci\u00f3n de un producto, active la opci\u00f3n&nbsp;<strong>Multiproducto<\/strong>.<\/li>\n\n\n\n<li>Al activar esta opci\u00f3n, el&nbsp;<strong>precio base<\/strong>&nbsp;dejar\u00e1 de mostrarse.<\/li>\n\n\n\n<li>Utilice la funcionalidad&nbsp;<strong>Opciones<\/strong>&nbsp;para a\u00f1adir los productos que formar\u00e1n parte del multiproducto, junto con sus&nbsp;<strong>precios individuales<\/strong>.<\/li>\n\n\n\n<li>El sistema calcular\u00e1 y mostrar\u00e1 el&nbsp;<strong>precio total<\/strong>&nbsp;en funci\u00f3n de las opciones seleccionadas.<\/li>\n<\/ol>\n\n\n\n<h4 class=\"wp-block-heading\"><strong>2. Vista previa del multiproducto<\/strong><\/h4>\n\n\n\n<ul class=\"wp-block-list\">\n<li>En la vista previa podr\u00e1 observar que no se muestra un precio base \u00fanico.<\/li>\n\n\n\n<li>El precio visible ser\u00e1 el&nbsp;<strong>total acumulado<\/strong>&nbsp;seg\u00fan los productos u opciones elegidos por el cliente.<\/li>\n<\/ul>\n\n\n\n<hr class=\"wp-block-separator has-alpha-channel-opacity\"\/>\n\n\n\n<h3 class=\"wp-block-heading\"><strong>Publicidad<\/strong><\/h3>\n\n\n\n<h4 class=\"wp-block-heading\"><strong>1. Activar un producto como publicidad<\/strong><\/h4>\n\n\n\n<ol class=\"wp-block-list\">\n<li>En la creaci\u00f3n del producto, seleccione la opci\u00f3n&nbsp;<strong>Publicidad<\/strong>.<\/li>\n\n\n\n<li>Esta configuraci\u00f3n permite crear&nbsp;<strong>anuncios<\/strong>&nbsp;personalizados, sin opciones de compra ni precios asociados.<\/li>\n<\/ol>\n\n\n\n<h4 class=\"wp-block-heading\"><strong>2. Contenidos de publicidad<\/strong><\/h4>\n\n\n\n<ul class=\"wp-block-list\">\n<li>Puede a\u00f1adir el contenido que desee (texto, im\u00e1genes, v\u00eddeo) para mostrarlo a los clientes.<\/li>\n\n\n\n<li>Los elementos configurados como publicidad pueden intercalarse con los productos en la parte p\u00fablica para destacar informaci\u00f3n espec\u00edfica.<\/li>\n<\/ul>\n\n\n\n<h4 class=\"wp-block-heading\"><strong>3. Vista previa de publicidad<\/strong><\/h4>\n\n\n\n<p>En la vista previa notar\u00e1 que&nbsp;<strong>no existe opci\u00f3n de a\u00f1adir o comprar<\/strong>, ya que el producto est\u00e1 configurado como un bloque de publicidad informativa.<\/p>\n<\/div>\n<\/div>\n\n\n\n<div class=\"wp-block-column is-vertically-aligned-top order-first has-global-padding is-layout-constrained wp-container-core-column-is-layout-dc5f3bcc wp-block-column-is-layout-constrained\" style=\"padding-top:0;padding-right:80px;padding-bottom:0;padding-left:80px;flex-basis:40%\">\n<figure class=\"wp-block-video\"><video height=\"2400\" style=\"aspect-ratio: 1080 \/ 2400;\" width=\"1080\" controls poster=\"https:\/\/wiki.kieroplus.com\/wp-content\/uploads\/2025\/11\/Screenshot_2025-11-10-10-42-34-57_bd245694e9f798af1ee34a74d8d9d4da.jpg\" src=\"https:\/\/wiki.kieroplus.com\/wp-content\/uploads\/2025\/11\/Multiproductos-y-publicidad1.mp4\"><\/video><\/figure>\n<\/div>\n<\/div>\n<\/div>\n","protected":false},"excerpt":{"rendered":"<p>En el video a continuaci\u00f3n, se muestra con un ejemplo como funcionan, mediante los siguientes pasos: Multiproductos y Publicidad 1. Configuraci\u00f3n de un multiproducto 2. Vista previa del multiproducto Publicidad 1. Activar un producto como publicidad 2. Contenidos de publicidad 3. Vista previa de publicidad En la vista previa notar\u00e1 que&nbsp;no existe opci\u00f3n de a\u00f1adir [&hellip;]<\/p>\n","protected":false},"author":2,"featured_media":0,"parent":810,"menu_order":8,"comment_status":"closed","ping_status":"closed","template":"","meta":{"_uag_custom_page_level_css":"","footnotes":""},"class_list":["post-878","page","type-page","status-publish","hentry"],"uagb_featured_image_src":{"full":false,"thumbnail":false,"medium":false,"medium_large":false,"large":false,"1536x1536":false,"2048x2048":false},"uagb_author_info":{"display_name":"Alejandro","author_link":"https:\/\/wiki.kieroplus.com\/wiki-kiero\/author\/alejandro\/"},"uagb_comment_info":0,"uagb_excerpt":"En el video a continuaci\u00f3n, se muestra con un ejemplo como funcionan, mediante los siguientes pasos: Multiproductos y Publicidad 1. Configuraci\u00f3n de un multiproducto 2. Vista previa del multiproducto Publicidad 1. Activar un producto como publicidad 2. Contenidos de publicidad 3. Vista previa de publicidad En la vista previa notar\u00e1 que&nbsp;no existe opci\u00f3n de a\u00f1adir&hellip;","_links":{"self":[{"href":"https:\/\/wiki.kieroplus.com\/wiki-kiero\/wp-json\/wp\/v2\/pages\/878","targetHints":{"allow":["GET"]}}],"collection":[{"href":"https:\/\/wiki.kieroplus.com\/wiki-kiero\/wp-json\/wp\/v2\/pages"}],"about":[{"href":"https:\/\/wiki.kieroplus.com\/wiki-kiero\/wp-json\/wp\/v2\/types\/page"}],"author":[{"embeddable":true,"href":"https:\/\/wiki.kieroplus.com\/wiki-kiero\/wp-json\/wp\/v2\/users\/2"}],"replies":[{"embeddable":true,"href":"https:\/\/wiki.kieroplus.com\/wiki-kiero\/wp-json\/wp\/v2\/comments?post=878"}],"version-history":[{"count":4,"href":"https:\/\/wiki.kieroplus.com\/wiki-kiero\/wp-json\/wp\/v2\/pages\/878\/revisions"}],"predecessor-version":[{"id":1007,"href":"https:\/\/wiki.kieroplus.com\/wiki-kiero\/wp-json\/wp\/v2\/pages\/878\/revisions\/1007"}],"up":[{"embeddable":true,"href":"https:\/\/wiki.kieroplus.com\/wiki-kiero\/wp-json\/wp\/v2\/pages\/810"}],"wp:attachment":[{"href":"https:\/\/wiki.kieroplus.com\/wiki-kiero\/wp-json\/wp\/v2\/media?parent=878"}],"curies":[{"name":"wp","href":"https:\/\/api.w.org\/{rel}","templated":true}]}}