{"id":870,"date":"2025-11-18T07:13:54","date_gmt":"2025-11-18T07:13:54","guid":{"rendered":"https:\/\/wiki.kieroplus.com\/?page_id=870"},"modified":"2025-11-21T11:24:02","modified_gmt":"2025-11-21T11:24:02","slug":"multiseleccion-de-productos","status":"publish","type":"page","link":"https:\/\/wiki.kieroplus.com\/wiki-kiero\/productos\/multiseleccion-de-productos\/","title":{"rendered":"Multiselecci\u00f3n de productos"},"content":{"rendered":"\n<div class=\"wp-block-group alignfull has-base-2-background-color has-background has-global-padding is-layout-constrained wp-container-core-group-is-layout-a9c4655d wp-block-group-is-layout-constrained\" style=\"margin-top:0;margin-bottom:0;padding-top:60px;padding-right:var(--wp--preset--spacing--40);padding-bottom:60px;padding-left:var(--wp--preset--spacing--40)\">\n<div class=\"wp-block-columns alignwide is-layout-flex wp-container-core-columns-is-layout-4b5cfc71 wp-block-columns-is-layout-flex\" style=\"margin-top:0;margin-bottom:0\">\n<div class=\"wp-block-column is-vertically-aligned-stretch order-last is-layout-flow wp-block-column-is-layout-flow\" style=\"flex-basis:100%\">\n<div class=\"wp-block-group is-vertical is-content-justification-stretch is-layout-flex wp-container-core-group-is-layout-8f18a2b3 wp-block-group-is-layout-flex\" style=\"min-height:0%\">\n<h3 class=\"wp-block-heading is-style-default\"><strong>Multiselecci\u00f3n de productos<\/strong><\/h3>\n\n\n\n<p>En el video a continuaci\u00f3n, se muestra con un ejemplo como funciona, mediante los siguientes pasos:<\/p>\n\n\n\n<h4 class=\"wp-block-heading\"><strong>1. Activar la multiselecci\u00f3n<\/strong><\/h4>\n\n\n\n<ol class=\"wp-block-list\">\n<li>En el listado de productos, localice el icono <img loading=\"lazy\" decoding=\"async\" width=\"112\" height=\"113\" class=\"wp-image-876\" style=\"width: 40px;vertical-align:middle\" src=\"https:\/\/wiki.kieroplus.com\/wp-content\/uploads\/2025\/11\/Manual_Productos_MultiSeleccion.png\" alt=\"\"> situado en la parte superior izquierda.<\/li>\n\n\n\n<li>Pulse el icono para activar el&nbsp;<strong>modo de multiselecci\u00f3n<\/strong>.<\/li>\n<\/ol>\n\n\n\n<h4 class=\"wp-block-heading\"><strong>2. Seleccionar productos<\/strong><\/h4>\n\n\n\n<ul class=\"wp-block-list\">\n<li>Marque los productos sobre los que desee realizar acciones en bloque.<\/li>\n\n\n\n<li>Puede seleccionar tantos productos como sea necesario.<\/li>\n<\/ul>\n\n\n\n<h4 class=\"wp-block-heading\"><strong>3. Acciones disponibles en bloque<\/strong><\/h4>\n\n\n\n<p>Con la multiselecci\u00f3n activa, podr\u00e1 aplicar las siguientes acciones a todos los productos seleccionados:<\/p>\n\n\n\n<ul class=\"wp-block-list\">\n<li><strong>Activar<\/strong><\/li>\n\n\n\n<li><strong>Bloquear temporalmente<\/strong><\/li>\n\n\n\n<li><strong>Marcar como invisibles<\/strong><\/li>\n\n\n\n<li><strong>Enviar a la papelera<\/strong><\/li>\n<\/ul>\n\n\n\n<h4 class=\"wp-block-heading\"><strong>4. Confirmaci\u00f3n de cambios<\/strong><\/h4>\n\n\n\n<p>Confirme la operaci\u00f3n para que los cambios se ejecuten correctamente.<\/p>\n\n\n\n<p>Revise los productos seleccionados y la acci\u00f3n que desea aplicar.<\/p>\n<\/div>\n<\/div>\n\n\n\n<div class=\"wp-block-column is-vertically-aligned-top order-first has-global-padding is-layout-constrained wp-container-core-column-is-layout-dc5f3bcc wp-block-column-is-layout-constrained\" style=\"padding-top:0;padding-right:80px;padding-bottom:0;padding-left:80px;flex-basis:40%\">\n<figure class=\"wp-block-video\"><video height=\"2400\" style=\"aspect-ratio: 1080 \/ 2400;\" width=\"1080\" controls poster=\"https:\/\/wiki.kieroplus.com\/wp-content\/uploads\/2025\/11\/Screenshot_2025-11-10-10-41-57-55_bd245694e9f798af1ee34a74d8d9d4da.jpg\" src=\"https:\/\/wiki.kieroplus.com\/wp-content\/uploads\/2025\/11\/Multi-seleccion-de-productos1.mp4\"><\/video><\/figure>\n<\/div>\n<\/div>\n<\/div>\n","protected":false},"excerpt":{"rendered":"<p>Multiselecci\u00f3n de productos En el video a continuaci\u00f3n, se muestra con un ejemplo como funciona, mediante los siguientes pasos: 1. Activar la multiselecci\u00f3n 2. Seleccionar productos 3. Acciones disponibles en bloque Con la multiselecci\u00f3n activa, podr\u00e1 aplicar las siguientes acciones a todos los productos seleccionados: 4. Confirmaci\u00f3n de cambios Confirme la operaci\u00f3n para que los [&hellip;]<\/p>\n","protected":false},"author":2,"featured_media":0,"parent":810,"menu_order":7,"comment_status":"closed","ping_status":"closed","template":"","meta":{"_uag_custom_page_level_css":"","footnotes":""},"class_list":["post-870","page","type-page","status-publish","hentry"],"uagb_featured_image_src":{"full":false,"thumbnail":false,"medium":false,"medium_large":false,"large":false,"1536x1536":false,"2048x2048":false},"uagb_author_info":{"display_name":"Alejandro","author_link":"https:\/\/wiki.kieroplus.com\/wiki-kiero\/author\/alejandro\/"},"uagb_comment_info":0,"uagb_excerpt":"Multiselecci\u00f3n de productos En el video a continuaci\u00f3n, se muestra con un ejemplo como funciona, mediante los siguientes pasos: 1. Activar la multiselecci\u00f3n 2. Seleccionar productos 3. Acciones disponibles en bloque Con la multiselecci\u00f3n activa, podr\u00e1 aplicar las siguientes acciones a todos los productos seleccionados: 4. Confirmaci\u00f3n de cambios Confirme la operaci\u00f3n para que los&hellip;","_links":{"self":[{"href":"https:\/\/wiki.kieroplus.com\/wiki-kiero\/wp-json\/wp\/v2\/pages\/870","targetHints":{"allow":["GET"]}}],"collection":[{"href":"https:\/\/wiki.kieroplus.com\/wiki-kiero\/wp-json\/wp\/v2\/pages"}],"about":[{"href":"https:\/\/wiki.kieroplus.com\/wiki-kiero\/wp-json\/wp\/v2\/types\/page"}],"author":[{"embeddable":true,"href":"https:\/\/wiki.kieroplus.com\/wiki-kiero\/wp-json\/wp\/v2\/users\/2"}],"replies":[{"embeddable":true,"href":"https:\/\/wiki.kieroplus.com\/wiki-kiero\/wp-json\/wp\/v2\/comments?post=870"}],"version-history":[{"count":4,"href":"https:\/\/wiki.kieroplus.com\/wiki-kiero\/wp-json\/wp\/v2\/pages\/870\/revisions"}],"predecessor-version":[{"id":1005,"href":"https:\/\/wiki.kieroplus.com\/wiki-kiero\/wp-json\/wp\/v2\/pages\/870\/revisions\/1005"}],"up":[{"embeddable":true,"href":"https:\/\/wiki.kieroplus.com\/wiki-kiero\/wp-json\/wp\/v2\/pages\/810"}],"wp:attachment":[{"href":"https:\/\/wiki.kieroplus.com\/wiki-kiero\/wp-json\/wp\/v2\/media?parent=870"}],"curies":[{"name":"wp","href":"https:\/\/api.w.org\/{rel}","templated":true}]}}