{"id":867,"date":"2025-11-17T12:46:19","date_gmt":"2025-11-17T12:46:19","guid":{"rendered":"https:\/\/wiki.kieroplus.com\/?page_id=867"},"modified":"2025-11-21T11:23:25","modified_gmt":"2025-11-21T11:23:25","slug":"modo-de-visualizacion-de-los-productos","status":"publish","type":"page","link":"https:\/\/wiki.kieroplus.com\/wiki-kiero\/productos\/modo-de-visualizacion-de-los-productos\/","title":{"rendered":"Modo de visualizaci\u00f3n de los productos"},"content":{"rendered":"\n<div class=\"wp-block-group alignfull has-base-2-background-color has-background has-global-padding is-layout-constrained wp-container-core-group-is-layout-a9c4655d wp-block-group-is-layout-constrained\" style=\"margin-top:0;margin-bottom:0;padding-top:60px;padding-right:var(--wp--preset--spacing--40);padding-bottom:60px;padding-left:var(--wp--preset--spacing--40)\">\n<div class=\"wp-block-columns alignwide is-layout-flex wp-container-core-columns-is-layout-4b5cfc71 wp-block-columns-is-layout-flex\" style=\"margin-top:0;margin-bottom:0\">\n<div class=\"wp-block-column is-vertically-aligned-stretch order-last is-layout-flow wp-block-column-is-layout-flow\" style=\"flex-basis:100%\">\n<div class=\"wp-block-group is-vertical is-content-justification-stretch is-layout-flex wp-container-core-group-is-layout-8f18a2b3 wp-block-group-is-layout-flex\" style=\"min-height:0%\">\n<h3 class=\"wp-block-heading is-style-default\"><strong>Modo de visualizaci\u00f3n de los productos<\/strong><\/h3>\n\n\n\n<p>En el video a continuaci\u00f3n, se muestra con un ejemplo como funciona, mediante los siguientes pasos:<\/p>\n\n\n\n<h4 class=\"wp-block-heading\"><strong>1. Acceder a las opciones de visualizaci\u00f3n<\/strong><\/h4>\n\n\n\n<ol class=\"wp-block-list\">\n<li>Abra el men\u00fa&nbsp;<strong>Productos<\/strong>.<\/li>\n\n\n\n<li>Pulse el \u00edcono&nbsp;<strong>\u205d<\/strong>&nbsp;situado en la parte inferior derecha.<\/li>\n\n\n\n<li>En el men\u00fa desplegado, seleccione&nbsp;<strong>Visualizaci\u00f3n<\/strong>.<\/li>\n<\/ol>\n\n\n\n<h4 class=\"wp-block-heading\"><strong>2. Selecci\u00f3n del formato de visualizaci\u00f3n<\/strong><\/h4>\n\n\n\n<ol class=\"wp-block-list\">\n<li>Elija el&nbsp;<strong>formato de visualizaci\u00f3n<\/strong>&nbsp;que desea mostrar en la parte p\u00fablica.<\/li>\n\n\n\n<li>Puede seleccionar entre las diferentes opciones disponibles seg\u00fan el estilo deseado.<\/li>\n<\/ol>\n\n\n\n<h4 class=\"wp-block-heading\"><strong>3. Aplicar los cambios<\/strong><\/h4>\n\n\n\n<p>Los cambios se aplicar\u00e1n y ser\u00e1n visibles para los clientes de forma inmediata.<\/p>\n\n\n\n<p>Una vez seleccionado el formato, pulse&nbsp;<strong>Guardar<\/strong>.<\/p>\n<\/div>\n<\/div>\n\n\n\n<div class=\"wp-block-column is-vertically-aligned-top order-first has-global-padding is-layout-constrained wp-container-core-column-is-layout-dc5f3bcc wp-block-column-is-layout-constrained\" style=\"padding-top:0;padding-right:80px;padding-bottom:0;padding-left:80px;flex-basis:40%\">\n<figure class=\"wp-block-video\"><video height=\"2400\" style=\"aspect-ratio: 1080 \/ 2400;\" width=\"1080\" controls poster=\"https:\/\/wiki.kieroplus.com\/wp-content\/uploads\/2025\/11\/Screenshot_2025-11-10-10-41-36-17_bd245694e9f798af1ee34a74d8d9d4da.jpg\" src=\"https:\/\/wiki.kieroplus.com\/wp-content\/uploads\/2025\/11\/Modo-de-visualizacion-de-productos_Video.mp4\"><\/video><\/figure>\n<\/div>\n<\/div>\n<\/div>\n","protected":false},"excerpt":{"rendered":"<p>Modo de visualizaci\u00f3n de los productos En el video a continuaci\u00f3n, se muestra con un ejemplo como funciona, mediante los siguientes pasos: 1. Acceder a las opciones de visualizaci\u00f3n 2. Selecci\u00f3n del formato de visualizaci\u00f3n 3. Aplicar los cambios Los cambios se aplicar\u00e1n y ser\u00e1n visibles para los clientes de forma inmediata. Una vez seleccionado [&hellip;]<\/p>\n","protected":false},"author":2,"featured_media":0,"parent":810,"menu_order":6,"comment_status":"closed","ping_status":"closed","template":"","meta":{"_uag_custom_page_level_css":"","footnotes":""},"class_list":["post-867","page","type-page","status-publish","hentry"],"uagb_featured_image_src":{"full":false,"thumbnail":false,"medium":false,"medium_large":false,"large":false,"1536x1536":false,"2048x2048":false},"uagb_author_info":{"display_name":"Alejandro","author_link":"https:\/\/wiki.kieroplus.com\/wiki-kiero\/author\/alejandro\/"},"uagb_comment_info":0,"uagb_excerpt":"Modo de visualizaci\u00f3n de los productos En el video a continuaci\u00f3n, se muestra con un ejemplo como funciona, mediante los siguientes pasos: 1. Acceder a las opciones de visualizaci\u00f3n 2. Selecci\u00f3n del formato de visualizaci\u00f3n 3. Aplicar los cambios Los cambios se aplicar\u00e1n y ser\u00e1n visibles para los clientes de forma inmediata. Una vez seleccionado&hellip;","_links":{"self":[{"href":"https:\/\/wiki.kieroplus.com\/wiki-kiero\/wp-json\/wp\/v2\/pages\/867","targetHints":{"allow":["GET"]}}],"collection":[{"href":"https:\/\/wiki.kieroplus.com\/wiki-kiero\/wp-json\/wp\/v2\/pages"}],"about":[{"href":"https:\/\/wiki.kieroplus.com\/wiki-kiero\/wp-json\/wp\/v2\/types\/page"}],"author":[{"embeddable":true,"href":"https:\/\/wiki.kieroplus.com\/wiki-kiero\/wp-json\/wp\/v2\/users\/2"}],"replies":[{"embeddable":true,"href":"https:\/\/wiki.kieroplus.com\/wiki-kiero\/wp-json\/wp\/v2\/comments?post=867"}],"version-history":[{"count":5,"href":"https:\/\/wiki.kieroplus.com\/wiki-kiero\/wp-json\/wp\/v2\/pages\/867\/revisions"}],"predecessor-version":[{"id":1003,"href":"https:\/\/wiki.kieroplus.com\/wiki-kiero\/wp-json\/wp\/v2\/pages\/867\/revisions\/1003"}],"up":[{"embeddable":true,"href":"https:\/\/wiki.kieroplus.com\/wiki-kiero\/wp-json\/wp\/v2\/pages\/810"}],"wp:attachment":[{"href":"https:\/\/wiki.kieroplus.com\/wiki-kiero\/wp-json\/wp\/v2\/media?parent=867"}],"curies":[{"name":"wp","href":"https:\/\/api.w.org\/{rel}","templated":true}]}}