{"id":856,"date":"2025-11-17T12:33:51","date_gmt":"2025-11-17T12:33:51","guid":{"rendered":"https:\/\/wiki.kieroplus.com\/?page_id=856"},"modified":"2025-11-25T09:08:57","modified_gmt":"2025-11-25T09:08:57","slug":"anadir-mas-caracteristicas-al-producto","status":"publish","type":"page","link":"https:\/\/wiki.kieroplus.com\/wiki-kiero\/productos\/anadir-mas-caracteristicas-al-producto\/","title":{"rendered":"A\u00f1adir m\u00e1s caracter\u00edsticas al producto"},"content":{"rendered":"\n<div class=\"wp-block-group alignfull has-base-2-background-color has-background has-global-padding is-layout-constrained wp-container-core-group-is-layout-a9c4655d wp-block-group-is-layout-constrained\" style=\"margin-top:0;margin-bottom:0;padding-top:60px;padding-right:var(--wp--preset--spacing--40);padding-bottom:60px;padding-left:var(--wp--preset--spacing--40)\">\n<div class=\"wp-block-columns alignwide is-layout-flex wp-container-core-columns-is-layout-4b5cfc71 wp-block-columns-is-layout-flex\" style=\"margin-top:0;margin-bottom:0\">\n<div class=\"wp-block-column is-vertically-aligned-stretch order-last is-layout-flow wp-block-column-is-layout-flow\" style=\"flex-basis:100%\">\n<div class=\"wp-block-group is-vertical is-content-justification-stretch is-layout-flex wp-container-core-group-is-layout-8f18a2b3 wp-block-group-is-layout-flex\" style=\"min-height:0%\">\n<h3 class=\"wp-block-heading is-style-default\"><strong>A\u00f1adir m\u00e1s caracter\u00edsticas al producto<\/strong><\/h3>\n\n\n\n<p>En el video a continuaci\u00f3n, se muestra con un ejemplo como funciona, mediante los siguientes pasos:<\/p>\n\n\n\n<h4 class=\"wp-block-heading\"><strong>1. Acceso a las caracter\u00edsticas del producto<\/strong><\/h4>\n\n\n\n<ol class=\"wp-block-list\">\n<li>En la ficha de creaci\u00f3n o edici\u00f3n del producto, localice el bot\u00f3n el bot\u00f3n \u00ab\u22ee\u00bb de la parte superior derecha, y despu\u00e9s a&nbsp;<strong>Visualizar caracter\u00edsticas<\/strong>.<\/li>\n\n\n\n<li>Pulse el bot\u00f3n para mostrar todas las opciones adicionales disponibles.<\/li>\n<\/ol>\n\n\n\n<h4 class=\"wp-block-heading\"><strong>2. Selecci\u00f3n de caracter\u00edsticas<\/strong><\/h4>\n\n\n\n<p>Marque las caracter\u00edsticas que necesite activar para el producto. Cada caracter\u00edstica a\u00f1ade funciones adicionales a la ficha del producto.<\/p>\n\n\n\n<h4 class=\"wp-block-heading\"><strong>3. Descripci\u00f3n del producto<\/strong><\/h4>\n\n\n\n<ul class=\"wp-block-list\">\n<li>Active la opci\u00f3n&nbsp;<strong>Descripci\u00f3n<\/strong>&nbsp;para a\u00f1adir una explicaci\u00f3n detallada del producto.<\/li>\n\n\n\n<li>Esta informaci\u00f3n ser\u00e1 visible para los clientes.<\/li>\n<\/ul>\n\n\n\n<h4 class=\"wp-block-heading\"><strong>4. Intolerancias y al\u00e9rgenos<\/strong><\/h4>\n\n\n\n<ul class=\"wp-block-list\">\n<li>Active&nbsp;<strong>Intolerancias<\/strong>&nbsp;para mostrar los al\u00e9rgenos asociados al producto.<\/li>\n\n\n\n<li>\u00datil para cumplir con requisitos de informaci\u00f3n alimentaria.<\/li>\n<\/ul>\n\n\n\n<h4 class=\"wp-block-heading\"><strong>5. Asignaci\u00f3n de c\u00f3digo<\/strong><\/h4>\n\n\n\n<ul class=\"wp-block-list\">\n<li>Utilice la opci\u00f3n&nbsp;<strong>Asignar c\u00f3digo<\/strong>&nbsp;para vincular un c\u00f3digo identificativo mediante escaneo.<\/li>\n\n\n\n<li>Facilita la b\u00fasqueda tanto para el gerente como para los clientes.<\/li>\n<\/ul>\n\n\n\n<h4 class=\"wp-block-heading\"><strong>6. Restricci\u00f3n por edad<\/strong><\/h4>\n\n\n\n<ul class=\"wp-block-list\">\n<li>Active la opci\u00f3n correspondiente si el producto&nbsp;<strong>no es apto para menores de edad<\/strong>.<\/li>\n\n\n\n<li>El sistema mostrar\u00e1 el aviso adecuado en la visualizaci\u00f3n del cliente.<\/li>\n<\/ul>\n\n\n\n<h4 class=\"wp-block-heading\"><strong>7. Ajustes de servicios<\/strong><\/h4>\n\n\n\n<ul class=\"wp-block-list\">\n<li>Desde\u00a0<strong>Servicios<\/strong>, seleccione en qu\u00e9 servicios debe mostrarse el producto:\n<ul class=\"wp-block-list\">\n<li>Local. Servicio en el comercio.<\/li>\n\n\n\n<li>Recogida.<\/li>\n\n\n\n<li>Env\u00edo: Servicio a domicilio.<\/li>\n<\/ul>\n<\/li>\n\n\n\n<li>Puede activar o desactivar cada servicio seg\u00fan la disponibilidad.<\/li>\n<\/ul>\n\n\n\n<h4 class=\"wp-block-heading\"><strong>8. Opciones del producto<\/strong><\/h4>\n\n\n\n<ul class=\"wp-block-list\">\n<li>Active&nbsp;<strong>Opciones<\/strong>&nbsp;si el producto incluye variantes (tama\u00f1o, color, a\u00f1adibles, seleccionables, etc.).<\/li>\n\n\n\n<li><a href=\"https:\/\/wiki.kieroplus.com\/productos\/opciones\/\" data-type=\"page\" data-id=\"881\">La configuraci\u00f3n detallada de estas opciones se aborda aqu\u00ed<\/a>.<\/li>\n<\/ul>\n<\/div>\n<\/div>\n\n\n\n<div class=\"wp-block-column is-vertically-aligned-top order-first has-global-padding is-layout-constrained wp-container-core-column-is-layout-dc5f3bcc wp-block-column-is-layout-constrained\" style=\"padding-top:0;padding-right:80px;padding-bottom:0;padding-left:80px;flex-basis:40%\">\n<figure class=\"wp-block-video\"><video height=\"2400\" style=\"aspect-ratio: 1080 \/ 2400;\" width=\"1080\" controls poster=\"https:\/\/wiki.kieroplus.com\/wp-content\/uploads\/2025\/11\/Screenshot_2025-11-10-10-41-16-85_bd245694e9f798af1ee34a74d8d9d4da.jpg\" src=\"https:\/\/wiki.kieroplus.com\/wp-content\/uploads\/2025\/11\/Anadir-mas-caracteristicas-al-producto_Video.mp4\"><\/video><\/figure>\n<\/div>\n<\/div>\n<\/div>\n\n\n\n<p><\/p>\n","protected":false},"excerpt":{"rendered":"<p>A\u00f1adir m\u00e1s caracter\u00edsticas al producto En el video a continuaci\u00f3n, se muestra con un ejemplo como funciona, mediante los siguientes pasos: 1. Acceso a las caracter\u00edsticas del producto 2. Selecci\u00f3n de caracter\u00edsticas Marque las caracter\u00edsticas que necesite activar para el producto. Cada caracter\u00edstica a\u00f1ade funciones adicionales a la ficha del producto. 3. Descripci\u00f3n del producto [&hellip;]<\/p>\n","protected":false},"author":2,"featured_media":0,"parent":810,"menu_order":5,"comment_status":"closed","ping_status":"closed","template":"","meta":{"_uag_custom_page_level_css":"","footnotes":""},"class_list":["post-856","page","type-page","status-publish","hentry"],"uagb_featured_image_src":{"full":false,"thumbnail":false,"medium":false,"medium_large":false,"large":false,"1536x1536":false,"2048x2048":false},"uagb_author_info":{"display_name":"Alejandro","author_link":"https:\/\/wiki.kieroplus.com\/wiki-kiero\/author\/alejandro\/"},"uagb_comment_info":0,"uagb_excerpt":"A\u00f1adir m\u00e1s caracter\u00edsticas al producto En el video a continuaci\u00f3n, se muestra con un ejemplo como funciona, mediante los siguientes pasos: 1. Acceso a las caracter\u00edsticas del producto 2. Selecci\u00f3n de caracter\u00edsticas Marque las caracter\u00edsticas que necesite activar para el producto. Cada caracter\u00edstica a\u00f1ade funciones adicionales a la ficha del producto. 3. Descripci\u00f3n del producto&hellip;","_links":{"self":[{"href":"https:\/\/wiki.kieroplus.com\/wiki-kiero\/wp-json\/wp\/v2\/pages\/856","targetHints":{"allow":["GET"]}}],"collection":[{"href":"https:\/\/wiki.kieroplus.com\/wiki-kiero\/wp-json\/wp\/v2\/pages"}],"about":[{"href":"https:\/\/wiki.kieroplus.com\/wiki-kiero\/wp-json\/wp\/v2\/types\/page"}],"author":[{"embeddable":true,"href":"https:\/\/wiki.kieroplus.com\/wiki-kiero\/wp-json\/wp\/v2\/users\/2"}],"replies":[{"embeddable":true,"href":"https:\/\/wiki.kieroplus.com\/wiki-kiero\/wp-json\/wp\/v2\/comments?post=856"}],"version-history":[{"count":7,"href":"https:\/\/wiki.kieroplus.com\/wiki-kiero\/wp-json\/wp\/v2\/pages\/856\/revisions"}],"predecessor-version":[{"id":1020,"href":"https:\/\/wiki.kieroplus.com\/wiki-kiero\/wp-json\/wp\/v2\/pages\/856\/revisions\/1020"}],"up":[{"embeddable":true,"href":"https:\/\/wiki.kieroplus.com\/wiki-kiero\/wp-json\/wp\/v2\/pages\/810"}],"wp:attachment":[{"href":"https:\/\/wiki.kieroplus.com\/wiki-kiero\/wp-json\/wp\/v2\/media?parent=856"}],"curies":[{"name":"wp","href":"https:\/\/api.w.org\/{rel}","templated":true}]}}