{"id":852,"date":"2025-11-17T12:26:39","date_gmt":"2025-11-17T12:26:39","guid":{"rendered":"https:\/\/wiki.kieroplus.com\/?page_id=852"},"modified":"2025-12-05T12:08:59","modified_gmt":"2025-12-05T12:08:59","slug":"clonar-un-producto","status":"publish","type":"page","link":"https:\/\/wiki.kieroplus.com\/wiki-kiero\/productos\/clonar-un-producto\/","title":{"rendered":"Clonar un Producto"},"content":{"rendered":"\n<div class=\"wp-block-group alignfull has-base-2-background-color has-background has-global-padding is-layout-constrained wp-container-core-group-is-layout-a9c4655d wp-block-group-is-layout-constrained\" style=\"margin-top:0;margin-bottom:0;padding-top:60px;padding-right:var(--wp--preset--spacing--40);padding-bottom:60px;padding-left:var(--wp--preset--spacing--40)\">\n<div class=\"wp-block-columns alignwide is-layout-flex wp-container-core-columns-is-layout-4b5cfc71 wp-block-columns-is-layout-flex\" style=\"margin-top:0;margin-bottom:0\">\n<div class=\"wp-block-column is-vertically-aligned-stretch order-last is-layout-flow wp-block-column-is-layout-flow\" style=\"flex-basis:100%\">\n<div class=\"wp-block-group is-vertical is-content-justification-stretch is-layout-flex wp-container-core-group-is-layout-8f18a2b3 wp-block-group-is-layout-flex\" style=\"min-height:0%\">\n<h3 class=\"wp-block-heading is-style-default\"><strong>Clonar un producto<\/strong><\/h3>\n\n\n\n<p>En el video a continuaci\u00f3n, se muestra con un ejemplo como funciona, mediante los siguientes pasos:<\/p>\n\n\n\n<h4 class=\"wp-block-heading\"><strong>1. Descripci\u00f3n de la funcionalidad<\/strong><\/h4>\n\n\n\n<p>La funci\u00f3n&nbsp;<strong>Clonar producto<\/strong>&nbsp;permite duplicar un producto existente junto con toda su configuraci\u00f3n, incluyendo:<\/p>\n\n\n\n<ul class=\"wp-block-list\">\n<li>Estructuras complejas<\/li>\n\n\n\n<li>Seleccionables<\/li>\n\n\n\n<li>A\u00f1adibles<\/li>\n\n\n\n<li>Retirables<\/li>\n\n\n\n<li>Opciones y ajustes personalizados<\/li>\n<\/ul>\n\n\n\n<p>Esta herramienta es especialmente \u00fatil cuando se necesitan crear varios productos con configuraciones similares.<\/p>\n\n\n\n<h4 class=\"wp-block-heading\"><strong>2. Cu\u00e1ndo utilizar la clonaci\u00f3n<\/strong><\/h4>\n\n\n\n<p>Utilice esta opci\u00f3n cuando desee:<\/p>\n\n\n\n<ul class=\"wp-block-list\">\n<li>Reutilizar la estructura de un producto ya configurado<\/li>\n\n\n\n<li>Crear nuevas variantes del mismo producto con cambios m\u00ednimos<\/li>\n\n\n\n<li>Ahorrar tiempo evitando configuraciones repetitivas<\/li>\n<\/ul>\n\n\n\n<h4 class=\"wp-block-heading\"><strong>3. Proceso para clonar un producto<\/strong><\/h4>\n\n\n\n<ol class=\"wp-block-list\">\n<li>Seleccione el producto que desea duplicar.<\/li>\n\n\n\n<li>Acceda al men\u00fa de opciones del producto.<\/li>\n\n\n\n<li>Pulse&nbsp;<strong>Clonar producto<\/strong>.<\/li>\n<\/ol>\n\n\n\n<p>El sistema generar\u00e1 autom\u00e1ticamente una copia completa del producto seleccionado.<\/p>\n\n\n\n<h4 class=\"wp-block-heading\"><strong>4. Ajustes posteriores a la clonaci\u00f3n<\/strong><\/h4>\n\n\n\n<p>Una vez clonado el producto, podr\u00e1 modificar cualquier elemento de manera independiente:<\/p>\n\n\n\n<ul class=\"wp-block-list\">\n<li>Nombre\n<ul class=\"wp-block-list\">\n<li>Puedes introducir la <strong>traducci\u00f3n del nombre del producto<\/strong> a m\u00faltiples idiomas. En el campo del nombre, pulsa<img loading=\"lazy\" decoding=\"async\" width=\"101\" height=\"85\" class=\"wp-image-1121\" style=\"width: 40px;vertical-align:middle\" src=\"https:\/\/wiki.kieroplus.com\/wp-content\/uploads\/2025\/12\/Icono_Idioma_TextField.png\" alt=\"\">. Ah\u00ed podr\u00e1s introducir el nombre del producto, no solo a Espa\u00f1ol, sino tambi\u00e9n a Ingl\u00e9s y Catal\u00e1n.<\/li>\n<\/ul>\n<\/li>\n\n\n\n<li>Im\u00e1genes o v\u00eddeo<\/li>\n\n\n\n<li>Precio<\/li>\n\n\n\n<li>Opciones y caracter\u00edsticas<\/li>\n\n\n\n<li>Categor\u00edas<\/li>\n\n\n\n<li>Estructuras de seleccionables<\/li>\n<\/ul>\n\n\n\n<p>Cada copia funciona como un producto nuevo y totalmente independiente.<\/p>\n\n\n\n<h4 class=\"wp-block-heading\"><strong>5. Guardar cambios<\/strong><\/h4>\n\n\n\n<p>Tras realizar los ajustes necesarios:<\/p>\n\n\n\n<ol class=\"wp-block-list\">\n<li>Revise la informaci\u00f3n del nuevo producto.<\/li>\n\n\n\n<li>Pulse&nbsp;<strong>Guardar<\/strong>&nbsp;para confirmar la creaci\u00f3n.<\/li>\n<\/ol>\n\n\n\n<p>Guardar es imprescindible para que la clonaci\u00f3n se aplique correctamente.<\/p>\n<\/div>\n<\/div>\n\n\n\n<div class=\"wp-block-column is-vertically-aligned-top order-first has-global-padding is-layout-constrained wp-container-core-column-is-layout-dc5f3bcc wp-block-column-is-layout-constrained\" style=\"padding-top:0;padding-right:80px;padding-bottom:0;padding-left:80px;flex-basis:40%\">\n<figure class=\"wp-block-video\"><video height=\"2400\" style=\"aspect-ratio: 1080 \/ 2400;\" width=\"1080\" controls poster=\"https:\/\/wiki.kieroplus.com\/wp-content\/uploads\/2025\/11\/Screenshot_2025-11-10-10-40-30-47_bd245694e9f798af1ee34a74d8d9d4da.jpg\" src=\"https:\/\/wiki.kieroplus.com\/wp-content\/uploads\/2025\/11\/Clonar-un-producto_Video.mp4\"><\/video><\/figure>\n<\/div>\n<\/div>\n<\/div>\n","protected":false},"excerpt":{"rendered":"<p>Clonar un producto En el video a continuaci\u00f3n, se muestra con un ejemplo como funciona, mediante los siguientes pasos: 1. Descripci\u00f3n de la funcionalidad La funci\u00f3n&nbsp;Clonar producto&nbsp;permite duplicar un producto existente junto con toda su configuraci\u00f3n, incluyendo: Esta herramienta es especialmente \u00fatil cuando se necesitan crear varios productos con configuraciones similares. 2. Cu\u00e1ndo utilizar la [&hellip;]<\/p>\n","protected":false},"author":2,"featured_media":0,"parent":810,"menu_order":3,"comment_status":"closed","ping_status":"closed","template":"","meta":{"_uag_custom_page_level_css":"","footnotes":""},"class_list":["post-852","page","type-page","status-publish","hentry"],"uagb_featured_image_src":{"full":false,"thumbnail":false,"medium":false,"medium_large":false,"large":false,"1536x1536":false,"2048x2048":false},"uagb_author_info":{"display_name":"Alejandro","author_link":"https:\/\/wiki.kieroplus.com\/wiki-kiero\/author\/alejandro\/"},"uagb_comment_info":0,"uagb_excerpt":"Clonar un producto En el video a continuaci\u00f3n, se muestra con un ejemplo como funciona, mediante los siguientes pasos: 1. Descripci\u00f3n de la funcionalidad La funci\u00f3n&nbsp;Clonar producto&nbsp;permite duplicar un producto existente junto con toda su configuraci\u00f3n, incluyendo: Esta herramienta es especialmente \u00fatil cuando se necesitan crear varios productos con configuraciones similares. 2. Cu\u00e1ndo utilizar la&hellip;","_links":{"self":[{"href":"https:\/\/wiki.kieroplus.com\/wiki-kiero\/wp-json\/wp\/v2\/pages\/852","targetHints":{"allow":["GET"]}}],"collection":[{"href":"https:\/\/wiki.kieroplus.com\/wiki-kiero\/wp-json\/wp\/v2\/pages"}],"about":[{"href":"https:\/\/wiki.kieroplus.com\/wiki-kiero\/wp-json\/wp\/v2\/types\/page"}],"author":[{"embeddable":true,"href":"https:\/\/wiki.kieroplus.com\/wiki-kiero\/wp-json\/wp\/v2\/users\/2"}],"replies":[{"embeddable":true,"href":"https:\/\/wiki.kieroplus.com\/wiki-kiero\/wp-json\/wp\/v2\/comments?post=852"}],"version-history":[{"count":5,"href":"https:\/\/wiki.kieroplus.com\/wiki-kiero\/wp-json\/wp\/v2\/pages\/852\/revisions"}],"predecessor-version":[{"id":1126,"href":"https:\/\/wiki.kieroplus.com\/wiki-kiero\/wp-json\/wp\/v2\/pages\/852\/revisions\/1126"}],"up":[{"embeddable":true,"href":"https:\/\/wiki.kieroplus.com\/wiki-kiero\/wp-json\/wp\/v2\/pages\/810"}],"wp:attachment":[{"href":"https:\/\/wiki.kieroplus.com\/wiki-kiero\/wp-json\/wp\/v2\/media?parent=852"}],"curies":[{"name":"wp","href":"https:\/\/api.w.org\/{rel}","templated":true}]}}