{"id":827,"date":"2025-11-17T11:39:25","date_gmt":"2025-11-17T11:39:25","guid":{"rendered":"https:\/\/wiki.kieroplus.com\/?page_id=827"},"modified":"2026-01-16T10:27:35","modified_gmt":"2026-01-16T10:27:35","slug":"productos-en-la-lista","status":"publish","type":"page","link":"https:\/\/wiki.kieroplus.com\/wiki-kiero\/productos\/productos-en-la-lista\/","title":{"rendered":"Productos en la Lista"},"content":{"rendered":"\n<div class=\"wp-block-group alignfull has-base-2-background-color has-background has-global-padding is-layout-constrained wp-container-core-group-is-layout-a9c4655d wp-block-group-is-layout-constrained\" style=\"margin-top:0;margin-bottom:0;padding-top:60px;padding-right:var(--wp--preset--spacing--40);padding-bottom:60px;padding-left:var(--wp--preset--spacing--40)\">\n<div class=\"wp-block-columns alignwide is-layout-flex wp-container-core-columns-is-layout-4b5cfc71 wp-block-columns-is-layout-flex\" style=\"margin-top:0;margin-bottom:0\">\n<div class=\"wp-block-column is-vertically-aligned-stretch order-last is-layout-flow wp-block-column-is-layout-flow\" style=\"flex-basis:100%\">\n<div class=\"wp-block-group is-vertical is-content-justification-stretch is-layout-flex wp-container-core-group-is-layout-8f18a2b3 wp-block-group-is-layout-flex\" style=\"min-height:0%\">\n<h3 class=\"wp-block-heading is-style-default\"><strong>Informaci\u00f3n de productos en la lista<\/strong><\/h3>\n\n\n\n<p>En el video a continuaci\u00f3n, se muestra con un ejemplo como funcionan, mediante los siguientes pasos:<\/p>\n\n\n\n<h4 class=\"wp-block-heading\"><strong>1. Iconos informativos bajo cada producto<\/strong><\/h4>\n\n\n\n<p>En la parte inferior de cada producto se muestran diversos iconos que indican su configuraci\u00f3n. Entre ellos se encuentran:<\/p>\n\n\n\n<ul class=\"wp-block-list\">\n<li><strong>Visibilidad p\u00fablica<\/strong>: indica si el producto es visible para los clientes (<img loading=\"lazy\" decoding=\"async\" width=\"86\" height=\"86\" class=\"wp-image-833\" style=\"width: 30px;vertical-align:middle\" src=\"https:\/\/wiki.kieroplus.com\/wp-content\/uploads\/2025\/11\/Manual_Productos_Visible.png\" alt=\"\">), o no (<img loading=\"lazy\" decoding=\"async\" width=\"86\" height=\"86\" class=\"wp-image-834\" style=\"width: 30px;vertical-align:middle\" src=\"https:\/\/wiki.kieroplus.com\/wp-content\/uploads\/2025\/11\/Manual_Productos_VisibleNo.png\" alt=\"\">).<\/li>\n\n\n\n<li><strong>Tipo de producto<\/strong>: especifica que el producto est\u00e1 configurado para venderse por unidades (<img loading=\"lazy\" decoding=\"async\" width=\"145\" height=\"86\" class=\"wp-image-835\" style=\"width: 50px;vertical-align:middle\" src=\"https:\/\/wiki.kieroplus.com\/wp-content\/uploads\/2025\/11\/Manual_Productos_Unidades.png\" alt=\"\">), por peso (<img loading=\"lazy\" decoding=\"async\" width=\"142\" height=\"86\" class=\"wp-image-836\" style=\"width: 50px;vertical-align:middle\" src=\"https:\/\/wiki.kieroplus.com\/wp-content\/uploads\/2025\/11\/Manual_Productos_Peso.png\" alt=\"\">), si es publicidad (<img loading=\"lazy\" decoding=\"async\" width=\"157\" height=\"86\" class=\"wp-image-837\" style=\"width: 50px;vertical-align:middle\" src=\"https:\/\/wiki.kieroplus.com\/wp-content\/uploads\/2025\/11\/Manual_Productos_Publicidad.png\" alt=\"\">) o multiproducto (<img loading=\"lazy\" decoding=\"async\" width=\"167\" height=\"86\" class=\"wp-image-838\" style=\"width: 50px;vertical-align:middle\" src=\"https:\/\/wiki.kieroplus.com\/wp-content\/uploads\/2025\/11\/Manual_Productos_Multi.png\" alt=\"\">).<\/li>\n\n\n\n<li><strong>N\u00famero de categor\u00edas<\/strong>: muestra cu\u00e1ntas categor\u00edas contienen ese producto (por ejemplo, <img loading=\"lazy\" decoding=\"async\" width=\"107\" height=\"86\" class=\"wp-image-839\" style=\"width: 40px;vertical-align:middle\" src=\"https:\/\/wiki.kieroplus.com\/wp-content\/uploads\/2025\/11\/Manual_Productos_Categorias.png\" alt=\"\">).<\/li>\n\n\n\n<li><strong>Opciones disponibles<\/strong>: indica si el producto cuenta con opciones asociadas (por ejemplo, <img loading=\"lazy\" decoding=\"async\" width=\"107\" height=\"86\" class=\"wp-image-840\" style=\"width: 40px;vertical-align:middle\" src=\"https:\/\/wiki.kieroplus.com\/wp-content\/uploads\/2025\/11\/Manual_Productos_Opciones.png\" alt=\"\">).<\/li>\n\n\n\n<li><strong>Restricci\u00f3n de edad<\/strong>: se\u00f1ala que el producto requiere ser adquirido por mayores de 18 a\u00f1os (<img loading=\"lazy\" decoding=\"async\" width=\"150\" height=\"86\" class=\"wp-image-841\" style=\"width: 50px;vertical-align:middle\" src=\"https:\/\/wiki.kieroplus.com\/wp-content\/uploads\/2025\/11\/Manual_Productos18.png\" alt=\"\">).<\/li>\n\n\n\n<li><strong>Al\u00e9rgenos<\/strong>: muestra la cantidad de al\u00e9rgenos asociados al producto (por ejemplo, <img loading=\"lazy\" decoding=\"async\" width=\"108\" height=\"86\" class=\"wp-image-842\" style=\"width: 40px;vertical-align:middle\" src=\"https:\/\/wiki.kieroplus.com\/wp-content\/uploads\/2025\/11\/Manual_Productos_Intolerancias.png\" alt=\"\">). <\/li>\n<\/ul>\n\n\n\n<h4 class=\"wp-block-heading\"><strong>2. Informaci\u00f3n en el lateral derecho<\/strong><\/h4>\n\n\n\n<p>En el lateral derecho del producto se visualizan los&nbsp;<strong>servicios  activados y desactivados<\/strong>. <\/p>\n\n\n\n<p>Los servicios activados se muestra en gris oscuro, los desactivados, en un gris m\u00e1s claro.<\/p>\n\n\n\n<p>Muestra si el producto esta disponible en:<\/p>\n\n\n\n<ol class=\"wp-block-list\">\n<li>Servicio de Localizaci\u00f3n (<img loading=\"lazy\" decoding=\"async\" width=\"53\" height=\"43\" class=\"wp-image-843\" style=\"width: 35px;vertical-align:middle\" src=\"https:\/\/wiki.kieroplus.com\/wp-content\/uploads\/2025\/11\/Manual_Productos_ServicioLocal.png\" alt=\"\">).<\/li>\n\n\n\n<li>Servicio de Recogida (<img loading=\"lazy\" decoding=\"async\" width=\"43\" height=\"53\" class=\"wp-image-844\" style=\"width: 35px;vertical-align:middle\" src=\"https:\/\/wiki.kieroplus.com\/wp-content\/uploads\/2025\/11\/Manual_Productos_ServicioRecogidal.png\" alt=\"\">).<\/li>\n\n\n\n<li>Servicio a Domicilio (<img loading=\"lazy\" decoding=\"async\" width=\"35\" height=\"26\" class=\"wp-image-845\" style=\"width: 35px;\" src=\"https:\/\/wiki.kieroplus.com\/wp-content\/uploads\/2025\/11\/Manual_Productos_ServicioDomicilio.png\" alt=\"\">).<\/li>\n<\/ol>\n\n\n\n<h4 class=\"wp-block-heading\"><strong>3. Reordenar productos<\/strong><\/h4>\n\n\n\n<p>Para modificar la posici\u00f3n de un producto dentro de la lista:<\/p>\n\n\n\n<ol class=\"wp-block-list\">\n<li>Mantenga presionado el producto que desea mover.<\/li>\n\n\n\n<li>Arr\u00e1strelo hasta la nueva posici\u00f3n deseada.<\/li>\n<\/ol>\n\n\n\n<p>Los cambios se aplican de forma inmediata.<\/p>\n\n\n\n<h4 class=\"wp-block-heading\"><strong>4. Indicadores de estado por color del borde<\/strong><\/h4>\n\n\n\n<p>El color del borde de cada producto indica su estado:<\/p>\n\n\n\n<p><strong>Rojo<\/strong>: producto invisible.<\/p>\n\n\n\n<p><strong>Sin color<\/strong>: producto activo y visible.<\/p>\n\n\n\n<p><strong>Naranja<\/strong>: producto bloqueado temporalmente.<\/p>\n\n\n\n<h4 class=\"wp-block-heading\"><strong>5. Edici\u00f3n r\u00e1pida de una categor\u00eda<\/strong><\/h4>\n\n\n\n<p id=\"editar-categorias-lista-productos\"><strong>IMPORTANTE: <\/strong>Para editar el nombre u otros datos de cualquier categor\u00eda (como visibilidad o d\u00edas de la semana activos) ya creada desde el listado de productos, pulsa sobre el <img loading=\"lazy\" decoding=\"async\" width=\"28\" height=\"24\" class=\"wp-image-1134\" style=\"width: 40px;vertical-align:middle\" src=\"https:\/\/wiki.kieroplus.com\/wp-content\/uploads\/2026\/01\/Nombre-Categoria.png\" alt=\"\">que hay junto a la categor\u00eda, en la parte superior (en el ejemplo del video, se pulsar\u00eda donde aparece <img loading=\"lazy\" decoding=\"async\" width=\"139\" height=\"28\" class=\"wp-image-1141\" style=\"width: 160px;vertical-align:middle\" src=\"https:\/\/wiki.kieroplus.com\/wp-content\/uploads\/2026\/01\/CapturaCat.png\" alt=\"\">).<\/p>\n<\/div>\n<\/div>\n\n\n\n<div class=\"wp-block-column is-vertically-aligned-top order-first has-global-padding is-layout-constrained wp-container-core-column-is-layout-dc5f3bcc wp-block-column-is-layout-constrained\" style=\"padding-top:0;padding-right:80px;padding-bottom:0;padding-left:80px;flex-basis:40%\">\n<figure class=\"wp-block-video\"><video height=\"2400\" style=\"aspect-ratio: 1080 \/ 2400;\" width=\"1080\" controls poster=\"https:\/\/wiki.kieroplus.com\/wp-content\/uploads\/2025\/11\/Screenshot_2025-11-10-10-40-07-71_bd245694e9f798af1ee34a74d8d9d4da.jpg\" src=\"https:\/\/wiki.kieroplus.com\/wp-content\/uploads\/2025\/11\/Productos-en-la-lista_Video.mp4\"><\/video><\/figure>\n<\/div>\n<\/div>\n<\/div>\n","protected":false},"excerpt":{"rendered":"<p>Informaci\u00f3n de productos en la lista En el video a continuaci\u00f3n, se muestra con un ejemplo como funcionan, mediante los siguientes pasos: 1. Iconos informativos bajo cada producto En la parte inferior de cada producto se muestran diversos iconos que indican su configuraci\u00f3n. Entre ellos se encuentran: 2. Informaci\u00f3n en el lateral derecho En el [&hellip;]<\/p>\n","protected":false},"author":2,"featured_media":0,"parent":810,"menu_order":1,"comment_status":"closed","ping_status":"closed","template":"","meta":{"_uag_custom_page_level_css":"","footnotes":""},"class_list":["post-827","page","type-page","status-publish","hentry"],"uagb_featured_image_src":{"full":false,"thumbnail":false,"medium":false,"medium_large":false,"large":false,"1536x1536":false,"2048x2048":false},"uagb_author_info":{"display_name":"Alejandro","author_link":"https:\/\/wiki.kieroplus.com\/wiki-kiero\/author\/alejandro\/"},"uagb_comment_info":0,"uagb_excerpt":"Informaci\u00f3n de productos en la lista En el video a continuaci\u00f3n, se muestra con un ejemplo como funcionan, mediante los siguientes pasos: 1. Iconos informativos bajo cada producto En la parte inferior de cada producto se muestran diversos iconos que indican su configuraci\u00f3n. Entre ellos se encuentran: 2. Informaci\u00f3n en el lateral derecho En el&hellip;","_links":{"self":[{"href":"https:\/\/wiki.kieroplus.com\/wiki-kiero\/wp-json\/wp\/v2\/pages\/827","targetHints":{"allow":["GET"]}}],"collection":[{"href":"https:\/\/wiki.kieroplus.com\/wiki-kiero\/wp-json\/wp\/v2\/pages"}],"about":[{"href":"https:\/\/wiki.kieroplus.com\/wiki-kiero\/wp-json\/wp\/v2\/types\/page"}],"author":[{"embeddable":true,"href":"https:\/\/wiki.kieroplus.com\/wiki-kiero\/wp-json\/wp\/v2\/users\/2"}],"replies":[{"embeddable":true,"href":"https:\/\/wiki.kieroplus.com\/wiki-kiero\/wp-json\/wp\/v2\/comments?post=827"}],"version-history":[{"count":8,"href":"https:\/\/wiki.kieroplus.com\/wiki-kiero\/wp-json\/wp\/v2\/pages\/827\/revisions"}],"predecessor-version":[{"id":1145,"href":"https:\/\/wiki.kieroplus.com\/wiki-kiero\/wp-json\/wp\/v2\/pages\/827\/revisions\/1145"}],"up":[{"embeddable":true,"href":"https:\/\/wiki.kieroplus.com\/wiki-kiero\/wp-json\/wp\/v2\/pages\/810"}],"wp:attachment":[{"href":"https:\/\/wiki.kieroplus.com\/wiki-kiero\/wp-json\/wp\/v2\/media?parent=827"}],"curies":[{"name":"wp","href":"https:\/\/api.w.org\/{rel}","templated":true}]}}