{"id":815,"date":"2025-11-17T10:42:59","date_gmt":"2025-11-17T10:42:59","guid":{"rendered":"https:\/\/wiki.kieroplus.com\/?page_id=815"},"modified":"2026-01-16T10:26:30","modified_gmt":"2026-01-16T10:26:30","slug":"crear-o-modificar-categorias","status":"publish","type":"page","link":"https:\/\/wiki.kieroplus.com\/wiki-kiero\/productos\/crear-o-modificar-categorias\/","title":{"rendered":"Crear o modificar categor\u00edas"},"content":{"rendered":"\n<div class=\"wp-block-group alignfull has-base-2-background-color has-background has-global-padding is-layout-constrained wp-container-core-group-is-layout-a9c4655d wp-block-group-is-layout-constrained\" style=\"margin-top:0;margin-bottom:0;padding-top:60px;padding-right:var(--wp--preset--spacing--40);padding-bottom:60px;padding-left:var(--wp--preset--spacing--40)\">\n<div class=\"wp-block-columns alignwide is-layout-flex wp-container-core-columns-is-layout-4b5cfc71 wp-block-columns-is-layout-flex\" style=\"margin-top:0;margin-bottom:0\">\n<div class=\"wp-block-column is-vertically-aligned-stretch order-last is-layout-flow wp-block-column-is-layout-flow\" style=\"flex-basis:100%\">\n<div class=\"wp-block-group is-vertical is-content-justification-stretch is-layout-flex wp-container-core-group-is-layout-8f18a2b3 wp-block-group-is-layout-flex\" style=\"min-height:0%\">\n<h3 class=\"wp-block-heading is-style-default\"><strong>Gesti\u00f3n de categor\u00edas<\/strong><\/h3>\n\n\n\n<p>En el video a continuaci\u00f3n, se muestra con un ejemplo como funciona, mediante los siguientes pasos:<\/p>\n\n\n\n<h4 class=\"wp-block-heading\"><strong>1. Acceso a la lista de categor\u00edas<\/strong><\/h4>\n\n\n\n<ol class=\"wp-block-list\">\n<li>Abra el men\u00fa&nbsp;<strong>Productos<\/strong>.<\/li>\n\n\n\n<li>Pulse el \u00edcono&nbsp;<strong>\u205d<\/strong>&nbsp;situado en la parte inferior derecha.<\/li>\n\n\n\n<li>Seleccione la opci\u00f3n&nbsp;<strong>Categor\u00edas<\/strong>.<\/li>\n<\/ol>\n\n\n\n<h4 class=\"wp-block-heading\"><strong>2. Crear una nueva categor\u00eda<\/strong><\/h4>\n\n\n\n<ol class=\"wp-block-list\">\n<li>En la pantalla de categor\u00edas, introduzca el nombre de la nueva categor\u00eda.\n<ul class=\"wp-block-list\">\n<li>Puedes introducir la <strong>traducci\u00f3n del nombre de la categor\u00eda<\/strong> a m\u00faltiples idiomas. En el campo del nombre, pulsa<img loading=\"lazy\" decoding=\"async\" width=\"101\" height=\"85\" class=\"wp-image-1121\" style=\"width: 40px;vertical-align:middle\" src=\"https:\/\/wiki.kieroplus.com\/wp-content\/uploads\/2025\/12\/Icono_Idioma_TextField.png\" alt=\"\">. Ah\u00ed podr\u00e1s introducir el nombre de la categor\u00eda, no solo a Espa\u00f1ol, sino tambi\u00e9n a Ingl\u00e9s y Catal\u00e1n.<\/li>\n<\/ul>\n<\/li>\n\n\n\n<li>Pulse&nbsp;<strong>Guardar<\/strong>&nbsp;para a\u00f1adirla a la lista.<\/li>\n<\/ol>\n\n\n\n<h4 class=\"wp-block-heading\"><strong>3. Ordenar categor\u00edas<\/strong><\/h4>\n\n\n\n<ul class=\"wp-block-list\">\n<li>Para modificar el orden de las categor\u00edas, mantenga presionada la categor\u00eda deseada y arr\u00e1strela hasta la posici\u00f3n correspondiente.<\/li>\n\n\n\n<li>Los cambios en el orden se aplican de forma inmediata para los clientes.<\/li>\n<\/ul>\n\n\n\n<h4 class=\"wp-block-heading\"><strong>4. Editar categor\u00edas existentes<\/strong><\/h4>\n\n\n\n<ul class=\"wp-block-list\">\n<li>Para editar el nombre u otros datos de cualquier categor\u00eda ya creada desde el listado de categor\u00edas, puedes acceder a la pantalla de editar categor\u00eda, pulsando sobre el <img loading=\"lazy\" decoding=\"async\" width=\"28\" height=\"24\" class=\"wp-image-1134\" style=\"width: 40px;vertical-align:middle\" src=\"https:\/\/wiki.kieroplus.com\/wp-content\/uploads\/2026\/01\/Nombre-Categoria.png\" alt=\"\">que hay junto a la categor\u00eda.<\/li>\n\n\n\n<li>Tambi\u00e9n puedes editar una categor\u00eda desde el listado de productos, como se explica <a href=\"https:\/\/wiki.kieroplus.com\/wiki-kiero\/productos\/productos-en-la-lista\/#editar-categorias-lista-productos\" data-type=\"page\" data-id=\"827\">aqu\u00ed<\/a>.<\/li>\n\n\n\n<li>Tambi\u00e9n puede reorganizar su posici\u00f3n siguiendo el m\u00e9todo de arrastre.<\/li>\n<\/ul>\n\n\n\n<h4 class=\"wp-block-heading\"><strong>5. Visibilidad en la gesti\u00f3n de productos<\/strong><\/h4>\n\n\n\n<ul class=\"wp-block-list\">\n<li>Una categor\u00eda solo ser\u00e1 visible en la lista de gesti\u00f3n si contiene al menos un producto.<\/li>\n\n\n\n<li>Tambi\u00e9n puedes decidir mostrar o ocultar una categor\u00eda. Cuando el bot\u00f3n \u00abVisible\u00bb de la secci\u00f3n de crear o editar categor\u00eda este activado (<img loading=\"lazy\" decoding=\"async\" width=\"75\" height=\"48\" class=\"wp-image-1131\" style=\"width: 60px;vertical-align:middle\" src=\"https:\/\/wiki.kieroplus.com\/wp-content\/uploads\/2026\/01\/Interruptor.png\" alt=\"\">), se mostrar\u00e1 la categor\u00eda a tus clientes.<\/li>\n<\/ul>\n\n\n\n<h4 class=\"wp-block-heading\"><strong>6. Eliminar una categor\u00eda<\/strong><\/h4>\n\n\n\n<p>Aseg\u00farese de mover o eliminar los productos asociados antes de proceder.<\/p>\n\n\n\n<p>Para poder eliminar una categor\u00eda, esta no debe contener productos.<\/p>\n<\/div>\n<\/div>\n\n\n\n<div class=\"wp-block-column is-vertically-aligned-top order-first has-global-padding is-layout-constrained wp-container-core-column-is-layout-dc5f3bcc wp-block-column-is-layout-constrained\" style=\"padding-top:0;padding-right:80px;padding-bottom:0;padding-left:80px;flex-basis:40%\">\n<figure class=\"wp-block-video\"><video height=\"2400\" style=\"aspect-ratio: 1080 \/ 2400;\" width=\"1080\" controls poster=\"https:\/\/wiki.kieroplus.com\/wp-content\/uploads\/2025\/11\/Screenshot_2025-11-10-10-39-43-63_bd245694e9f798af1ee34a74d8d9d4da.jpg\" src=\"https:\/\/wiki.kieroplus.com\/wp-content\/uploads\/2025\/11\/Crear-o-modificar-categorias_Video.mp4\"><\/video><\/figure>\n<\/div>\n<\/div>\n<\/div>\n","protected":false},"excerpt":{"rendered":"<p>Gesti\u00f3n de categor\u00edas En el video a continuaci\u00f3n, se muestra con un ejemplo como funciona, mediante los siguientes pasos: 1. Acceso a la lista de categor\u00edas 2. Crear una nueva categor\u00eda 3. Ordenar categor\u00edas 4. Editar categor\u00edas existentes 5. Visibilidad en la gesti\u00f3n de productos 6. Eliminar una categor\u00eda Aseg\u00farese de mover o eliminar los [&hellip;]<\/p>\n","protected":false},"author":2,"featured_media":0,"parent":810,"menu_order":0,"comment_status":"closed","ping_status":"closed","template":"","meta":{"_uag_custom_page_level_css":"","footnotes":""},"class_list":["post-815","page","type-page","status-publish","hentry"],"uagb_featured_image_src":{"full":false,"thumbnail":false,"medium":false,"medium_large":false,"large":false,"1536x1536":false,"2048x2048":false},"uagb_author_info":{"display_name":"Alejandro","author_link":"https:\/\/wiki.kieroplus.com\/wiki-kiero\/author\/alejandro\/"},"uagb_comment_info":0,"uagb_excerpt":"Gesti\u00f3n de categor\u00edas En el video a continuaci\u00f3n, se muestra con un ejemplo como funciona, mediante los siguientes pasos: 1. Acceso a la lista de categor\u00edas 2. Crear una nueva categor\u00eda 3. Ordenar categor\u00edas 4. Editar categor\u00edas existentes 5. Visibilidad en la gesti\u00f3n de productos 6. Eliminar una categor\u00eda Aseg\u00farese de mover o eliminar los&hellip;","_links":{"self":[{"href":"https:\/\/wiki.kieroplus.com\/wiki-kiero\/wp-json\/wp\/v2\/pages\/815","targetHints":{"allow":["GET"]}}],"collection":[{"href":"https:\/\/wiki.kieroplus.com\/wiki-kiero\/wp-json\/wp\/v2\/pages"}],"about":[{"href":"https:\/\/wiki.kieroplus.com\/wiki-kiero\/wp-json\/wp\/v2\/types\/page"}],"author":[{"embeddable":true,"href":"https:\/\/wiki.kieroplus.com\/wiki-kiero\/wp-json\/wp\/v2\/users\/2"}],"replies":[{"embeddable":true,"href":"https:\/\/wiki.kieroplus.com\/wiki-kiero\/wp-json\/wp\/v2\/comments?post=815"}],"version-history":[{"count":18,"href":"https:\/\/wiki.kieroplus.com\/wiki-kiero\/wp-json\/wp\/v2\/pages\/815\/revisions"}],"predecessor-version":[{"id":1144,"href":"https:\/\/wiki.kieroplus.com\/wiki-kiero\/wp-json\/wp\/v2\/pages\/815\/revisions\/1144"}],"up":[{"embeddable":true,"href":"https:\/\/wiki.kieroplus.com\/wiki-kiero\/wp-json\/wp\/v2\/pages\/810"}],"wp:attachment":[{"href":"https:\/\/wiki.kieroplus.com\/wiki-kiero\/wp-json\/wp\/v2\/media?parent=815"}],"curies":[{"name":"wp","href":"https:\/\/api.w.org\/{rel}","templated":true}]}}