{"id":810,"date":"2025-11-17T10:19:03","date_gmt":"2025-11-17T10:19:03","guid":{"rendered":"https:\/\/wiki.kieroplus.com\/?page_id=810"},"modified":"2025-12-01T10:43:53","modified_gmt":"2025-12-01T10:43:53","slug":"productos","status":"publish","type":"page","link":"https:\/\/wiki.kieroplus.com\/wiki-kiero\/productos\/","title":{"rendered":"Productos"},"content":{"rendered":"\n<div class=\"wp-block-group alignfull has-base-2-background-color has-background has-global-padding is-layout-constrained wp-container-core-group-is-layout-a9c4655d wp-block-group-is-layout-constrained\" style=\"margin-top:0;margin-bottom:0;padding-top:60px;padding-right:var(--wp--preset--spacing--40);padding-bottom:60px;padding-left:var(--wp--preset--spacing--40)\">\n<div class=\"wp-block-columns alignwide is-layout-flex wp-container-core-columns-is-layout-4b5cfc71 wp-block-columns-is-layout-flex\" style=\"margin-top:0;margin-bottom:0\">\n<div class=\"wp-block-column is-vertically-aligned-stretch order-last is-layout-flow wp-block-column-is-layout-flow\" style=\"flex-basis:100%\">\n<div class=\"wp-block-group is-vertical is-content-justification-stretch is-layout-flex wp-container-core-group-is-layout-8f18a2b3 wp-block-group-is-layout-flex\" style=\"min-height:0%\">\n<h3 class=\"wp-block-heading is-style-default\">Productos<\/h3>\n\n\n\n<p class=\"wp-container-content-0733e5d0\">En la secci\u00f3n de Productos, podr\u00e1s crear, gestionar y modificar los productos que ofrecer\u00e1s a tus clientes, ademas de sus configuraciones, creacionista de categor\u00edas, productos de oferta, y mucho m\u00e1s.<\/p>\n\n\n\n<p>En esta secci\u00f3n podr\u00e1s controlar aspectos de los productos como: <\/p>\n\n\n\n<p class=\"wp-container-content-0733e5d0\">Opciones configurables en los productos.<\/p>\n\n\n\n<ul class=\"wp-block-list\">\n<li><a href=\"https:\/\/wiki.kieroplus.com\/productos\/crear-o-modificar-categorias\/\" data-type=\"link\" data-id=\"https:\/\/wiki.kieroplus.com\/productos\/crear-o-modificar-categorias\/\">Crear o modificar Categor\u00edas<\/a>: Gestiona las categor\u00edas a las que pertenecer\u00e1n tus productos, con la opci\u00f3n de crear categor\u00edas reservadas solo para ciertos d\u00edas de la semana.<\/li>\n\n\n\n<li><a href=\"https:\/\/wiki.kieroplus.com\/productos\/productos-en-la-lista\/\" data-type=\"link\" data-id=\"https:\/\/wiki.kieroplus.com\/productos\/productos-en-la-lista\/\">Visualizar y manejar los Productos en la lista<\/a>: Podr\u00e1s ver tus productos y las categor\u00edas a los que pertenecen, con opciones como ordenar los productos o visualizar detalles r\u00e1pidos de todos ellos.<\/li>\n\n\n\n<li><a href=\"https:\/\/wiki.kieroplus.com\/productos\/crear-un-producto\/\">Crear un Producto<\/a>.<\/li>\n\n\n\n<li><a href=\"https:\/\/wiki.kieroplus.com\/productos\/clonar-un-producto\/\">Clonar un Producto<\/a>: Con est\u00e1 funci\u00f3n, puedes crear productos a partir de un producto creado anteriormente y realizar cambios como el nombre o el precio sin apenas esfuerzo.<\/li>\n\n\n\n<li><a href=\"https:\/\/wiki.kieroplus.com\/productos\/modificar-un-producto-y-crear-una-oferta\/\">Modificar un producto y crear una oferta<\/a>.<\/li>\n\n\n\n<li><a href=\"https:\/\/wiki.kieroplus.com\/productos\/anadir-mas-caracteristicas-al-producto\/\">A\u00f1adir m\u00e1s caracter\u00edsticas al producto<\/a>, como una descripci\u00f3n, lista de alergenos o servicios en los que el producto estar\u00e1 disponible.<\/li>\n\n\n\n<li><a href=\"https:\/\/wiki.kieroplus.com\/productos\/modo-de-visualizacion-de-los-p\/\" data-type=\"link\" data-id=\"https:\/\/wiki.kieroplus.com\/productos\/modo-de-visualizacion-de-los-p\/\">Modo de visualizaci\u00f3n de los <\/a><a href=\"https:\/\/wiki.kieroplus.com\/productos\/modo-de-visualizacion-de-los-productos\/\" data-type=\"link\" data-id=\"https:\/\/wiki.kieroplus.com\/productos\/modo-de-visualizacion-de-los-productos\/\">productos<\/a>: Se puede seleccionar la forma en la que los clientes ver\u00e1n la lista de productos.<\/li>\n\n\n\n<li><a href=\"https:\/\/wiki.kieroplus.com\/productos\/multiseleccion-de-productos\/\">Permite Multiselecci\u00f3n de productos<\/a>, para poder editar par\u00e1metros en varios productos a la vez.<\/li>\n\n\n\n<li><a href=\"https:\/\/wiki.kieroplus.com\/productos\/multproductos-y-publicidad\/\">Creaci\u00f3n de Multiproductos y publicidad<\/a>.<\/li>\n\n\n\n<li><a href=\"https:\/\/wiki.kieroplus.com\/productos\/opciones\/\" data-type=\"page\" data-id=\"881\">Configuraci\u00f3n de opciones de un producto<\/a> (como a\u00f1adirles, retirarles o seleccionables).<\/li>\n<\/ul>\n<\/div>\n<\/div>\n\n\n\n<div class=\"wp-block-column is-vertically-aligned-top order-first has-global-padding is-layout-constrained wp-container-core-column-is-layout-dc5f3bcc wp-block-column-is-layout-constrained\" style=\"padding-top:0;padding-right:80px;padding-bottom:0;padding-left:80px;flex-basis:40%\">\n<figure class=\"wp-block-image aligncenter size-large is-resized\"><img loading=\"lazy\" decoding=\"async\" width=\"484\" height=\"1024\" src=\"https:\/\/wiki.kieroplus.com\/wp-content\/uploads\/2025\/11\/Manual_Productos-484x1024.png\" alt=\"\" class=\"wp-image-813\" style=\"width:350px;height:auto\" srcset=\"https:\/\/wiki.kieroplus.com\/wp-content\/uploads\/2025\/11\/Manual_Productos-484x1024.png 484w, https:\/\/wiki.kieroplus.com\/wp-content\/uploads\/2025\/11\/Manual_Productos-142x300.png 142w, https:\/\/wiki.kieroplus.com\/wp-content\/uploads\/2025\/11\/Manual_Productos-768x1626.png 768w, https:\/\/wiki.kieroplus.com\/wp-content\/uploads\/2025\/11\/Manual_Productos-726x1536.png 726w, https:\/\/wiki.kieroplus.com\/wp-content\/uploads\/2025\/11\/Manual_Productos-967x2048.png 967w, https:\/\/wiki.kieroplus.com\/wp-content\/uploads\/2025\/11\/Manual_Productos.png 1207w\" sizes=\"auto, (max-width: 484px) 100vw, 484px\" \/><\/figure>\n<\/div>\n<\/div>\n<\/div>\n\n\n\n<p><\/p>\n","protected":false},"excerpt":{"rendered":"<p>Productos En la secci\u00f3n de Productos, podr\u00e1s crear, gestionar y modificar los productos que ofrecer\u00e1s a tus clientes, ademas de sus configuraciones, creacionista de categor\u00edas, productos de oferta, y mucho m\u00e1s. En esta secci\u00f3n podr\u00e1s controlar aspectos de los productos como: Opciones configurables en los productos.<\/p>\n","protected":false},"author":2,"featured_media":0,"parent":0,"menu_order":3,"comment_status":"closed","ping_status":"closed","template":"","meta":{"_uag_custom_page_level_css":"","footnotes":""},"class_list":["post-810","page","type-page","status-publish","hentry"],"uagb_featured_image_src":{"full":false,"thumbnail":false,"medium":false,"medium_large":false,"large":false,"1536x1536":false,"2048x2048":false},"uagb_author_info":{"display_name":"Alejandro","author_link":"https:\/\/wiki.kieroplus.com\/wiki-kiero\/author\/alejandro\/"},"uagb_comment_info":0,"uagb_excerpt":"Productos En la secci\u00f3n de Productos, podr\u00e1s crear, gestionar y modificar los productos que ofrecer\u00e1s a tus clientes, ademas de sus configuraciones, creacionista de categor\u00edas, productos de oferta, y mucho m\u00e1s. En esta secci\u00f3n podr\u00e1s controlar aspectos de los productos como: Opciones configurables en los productos.","_links":{"self":[{"href":"https:\/\/wiki.kieroplus.com\/wiki-kiero\/wp-json\/wp\/v2\/pages\/810","targetHints":{"allow":["GET"]}}],"collection":[{"href":"https:\/\/wiki.kieroplus.com\/wiki-kiero\/wp-json\/wp\/v2\/pages"}],"about":[{"href":"https:\/\/wiki.kieroplus.com\/wiki-kiero\/wp-json\/wp\/v2\/types\/page"}],"author":[{"embeddable":true,"href":"https:\/\/wiki.kieroplus.com\/wiki-kiero\/wp-json\/wp\/v2\/users\/2"}],"replies":[{"embeddable":true,"href":"https:\/\/wiki.kieroplus.com\/wiki-kiero\/wp-json\/wp\/v2\/comments?post=810"}],"version-history":[{"count":12,"href":"https:\/\/wiki.kieroplus.com\/wiki-kiero\/wp-json\/wp\/v2\/pages\/810\/revisions"}],"predecessor-version":[{"id":901,"href":"https:\/\/wiki.kieroplus.com\/wiki-kiero\/wp-json\/wp\/v2\/pages\/810\/revisions\/901"}],"wp:attachment":[{"href":"https:\/\/wiki.kieroplus.com\/wiki-kiero\/wp-json\/wp\/v2\/media?parent=810"}],"curies":[{"name":"wp","href":"https:\/\/api.w.org\/{rel}","templated":true}]}}