{"id":687,"date":"2025-10-22T11:59:44","date_gmt":"2025-10-22T11:59:44","guid":{"rendered":"https:\/\/wiki.kieroplus.com\/?page_id=687"},"modified":"2025-11-27T09:38:32","modified_gmt":"2025-11-27T09:38:32","slug":"ajustes-pedidos","status":"publish","type":"page","link":"https:\/\/wiki.kieroplus.com\/wiki-kiero\/pedidos\/ajustes-pedidos\/","title":{"rendered":"Ajustes Pedidos"},"content":{"rendered":"\n<hr class=\"wp-block-separator has-text-color has-alpha-channel-opacity has-background is-style-wide\" style=\"margin-top:0;margin-bottom:0;background-color:#d7d7d7;color:#d7d7d7\"\/>\n\n\n\n<div class=\"wp-block-group alignfull has-base-background-color has-background has-global-padding is-layout-constrained wp-container-core-group-is-layout-5fb1f4f9 wp-block-group-is-layout-constrained\" style=\"margin-top:0;margin-bottom:0;padding-top:60px;padding-right:var(--wp--preset--spacing--40);padding-bottom:60px;padding-left:var(--wp--preset--spacing--40)\">\n<div class=\"wp-block-columns alignwide is-layout-flex wp-container-core-columns-is-layout-1da03c2a wp-block-columns-is-layout-flex\">\n<div class=\"wp-block-column is-vertically-aligned-top has-global-padding is-layout-constrained wp-container-core-column-is-layout-dc5f3bcc wp-block-column-is-layout-constrained\" style=\"padding-top:0;padding-right:80px;padding-bottom:0;padding-left:80px;flex-basis:40%\">\n<figure class=\"wp-block-image aligncenter size-large\"><img loading=\"lazy\" decoding=\"async\" width=\"484\" height=\"1024\" src=\"https:\/\/wiki.kieroplus.com\/wp-content\/uploads\/2025\/11\/Manual_AjustesPedidos-1-484x1024.png\" alt=\"\" class=\"wp-image-910\" srcset=\"https:\/\/wiki.kieroplus.com\/wp-content\/uploads\/2025\/11\/Manual_AjustesPedidos-1-484x1024.png 484w, https:\/\/wiki.kieroplus.com\/wp-content\/uploads\/2025\/11\/Manual_AjustesPedidos-1-142x300.png 142w, https:\/\/wiki.kieroplus.com\/wp-content\/uploads\/2025\/11\/Manual_AjustesPedidos-1-768x1626.png 768w, https:\/\/wiki.kieroplus.com\/wp-content\/uploads\/2025\/11\/Manual_AjustesPedidos-1-726x1536.png 726w, https:\/\/wiki.kieroplus.com\/wp-content\/uploads\/2025\/11\/Manual_AjustesPedidos-1-967x2048.png 967w, https:\/\/wiki.kieroplus.com\/wp-content\/uploads\/2025\/11\/Manual_AjustesPedidos-1.png 1207w\" sizes=\"auto, (max-width: 484px) 100vw, 484px\" \/><\/figure>\n<\/div>\n\n\n\n<div class=\"wp-block-column is-vertically-aligned-stretch is-layout-flow wp-block-column-is-layout-flow\" style=\"flex-basis:100%\">\n<div class=\"wp-block-group is-vertical is-content-justification-stretch is-layout-flex wp-container-core-group-is-layout-8f18a2b3 wp-block-group-is-layout-flex\" style=\"min-height:0%\">\n<h3 class=\"wp-block-heading\">Ajustes Pedidos<\/h3>\n\n\n\n<p class=\"wp-container-content-0733e5d0\">La secci\u00f3n \u00abAjustes Pedidos\u00bb te permite configurar c\u00f3mo se manejan los pedidos en tu comercio a trav\u00e9s de Kiero+.<\/p>\n\n\n\n<div class=\"wp-block-group is-nowrap is-layout-flex wp-container-core-group-is-layout-6c531013 wp-block-group-is-layout-flex\">\n<div class=\"wp-block-uagb-container uagb-block-8b748239 default uagb-is-root-container\">\n<div class=\"wp-block-uagb-container uagb-block-be1a9c64\">\n<div class=\"wp-block-columns is-layout-flex wp-container-core-columns-is-layout-28f84493 wp-block-columns-is-layout-flex\">\n<div class=\"wp-block-column is-layout-flow wp-block-column-is-layout-flow\" style=\"flex-basis:100%\">\n<p>Opciones de configuraci\u00f3n:<\/p>\n\n\n\n<ol class=\"wp-block-list\">\n<li>Clientes Bloqueados: Muestra una lista de los clientes que has bloqueado para tu local, con la posibilidad de volverles a permitir el acceso. Al pulsar en el cliente bloqueado, podr\u00e1s desbloquearlo. Para bloquear a un cliente, debes acceder a un pedido, y pulsar al bot\u00f3n \u00abBloquear Cliente\u00bb.<\/li>\n\n\n\n<li>Gesti\u00f3n de pedidos: Podr\u00e1s configurar par\u00e1metros relacionados con los pedidos como:\n<ol style=\"list-style-type:lower-alpha\" class=\"wp-block-list\">\n<li>Aceptaci\u00f3n\/Rechazo manual: Cada pedido tendr\u00e1 que ser aceptado o rechazado manualmente.<\/li>\n\n\n\n<li>Aceptar pedidos de forma instant\u00e1nea: Los pedidos entrantes se aceptar\u00e1n autom\u00e1ticamente, solo a falta de finalizarlos.<\/li>\n\n\n\n<li>Rechazar autom\u00e1ticamente en un tiempo: Los pedidos no atendidos ser\u00e1n autom\u00e1ticamente rechazados tras cumplirse el <strong>Tiempo para el rechazo autom\u00e1tico<\/strong>, permitiendo elegir desde 15 min a 24h.<\/li>\n<\/ol>\n<\/li>\n\n\n\n<li>Finalizar autom\u00e1ticamente a las 5 AM: Al activar esta opci\u00f3n, todos los pedidos no gestionados se finalizar\u00e1n autom\u00e1ticamente a las 5 de la ma\u00f1ana.<\/li>\n<\/ol>\n<\/div>\n<\/div>\n<\/div>\n<\/div>\n<\/div>\n\n\n\n<p class=\"wp-container-content-0733e5d0\"><strong>Recuerda pulsar \u00abGuardar Datos\u00bb para confirmar los cambios realizados<\/strong><\/p>\n<\/div>\n<\/div>\n<\/div>\n<\/div>\n\n\n\n<hr class=\"wp-block-separator has-text-color has-alpha-channel-opacity has-background is-style-wide\" style=\"margin-top:0;margin-bottom:0;background-color:#d7d7d7;color:#d7d7d7\"\/>\n","protected":false},"excerpt":{"rendered":"<p>Ajustes Pedidos La secci\u00f3n \u00abAjustes Pedidos\u00bb te permite configurar c\u00f3mo se manejan los pedidos en tu comercio a trav\u00e9s de Kiero+. Opciones de configuraci\u00f3n: Recuerda pulsar \u00abGuardar Datos\u00bb para confirmar los cambios realizados<\/p>\n","protected":false},"author":2,"featured_media":0,"parent":604,"menu_order":6,"comment_status":"closed","ping_status":"closed","template":"","meta":{"_uag_custom_page_level_css":"","footnotes":""},"class_list":["post-687","page","type-page","status-publish","hentry"],"uagb_featured_image_src":{"full":false,"thumbnail":false,"medium":false,"medium_large":false,"large":false,"1536x1536":false,"2048x2048":false},"uagb_author_info":{"display_name":"Alejandro","author_link":"https:\/\/wiki.kieroplus.com\/wiki-kiero\/author\/alejandro\/"},"uagb_comment_info":0,"uagb_excerpt":"Ajustes Pedidos La secci\u00f3n \u00abAjustes Pedidos\u00bb te permite configurar c\u00f3mo se manejan los pedidos en tu comercio a trav\u00e9s de Kiero+. Opciones de configuraci\u00f3n: Recuerda pulsar \u00abGuardar Datos\u00bb para confirmar los cambios realizados","_links":{"self":[{"href":"https:\/\/wiki.kieroplus.com\/wiki-kiero\/wp-json\/wp\/v2\/pages\/687","targetHints":{"allow":["GET"]}}],"collection":[{"href":"https:\/\/wiki.kieroplus.com\/wiki-kiero\/wp-json\/wp\/v2\/pages"}],"about":[{"href":"https:\/\/wiki.kieroplus.com\/wiki-kiero\/wp-json\/wp\/v2\/types\/page"}],"author":[{"embeddable":true,"href":"https:\/\/wiki.kieroplus.com\/wiki-kiero\/wp-json\/wp\/v2\/users\/2"}],"replies":[{"embeddable":true,"href":"https:\/\/wiki.kieroplus.com\/wiki-kiero\/wp-json\/wp\/v2\/comments?post=687"}],"version-history":[{"count":11,"href":"https:\/\/wiki.kieroplus.com\/wiki-kiero\/wp-json\/wp\/v2\/pages\/687\/revisions"}],"predecessor-version":[{"id":1069,"href":"https:\/\/wiki.kieroplus.com\/wiki-kiero\/wp-json\/wp\/v2\/pages\/687\/revisions\/1069"}],"up":[{"embeddable":true,"href":"https:\/\/wiki.kieroplus.com\/wiki-kiero\/wp-json\/wp\/v2\/pages\/604"}],"wp:attachment":[{"href":"https:\/\/wiki.kieroplus.com\/wiki-kiero\/wp-json\/wp\/v2\/media?parent=687"}],"curies":[{"name":"wp","href":"https:\/\/api.w.org\/{rel}","templated":true}]}}