{"id":679,"date":"2025-10-22T09:34:22","date_gmt":"2025-10-22T09:34:22","guid":{"rendered":"https:\/\/wiki.kieroplus.com\/?page_id=679"},"modified":"2025-10-22T09:34:22","modified_gmt":"2025-10-22T09:34:22","slug":"reservas-pendientes","status":"publish","type":"page","link":"https:\/\/wiki.kieroplus.com\/wiki-kiero\/reservas\/reservas-pendientes\/","title":{"rendered":"Reservas Pendientes"},"content":{"rendered":"\n<hr class=\"wp-block-separator has-text-color has-alpha-channel-opacity has-background is-style-wide\" style=\"margin-top:0;margin-bottom:0;background-color:#d7d7d7;color:#d7d7d7\"\/>\n\n\n\n<div class=\"wp-block-group alignfull has-base-background-color has-background has-global-padding is-layout-constrained wp-container-core-group-is-layout-5fb1f4f9 wp-block-group-is-layout-constrained\" style=\"margin-top:0;margin-bottom:0;padding-top:60px;padding-right:var(--wp--preset--spacing--40);padding-bottom:60px;padding-left:var(--wp--preset--spacing--40)\">\n<div class=\"wp-block-columns alignwide is-layout-flex wp-container-core-columns-is-layout-1da03c2a wp-block-columns-is-layout-flex\">\n<div class=\"wp-block-column is-vertically-aligned-top has-global-padding is-layout-constrained wp-container-core-column-is-layout-dc5f3bcc wp-block-column-is-layout-constrained\" style=\"padding-top:0;padding-right:80px;padding-bottom:0;padding-left:80px;flex-basis:40%\">\n<figure class=\"wp-block-image aligncenter size-large\" id=\"pedidos-en-localizacion\"><img loading=\"lazy\" decoding=\"async\" width=\"484\" height=\"1024\" src=\"https:\/\/wiki.kieroplus.com\/wp-content\/uploads\/2025\/10\/Manual_ReservasPendientes2-484x1024.png\" alt=\"\" class=\"wp-image-681\" srcset=\"https:\/\/wiki.kieroplus.com\/wp-content\/uploads\/2025\/10\/Manual_ReservasPendientes2-484x1024.png 484w, https:\/\/wiki.kieroplus.com\/wp-content\/uploads\/2025\/10\/Manual_ReservasPendientes2-142x300.png 142w, https:\/\/wiki.kieroplus.com\/wp-content\/uploads\/2025\/10\/Manual_ReservasPendientes2-768x1626.png 768w, https:\/\/wiki.kieroplus.com\/wp-content\/uploads\/2025\/10\/Manual_ReservasPendientes2-726x1536.png 726w, https:\/\/wiki.kieroplus.com\/wp-content\/uploads\/2025\/10\/Manual_ReservasPendientes2-967x2048.png 967w, https:\/\/wiki.kieroplus.com\/wp-content\/uploads\/2025\/10\/Manual_ReservasPendientes2.png 1207w\" sizes=\"auto, (max-width: 484px) 100vw, 484px\" \/><\/figure>\n<\/div>\n\n\n\n<div class=\"wp-block-column is-vertically-aligned-stretch is-layout-flow wp-block-column-is-layout-flow\" style=\"flex-basis:100%\">\n<div class=\"wp-block-group is-vertical is-content-justification-stretch is-layout-flex wp-container-core-group-is-layout-8f18a2b3 wp-block-group-is-layout-flex\" style=\"min-height:0%\">\n<h3 class=\"wp-block-heading\">Reservas Pendientes<\/h3>\n\n\n\n<p class=\"wp-container-content-0733e5d0\">Esta secci\u00f3n muestra las reservas pendientes de gestionar.<\/p>\n\n\n\n<p>Esta secci\u00f3n te ofrece la informaci\u00f3n que necesitas como:<\/p>\n\n\n\n<ol class=\"wp-block-list\">\n<li>Informaci\u00f3n detallada: Incluyen n\u00famero de reserva, nombre del cliente y fecha en la que se realizo la solicitud de reserva.<\/li>\n\n\n\n<li>Observaciones: Texto opcional para dar detalles adicionales sobre la reserva.<\/li>\n\n\n\n<li>Fecha en la que se quiere la reserva y el n\u00famero de personas para la reserva.<\/li>\n\n\n\n<li>Tel\u00e9fono del cliente y estado de la reserva: Muestra si la reserva se rechaz\u00f3 (ya sea autom\u00e1ticamente o manualmente), o se acepto. Si se desea contactar con el cliente, se puede llamar pulsando en su n\u00famero de tel\u00e9fono.<\/li>\n\n\n\n<li>Tiempo restante antes de que la reserva sea rechaza autom\u00e1ticamente al no haber sido gestionada a tiempo.<\/li>\n\n\n\n<li>Permite rechazar la reserva (<img loading=\"lazy\" decoding=\"async\" width=\"463\" height=\"107\" class=\"wp-image-682\" style=\"width: 100px;vertical-align:middle\" src=\"https:\/\/wiki.kieroplus.com\/wp-content\/uploads\/2025\/10\/Manual_ReservasPendientes_IconoRechazar.png\" alt=\"\" srcset=\"https:\/\/wiki.kieroplus.com\/wp-content\/uploads\/2025\/10\/Manual_ReservasPendientes_IconoRechazar.png 463w, https:\/\/wiki.kieroplus.com\/wp-content\/uploads\/2025\/10\/Manual_ReservasPendientes_IconoRechazar-300x69.png 300w\" sizes=\"auto, (max-width: 463px) 100vw, 463px\" \/>) o aceptarla (<img loading=\"lazy\" decoding=\"async\" width=\"463\" height=\"107\" class=\"wp-image-683\" style=\"width: 100px;vertical-align:middle\" src=\"https:\/\/wiki.kieroplus.com\/wp-content\/uploads\/2025\/10\/Manual_ReservasPendientes_IconoAceptar.png\" alt=\"\" srcset=\"https:\/\/wiki.kieroplus.com\/wp-content\/uploads\/2025\/10\/Manual_ReservasPendientes_IconoAceptar.png 463w, https:\/\/wiki.kieroplus.com\/wp-content\/uploads\/2025\/10\/Manual_ReservasPendientes_IconoAceptar-300x69.png 300w\" sizes=\"auto, (max-width: 463px) 100vw, 463px\" \/>).<\/li>\n\n\n\n<li><a href=\"https:\/\/wiki.kieroplus.com\/reservas\/historial-reservas\/\" data-type=\"page\" data-id=\"662\">Ver historial de reservas<\/a>: Acceso directo al historial de reservas a trav\u00e9s del bot\u00f3n <img loading=\"lazy\" decoding=\"async\" width=\"67\" height=\"62\" class=\"wp-image-684\" style=\"width: 40px;vertical-align:middle\" src=\"https:\/\/wiki.kieroplus.com\/wp-content\/uploads\/2025\/10\/Manual_ReservasPendientes_IconoHistorial.png\" alt=\"\">.<\/li>\n<\/ol>\n<\/div>\n<\/div>\n<\/div>\n<\/div>\n\n\n\n<p><\/p>\n","protected":false},"excerpt":{"rendered":"<p>Reservas Pendientes Esta secci\u00f3n muestra las reservas pendientes de gestionar. Esta secci\u00f3n te ofrece la informaci\u00f3n que necesitas como:<\/p>\n","protected":false},"author":2,"featured_media":0,"parent":675,"menu_order":1,"comment_status":"closed","ping_status":"closed","template":"","meta":{"_uag_custom_page_level_css":"","footnotes":""},"class_list":["post-679","page","type-page","status-publish","hentry"],"uagb_featured_image_src":{"full":false,"thumbnail":false,"medium":false,"medium_large":false,"large":false,"1536x1536":false,"2048x2048":false},"uagb_author_info":{"display_name":"Alejandro","author_link":"https:\/\/wiki.kieroplus.com\/wiki-kiero\/author\/alejandro\/"},"uagb_comment_info":0,"uagb_excerpt":"Reservas Pendientes Esta secci\u00f3n muestra las reservas pendientes de gestionar. Esta secci\u00f3n te ofrece la informaci\u00f3n que necesitas como:","_links":{"self":[{"href":"https:\/\/wiki.kieroplus.com\/wiki-kiero\/wp-json\/wp\/v2\/pages\/679","targetHints":{"allow":["GET"]}}],"collection":[{"href":"https:\/\/wiki.kieroplus.com\/wiki-kiero\/wp-json\/wp\/v2\/pages"}],"about":[{"href":"https:\/\/wiki.kieroplus.com\/wiki-kiero\/wp-json\/wp\/v2\/types\/page"}],"author":[{"embeddable":true,"href":"https:\/\/wiki.kieroplus.com\/wiki-kiero\/wp-json\/wp\/v2\/users\/2"}],"replies":[{"embeddable":true,"href":"https:\/\/wiki.kieroplus.com\/wiki-kiero\/wp-json\/wp\/v2\/comments?post=679"}],"version-history":[{"count":2,"href":"https:\/\/wiki.kieroplus.com\/wiki-kiero\/wp-json\/wp\/v2\/pages\/679\/revisions"}],"predecessor-version":[{"id":685,"href":"https:\/\/wiki.kieroplus.com\/wiki-kiero\/wp-json\/wp\/v2\/pages\/679\/revisions\/685"}],"up":[{"embeddable":true,"href":"https:\/\/wiki.kieroplus.com\/wiki-kiero\/wp-json\/wp\/v2\/pages\/675"}],"wp:attachment":[{"href":"https:\/\/wiki.kieroplus.com\/wiki-kiero\/wp-json\/wp\/v2\/media?parent=679"}],"curies":[{"name":"wp","href":"https:\/\/api.w.org\/{rel}","templated":true}]}}