{"id":633,"date":"2025-10-17T08:01:44","date_gmt":"2025-10-17T08:01:44","guid":{"rendered":"https:\/\/wiki.kieroplus.com\/?page_id=633"},"modified":"2025-10-17T10:57:36","modified_gmt":"2025-10-17T10:57:36","slug":"recursos","status":"publish","type":"page","link":"https:\/\/wiki.kieroplus.com\/wiki-kiero\/mi-comercio\/recursos\/","title":{"rendered":"Recursos"},"content":{"rendered":"\n<hr class=\"wp-block-separator has-text-color has-alpha-channel-opacity has-background is-style-wide\" style=\"margin-top:0;margin-bottom:0;background-color:#d7d7d7;color:#d7d7d7\"\/>\n\n\n\n<div class=\"wp-block-group alignfull has-base-background-color has-background has-global-padding is-layout-constrained wp-container-core-group-is-layout-5fb1f4f9 wp-block-group-is-layout-constrained\" style=\"margin-top:0;margin-bottom:0;padding-top:60px;padding-right:var(--wp--preset--spacing--40);padding-bottom:60px;padding-left:var(--wp--preset--spacing--40)\">\n<div class=\"wp-block-columns alignwide is-layout-flex wp-container-core-columns-is-layout-1da03c2a wp-block-columns-is-layout-flex\">\n<div class=\"wp-block-column is-vertically-aligned-top has-global-padding is-layout-constrained wp-container-core-column-is-layout-dc5f3bcc wp-block-column-is-layout-constrained\" style=\"padding-top:0;padding-right:80px;padding-bottom:0;padding-left:80px;flex-basis:40%\">\n<figure class=\"wp-block-image aligncenter size-large\"><img loading=\"lazy\" decoding=\"async\" width=\"484\" height=\"1024\" src=\"https:\/\/wiki.kieroplus.com\/wp-content\/uploads\/2025\/10\/Manual_Recursos-484x1024.png\" alt=\"\" class=\"wp-image-638\" srcset=\"https:\/\/wiki.kieroplus.com\/wp-content\/uploads\/2025\/10\/Manual_Recursos-484x1024.png 484w, https:\/\/wiki.kieroplus.com\/wp-content\/uploads\/2025\/10\/Manual_Recursos-142x300.png 142w, https:\/\/wiki.kieroplus.com\/wp-content\/uploads\/2025\/10\/Manual_Recursos-768x1626.png 768w, https:\/\/wiki.kieroplus.com\/wp-content\/uploads\/2025\/10\/Manual_Recursos-726x1536.png 726w, https:\/\/wiki.kieroplus.com\/wp-content\/uploads\/2025\/10\/Manual_Recursos-967x2048.png 967w, https:\/\/wiki.kieroplus.com\/wp-content\/uploads\/2025\/10\/Manual_Recursos.png 1207w\" sizes=\"auto, (max-width: 484px) 100vw, 484px\" \/><\/figure>\n<\/div>\n\n\n\n<div class=\"wp-block-column is-vertically-aligned-stretch is-layout-flow wp-block-column-is-layout-flow\" style=\"flex-basis:100%\">\n<div class=\"wp-block-group is-vertical is-content-justification-stretch is-layout-flex wp-container-core-group-is-layout-8f18a2b3 wp-block-group-is-layout-flex\" style=\"min-height:0%\">\n<h3 class=\"wp-block-heading\">Recursos F\u00edsicos y Digitales<\/h3>\n\n\n\n<p class=\"wp-container-content-0733e5d0\">Permite crear recursos para el comercio como:<br>\u2022 Recursos F\u00edsicos (Generar Etiquetas o Generar Folleto).<br>\u2022 Recursos Digitales (Compartir Comercio, Crear Comunicado o Solicitar Rese\u00f1as)<\/p>\n\n\n\n<p><ol><li>Generar Etiquetas: Genera un PDF con etiquetas que contienen un localizador (Por ejemplo, n\u00famero de mesa). Adem\u00e1s, algunas etiquetas est\u00e1n vac\u00edas para poder introducir un localizador personalizado.<\/li><li>Generar Folleto: Genera un folleto o Flyer para poder imprimirlo y promocionar tu comercio con Kiero+<\/li><li>Compartir Comercio: Permite compartir el comercio mediante tus redes sociales, a trav\u00e9s de la imagen del comercio, un mensaje de promoci\u00f3n y el enlace a tu local.<\/li><li>Crear Comunicado: Permite compartir un comunicado con imagen y texto personalizado para compartirlo por las redes sociales.<\/li><li>Solicitar Rese\u00f1as: Permite localizar tu comercio en Google Maps para que a trav\u00e9s de Kiero+ los usuarios tengan la posibilidad de escribir una rese\u00f1a al comercio. Los usuarios encontrar\u00e1n esta opci\u00f3n al hacer un pedido (Si no se configura \u00abSolicitar Rese\u00f1as\u00bb, los usuarios no ver\u00e1n esta opci\u00f3n).<\/li><\/ol><\/p>\n<\/div>\n<\/div>\n<\/div>\n<\/div>\n","protected":false},"excerpt":{"rendered":"<p>Recursos F\u00edsicos y Digitales Permite crear recursos para el comercio como:\u2022 Recursos F\u00edsicos (Generar Etiquetas o Generar Folleto).\u2022 Recursos Digitales (Compartir Comercio, Crear Comunicado o Solicitar Rese\u00f1as) Generar Etiquetas: Genera un PDF con etiquetas que contienen un localizador (Por ejemplo, n\u00famero de mesa). Adem\u00e1s, algunas etiquetas est\u00e1n vac\u00edas para poder introducir un localizador personalizado. Generar [&hellip;]<\/p>\n","protected":false},"author":2,"featured_media":0,"parent":363,"menu_order":2,"comment_status":"closed","ping_status":"closed","template":"","meta":{"_uag_custom_page_level_css":"","footnotes":""},"class_list":["post-633","page","type-page","status-publish","hentry"],"uagb_featured_image_src":{"full":false,"thumbnail":false,"medium":false,"medium_large":false,"large":false,"1536x1536":false,"2048x2048":false},"uagb_author_info":{"display_name":"Alejandro","author_link":"https:\/\/wiki.kieroplus.com\/wiki-kiero\/author\/alejandro\/"},"uagb_comment_info":0,"uagb_excerpt":"Recursos F\u00edsicos y Digitales Permite crear recursos para el comercio como:\u2022 Recursos F\u00edsicos (Generar Etiquetas o Generar Folleto).\u2022 Recursos Digitales (Compartir Comercio, Crear Comunicado o Solicitar Rese\u00f1as) Generar Etiquetas: Genera un PDF con etiquetas que contienen un localizador (Por ejemplo, n\u00famero de mesa). Adem\u00e1s, algunas etiquetas est\u00e1n vac\u00edas para poder introducir un localizador personalizado. Generar&hellip;","_links":{"self":[{"href":"https:\/\/wiki.kieroplus.com\/wiki-kiero\/wp-json\/wp\/v2\/pages\/633","targetHints":{"allow":["GET"]}}],"collection":[{"href":"https:\/\/wiki.kieroplus.com\/wiki-kiero\/wp-json\/wp\/v2\/pages"}],"about":[{"href":"https:\/\/wiki.kieroplus.com\/wiki-kiero\/wp-json\/wp\/v2\/types\/page"}],"author":[{"embeddable":true,"href":"https:\/\/wiki.kieroplus.com\/wiki-kiero\/wp-json\/wp\/v2\/users\/2"}],"replies":[{"embeddable":true,"href":"https:\/\/wiki.kieroplus.com\/wiki-kiero\/wp-json\/wp\/v2\/comments?post=633"}],"version-history":[{"count":5,"href":"https:\/\/wiki.kieroplus.com\/wiki-kiero\/wp-json\/wp\/v2\/pages\/633\/revisions"}],"predecessor-version":[{"id":641,"href":"https:\/\/wiki.kieroplus.com\/wiki-kiero\/wp-json\/wp\/v2\/pages\/633\/revisions\/641"}],"up":[{"embeddable":true,"href":"https:\/\/wiki.kieroplus.com\/wiki-kiero\/wp-json\/wp\/v2\/pages\/363"}],"wp:attachment":[{"href":"https:\/\/wiki.kieroplus.com\/wiki-kiero\/wp-json\/wp\/v2\/media?parent=633"}],"curies":[{"name":"wp","href":"https:\/\/api.w.org\/{rel}","templated":true}]}}