{"id":604,"date":"2025-10-15T11:38:18","date_gmt":"2025-10-15T11:38:18","guid":{"rendered":"https:\/\/wiki.kieroplus.com\/?page_id=604"},"modified":"2025-12-01T10:43:33","modified_gmt":"2025-12-01T10:43:33","slug":"pedidos","status":"publish","type":"page","link":"https:\/\/wiki.kieroplus.com\/wiki-kiero\/pedidos\/","title":{"rendered":"Pedidos"},"content":{"rendered":"\n<div class=\"wp-block-group alignfull has-base-2-background-color has-background has-global-padding is-layout-constrained wp-container-core-group-is-layout-a9c4655d wp-block-group-is-layout-constrained\" style=\"margin-top:0;margin-bottom:0;padding-top:60px;padding-right:var(--wp--preset--spacing--40);padding-bottom:60px;padding-left:var(--wp--preset--spacing--40)\">\n<div class=\"wp-block-columns alignwide is-layout-flex wp-container-core-columns-is-layout-4b5cfc71 wp-block-columns-is-layout-flex\" style=\"margin-top:0;margin-bottom:0\">\n<div class=\"wp-block-column is-vertically-aligned-stretch order-last is-layout-flow wp-block-column-is-layout-flow\" style=\"flex-basis:100%\">\n<div class=\"wp-block-group is-vertical is-content-justification-stretch is-layout-flex wp-container-core-group-is-layout-8f18a2b3 wp-block-group-is-layout-flex\" style=\"min-height:0%\">\n<h3 class=\"wp-block-heading is-style-default\">Pedidos<\/h3>\n\n\n\n<p class=\"wp-container-content-0733e5d0\">Opciones disponibles:<\/p>\n\n\n\n<p>Kiero+ Gerente permite visualizar y gestionar los pedidos realizados, permitiendo manejar:<\/p>\n\n\n\n<ol class=\"wp-block-list\">\n<li><a href=\"https:\/\/wiki.kieroplus.com\/pedidos\/en-localizacion\/\">Pedidos en Localizaci\u00f3n<\/a>: Los pedidos del comercio, como puede ser el servicio de mesa.<\/li>\n\n\n\n<li><a href=\"https:\/\/wiki.kieroplus.com\/pedidos\/pendientes-de-clasificar\/\">Pendientes de Clasificar<\/a>: Pedidos que todav\u00eda no han sido clasificados. Cuando llega un pedido a tu comercio, lo encontrar\u00e1s en esta secci\u00f3n.<\/li>\n\n\n\n<li><a href=\"https:\/\/wiki.kieroplus.com\/pedidos\/pendientes-de-procesar\/\">Pendientes de Procesar<\/a>: Pedidos que han sido clasificados, pero a\u00fan no se han acabado. En esta secci\u00f3n se puede introducir el precio final (en caso de que el pedido contenga productos por peso), confirmar el pedido o rechazarlo.<\/li>\n\n\n\n<li><a href=\"https:\/\/wiki.kieroplus.com\/pedidos\/gestion-de-transporte\/\">Gesti\u00f3n de transporte<\/a>: Permite visualizar y gestionar en el mapa los pedidos de env\u00edo a domicilio.<\/li>\n\n\n\n<li><a href=\"https:\/\/wiki.kieroplus.com\/pedidos\/demorar-entrada-de-pedidos\/\" data-type=\"page\" data-id=\"189\">Demorar Entrada de Pedidos<\/a>: Kiero+ Gerente permite definir un tiempo adicional que se a\u00f1adir\u00e1 al momento en el que el cliente realiza el pedido. Esto te brinda un margen para evaluar la solicitud y prepararte antes de confirmarlo. Tambi\u00e9n puedes configurar un rango de tiempo para ese d\u00eda en el que los clientes no podr\u00e1n pedir (por ejemplo si el comercio va a tomarse un descanso de 1 hora).<\/li>\n\n\n\n<li><a href=\"https:\/\/wiki.kieroplus.com\/pedidos\/historial-pedidos\/\" data-type=\"page\" data-id=\"698\">Historial de Pedidos<\/a>: Permite visualizar una lista de los pedidos pasados, pudiendo filtrarlos por fecha o por estado del pedido.<\/li>\n\n\n\n<li><a href=\"https:\/\/wiki.kieroplus.com\/pedidos\/ajustes-pedidos\/\" data-type=\"page\" data-id=\"687\">Ajustes<\/a>: Permite configurar los par\u00e1metros de los pedidos.<\/li>\n<\/ol>\n\n\n\n<p>Adem\u00e1s, al pulsar a un pedido, puedes acceder a la <a href=\"https:\/\/wiki.kieroplus.com\/pedidos\/informacion-del-pedido\/\" data-type=\"link\" data-id=\"https:\/\/wiki.kieroplus.com\/pedidos\/informacion-del-pedido\/\">Informaci\u00f3n de Pedido<\/a>.<\/p>\n<\/div>\n<\/div>\n\n\n\n<div class=\"wp-block-column is-vertically-aligned-top order-first has-global-padding is-layout-constrained wp-container-core-column-is-layout-dc5f3bcc wp-block-column-is-layout-constrained\" style=\"padding-top:0;padding-right:80px;padding-bottom:0;padding-left:80px;flex-basis:40%\">\n<figure class=\"wp-block-image aligncenter size-large\"><img loading=\"lazy\" decoding=\"async\" width=\"484\" height=\"1024\" src=\"https:\/\/wiki.kieroplus.com\/wp-content\/uploads\/2025\/11\/Manual_PediposGeneral-484x1024.png\" alt=\"\" class=\"wp-image-956\" srcset=\"https:\/\/wiki.kieroplus.com\/wp-content\/uploads\/2025\/11\/Manual_PediposGeneral-484x1024.png 484w, https:\/\/wiki.kieroplus.com\/wp-content\/uploads\/2025\/11\/Manual_PediposGeneral-142x300.png 142w, https:\/\/wiki.kieroplus.com\/wp-content\/uploads\/2025\/11\/Manual_PediposGeneral-768x1626.png 768w, https:\/\/wiki.kieroplus.com\/wp-content\/uploads\/2025\/11\/Manual_PediposGeneral-726x1536.png 726w, https:\/\/wiki.kieroplus.com\/wp-content\/uploads\/2025\/11\/Manual_PediposGeneral-967x2048.png 967w, https:\/\/wiki.kieroplus.com\/wp-content\/uploads\/2025\/11\/Manual_PediposGeneral.png 1207w\" sizes=\"auto, (max-width: 484px) 100vw, 484px\" \/><\/figure>\n<\/div>\n<\/div>\n<\/div>\n","protected":false},"excerpt":{"rendered":"<p>Pedidos Opciones disponibles: Kiero+ Gerente permite visualizar y gestionar los pedidos realizados, permitiendo manejar: Adem\u00e1s, al pulsar a un pedido, puedes acceder a la Informaci\u00f3n de Pedido.<\/p>\n","protected":false},"author":2,"featured_media":0,"parent":0,"menu_order":1,"comment_status":"closed","ping_status":"closed","template":"","meta":{"_uag_custom_page_level_css":"","footnotes":""},"class_list":["post-604","page","type-page","status-publish","hentry"],"uagb_featured_image_src":{"full":false,"thumbnail":false,"medium":false,"medium_large":false,"large":false,"1536x1536":false,"2048x2048":false},"uagb_author_info":{"display_name":"Alejandro","author_link":"https:\/\/wiki.kieroplus.com\/wiki-kiero\/author\/alejandro\/"},"uagb_comment_info":0,"uagb_excerpt":"Pedidos Opciones disponibles: Kiero+ Gerente permite visualizar y gestionar los pedidos realizados, permitiendo manejar: Adem\u00e1s, al pulsar a un pedido, puedes acceder a la Informaci\u00f3n de Pedido.","_links":{"self":[{"href":"https:\/\/wiki.kieroplus.com\/wiki-kiero\/wp-json\/wp\/v2\/pages\/604","targetHints":{"allow":["GET"]}}],"collection":[{"href":"https:\/\/wiki.kieroplus.com\/wiki-kiero\/wp-json\/wp\/v2\/pages"}],"about":[{"href":"https:\/\/wiki.kieroplus.com\/wiki-kiero\/wp-json\/wp\/v2\/types\/page"}],"author":[{"embeddable":true,"href":"https:\/\/wiki.kieroplus.com\/wiki-kiero\/wp-json\/wp\/v2\/users\/2"}],"replies":[{"embeddable":true,"href":"https:\/\/wiki.kieroplus.com\/wiki-kiero\/wp-json\/wp\/v2\/comments?post=604"}],"version-history":[{"count":12,"href":"https:\/\/wiki.kieroplus.com\/wiki-kiero\/wp-json\/wp\/v2\/pages\/604\/revisions"}],"predecessor-version":[{"id":957,"href":"https:\/\/wiki.kieroplus.com\/wiki-kiero\/wp-json\/wp\/v2\/pages\/604\/revisions\/957"}],"wp:attachment":[{"href":"https:\/\/wiki.kieroplus.com\/wiki-kiero\/wp-json\/wp\/v2\/media?parent=604"}],"curies":[{"name":"wp","href":"https:\/\/api.w.org\/{rel}","templated":true}]}}