{"id":363,"date":"2024-11-27T07:30:04","date_gmt":"2024-11-27T07:30:04","guid":{"rendered":"https:\/\/wiki.kieroplus.com\/?page_id=363"},"modified":"2025-12-01T10:43:19","modified_gmt":"2025-12-01T10:43:19","slug":"mi-comercio","status":"publish","type":"page","link":"https:\/\/wiki.kieroplus.com\/wiki-kiero\/mi-comercio\/","title":{"rendered":"Mi Comercio"},"content":{"rendered":"\n<div class=\"wp-block-group alignfull has-base-2-background-color has-background has-global-padding is-layout-constrained wp-container-core-group-is-layout-a9c4655d wp-block-group-is-layout-constrained\" style=\"margin-top:0;margin-bottom:0;padding-top:60px;padding-right:var(--wp--preset--spacing--40);padding-bottom:60px;padding-left:var(--wp--preset--spacing--40)\">\n<div class=\"wp-block-columns alignwide is-layout-flex wp-container-core-columns-is-layout-4b5cfc71 wp-block-columns-is-layout-flex\" style=\"margin-top:0;margin-bottom:0\">\n<div class=\"wp-block-column is-vertically-aligned-stretch order-last is-layout-flow wp-block-column-is-layout-flow\" style=\"flex-basis:100%\">\n<div class=\"wp-block-group is-vertical is-content-justification-stretch is-layout-flex wp-container-core-group-is-layout-8f18a2b3 wp-block-group-is-layout-flex\" style=\"min-height:0%\">\n<h3 class=\"wp-block-heading is-style-default\">Mi Comercio<\/h3>\n\n\n\n<p class=\"wp-container-content-0733e5d0\">Esta secci\u00f3n es el centro de control para personalizar y presentar tu comercio.<\/p>\n\n\n\n<p class=\"wp-container-content-0733e5d0\">Opciones disponibles:<\/p>\n\n\n\n<p><\/p>\n\n\n\n<ol class=\"wp-block-list\">\n<li><a href=\"https:\/\/wiki.kieroplus.com\/mi-comercio\/informacion-comercio\" data-type=\"link\" data-id=\"https:\/\/wiki.kieroplus.com\/mi-comercio\/informacion-comercio\">Informaci\u00f3n del Comercio:<\/a><br>\u2022 Personaliza la imagen de tu comercio, incluyendo logo y fotos.<br>\u2022 Actualiza tu informaci\u00f3n de contacto: tel\u00e9fono, direcci\u00f3n y redes sociales.<br>\u2022 Configura tu ubicaci\u00f3n geogr\u00e1fica para que los clientes te encuentren f\u00e1cilmente.<\/li>\n\n\n\n<li><a href=\"https:\/\/wiki.kieroplus.com\/mi-comercio\/servicios-y-horarios\" data-type=\"page\" data-id=\"363\">Servicios y Horarios:<\/a><br>\u2022 Define los servicios que ofreces a tus clientes.<br>\u2022 Establece tus horarios de atenci\u00f3n al p\u00fablico, incluyendo d\u00edas de apertura y cierre.<\/li>\n\n\n\n<li>Captar Clientes:<br>\u2022 Implementa programas de fidelizaci\u00f3n para premiar a tus clientes habituales.<br>\u2022 Activa, desactiva y configura descuentos especiales.<\/li>\n\n\n\n<li><a href=\"https:\/\/wiki.kieroplus.com\/mi-comercio\/recursos\/\" data-type=\"page\" data-id=\"633\">Recursos:<\/a><br>Permite crear recursos para el comercio como:<br>\u2022 Recursos F\u00edsicos (Generar Etiquetas o Generar Folleto).<br>\u2022 Recursos Digitales (Compartir Comercio, Crear Comunicado o Solicitar Rese\u00f1as).<\/li>\n\n\n\n<li><a href=\"https:\/\/wiki.kieroplus.com\/mi-comercio\/comercios-agrupados\/\" data-type=\"page\" data-id=\"159\">Comercios Agrupados:<\/a><br>\u2022 \u00danete a otros comercios similares o que te complementen para aumentar tu visibilidad y atraigan a un p\u00fablico m\u00e1s amplio.<\/li>\n\n\n\n<li><a href=\"https:\/\/wiki.kieroplus.com\/mi-comercio\/mis-qrs\/\" data-type=\"page\" data-id=\"161\">Mis QRs:<\/a><br>\u2022 Genera y gestiona c\u00f3digos QR personalizados para tu comercio.<br>\u2022 Configura e imprime tus c\u00f3digos QR seg\u00fan tus necesidades.<\/li>\n\n\n\n<li><a href=\"https:\/\/wiki.kieroplus.com\/mi-comercio\/impresora-tickets\/\" data-type=\"page\" data-id=\"164\">Ajustes Impresora:<\/a><br>\u2022 Selecciona el tipo de impresora que utilizar\u00e1s para emitir tickets en papel.<br>\u2022 Elige entre una impresora Bluetooth port\u00e1til o una impresora TPV conectada a un ordenador.<\/li>\n\n\n\n<li>Datos Fiscales y Suscripci\u00f3n:<br>\u2022 Mant\u00e9n tus datos fiscales actualizados.<br>\u2022 Gestiona los detalles de tu suscripci\u00f3n a Kiero+.<\/li>\n\n\n\n<li><a href=\"https:\/\/wiki.kieroplus.com\/mi-comercio\/generar-notificacion\/\" data-type=\"page\" data-id=\"168\">Generar Notificaci\u00f3n:<\/a><br>\u2022 Comun\u00edcate directamente con tus clientes a trav\u00e9s de notificaciones.<br>\u2022 Informa sobre novedades, promociones, eventos especiales y mant\u00e9n a tus clientes informados.<\/li>\n\n\n\n<li>Tutorial de Kiero+:<br>\u2022 Acceso directo a este tutorial.<\/li>\n\n\n\n<li><a href=\"https:\/\/wiki.kieroplus.com\/mi-comercio\/ajustes-generales\/\" data-type=\"page\" data-id=\"177\">Ajustes Generales:<\/a><br>\u2022 Accede a herramientas adicionales para personalizar a\u00fan m\u00e1s tu comercio.<br>\u00a1Aprovecha todas estas opciones para crear una presencia s\u00f3lida y atractiva en Kiero+ y ofrecer la mejor experiencia a tus clientes!<\/li>\n<\/ol>\n\n\n\n<p><\/p>\n\n\n\n<p class=\"wp-container-content-0733e5d0\"><\/p>\n<\/div>\n<\/div>\n\n\n\n<div class=\"wp-block-column is-vertically-aligned-top order-first has-global-padding is-layout-constrained wp-container-core-column-is-layout-dc5f3bcc wp-block-column-is-layout-constrained\" style=\"padding-top:0;padding-right:80px;padding-bottom:0;padding-left:80px;flex-basis:40%\">\n<figure class=\"wp-block-image aligncenter size-large is-resized\"><img loading=\"lazy\" decoding=\"async\" width=\"484\" height=\"1024\" src=\"https:\/\/wiki.kieroplus.com\/wp-content\/uploads\/2025\/10\/Manual_MiComercioEditado-484x1024.png\" alt=\"\" class=\"wp-image-711\" style=\"width:350px;height:auto\" srcset=\"https:\/\/wiki.kieroplus.com\/wp-content\/uploads\/2025\/10\/Manual_MiComercioEditado-484x1024.png 484w, https:\/\/wiki.kieroplus.com\/wp-content\/uploads\/2025\/10\/Manual_MiComercioEditado-142x300.png 142w, https:\/\/wiki.kieroplus.com\/wp-content\/uploads\/2025\/10\/Manual_MiComercioEditado-768x1626.png 768w, https:\/\/wiki.kieroplus.com\/wp-content\/uploads\/2025\/10\/Manual_MiComercioEditado-726x1536.png 726w, https:\/\/wiki.kieroplus.com\/wp-content\/uploads\/2025\/10\/Manual_MiComercioEditado-967x2048.png 967w, https:\/\/wiki.kieroplus.com\/wp-content\/uploads\/2025\/10\/Manual_MiComercioEditado.png 1207w\" sizes=\"auto, (max-width: 484px) 100vw, 484px\" \/><\/figure>\n<\/div>\n<\/div>\n<\/div>\n","protected":false},"excerpt":{"rendered":"<p>Mi Comercio Esta secci\u00f3n es el centro de control para personalizar y presentar tu comercio. Opciones disponibles:<\/p>\n","protected":false},"author":1,"featured_media":0,"parent":0,"menu_order":4,"comment_status":"closed","ping_status":"closed","template":"","meta":{"_uag_custom_page_level_css":"","footnotes":""},"class_list":["post-363","page","type-page","status-publish","hentry"],"uagb_featured_image_src":{"full":false,"thumbnail":false,"medium":false,"medium_large":false,"large":false,"1536x1536":false,"2048x2048":false},"uagb_author_info":{"display_name":"admin","author_link":"https:\/\/wiki.kieroplus.com\/wiki-kiero\/author\/kieroplus_9hwuvl6f\/"},"uagb_comment_info":0,"uagb_excerpt":"Mi Comercio Esta secci\u00f3n es el centro de control para personalizar y presentar tu comercio. Opciones disponibles:","_links":{"self":[{"href":"https:\/\/wiki.kieroplus.com\/wiki-kiero\/wp-json\/wp\/v2\/pages\/363","targetHints":{"allow":["GET"]}}],"collection":[{"href":"https:\/\/wiki.kieroplus.com\/wiki-kiero\/wp-json\/wp\/v2\/pages"}],"about":[{"href":"https:\/\/wiki.kieroplus.com\/wiki-kiero\/wp-json\/wp\/v2\/types\/page"}],"author":[{"embeddable":true,"href":"https:\/\/wiki.kieroplus.com\/wiki-kiero\/wp-json\/wp\/v2\/users\/1"}],"replies":[{"embeddable":true,"href":"https:\/\/wiki.kieroplus.com\/wiki-kiero\/wp-json\/wp\/v2\/comments?post=363"}],"version-history":[{"count":7,"href":"https:\/\/wiki.kieroplus.com\/wiki-kiero\/wp-json\/wp\/v2\/pages\/363\/revisions"}],"predecessor-version":[{"id":713,"href":"https:\/\/wiki.kieroplus.com\/wiki-kiero\/wp-json\/wp\/v2\/pages\/363\/revisions\/713"}],"wp:attachment":[{"href":"https:\/\/wiki.kieroplus.com\/wiki-kiero\/wp-json\/wp\/v2\/media?parent=363"}],"curies":[{"name":"wp","href":"https:\/\/api.w.org\/{rel}","templated":true}]}}