{"id":186,"date":"2024-09-03T07:22:17","date_gmt":"2024-09-03T07:22:17","guid":{"rendered":"https:\/\/wiki.kieroplus.com\/?page_id=186"},"modified":"2026-02-02T10:47:55","modified_gmt":"2026-02-02T10:47:55","slug":"gestion-de-accesos","status":"publish","type":"page","link":"https:\/\/wiki.kieroplus.com\/wiki-kiero\/mi-comercio\/ajustes-generales\/gestion-de-accesos\/","title":{"rendered":"Gesti\u00f3n de Accesos"},"content":{"rendered":"\n<hr class=\"wp-block-separator has-text-color has-alpha-channel-opacity has-background is-style-wide\" style=\"margin-top:0;margin-bottom:0;background-color:#d7d7d7;color:#d7d7d7\"\/>\n\n\n\n<div class=\"wp-block-group alignfull has-base-background-color has-background has-global-padding is-layout-constrained wp-container-core-group-is-layout-5fb1f4f9 wp-block-group-is-layout-constrained\" style=\"margin-top:0;margin-bottom:0;padding-top:60px;padding-right:var(--wp--preset--spacing--40);padding-bottom:60px;padding-left:var(--wp--preset--spacing--40)\">\n<div class=\"wp-block-columns alignwide is-layout-flex wp-container-core-columns-is-layout-1da03c2a wp-block-columns-is-layout-flex\">\n<div class=\"wp-block-column is-vertically-aligned-top has-global-padding is-layout-constrained wp-container-core-column-is-layout-0986e329 wp-block-column-is-layout-constrained\" style=\"padding-top:0;padding-right:0px;padding-bottom:0;padding-left:0px;flex-basis:100%\">\n<figure class=\"wp-block-gallery has-nested-images columns-default is-cropped wp-block-gallery-1 is-layout-flex wp-block-gallery-is-layout-flex\">\n<figure class=\"wp-block-image size-large\"><img loading=\"lazy\" decoding=\"async\" width=\"484\" height=\"1024\" data-id=\"655\" src=\"https:\/\/wiki.kieroplus.com\/wp-content\/uploads\/2025\/10\/Manual_GestionAccesos3-484x1024.png\" alt=\"\" class=\"wp-image-655\" srcset=\"https:\/\/wiki.kieroplus.com\/wp-content\/uploads\/2025\/10\/Manual_GestionAccesos3-484x1024.png 484w, https:\/\/wiki.kieroplus.com\/wp-content\/uploads\/2025\/10\/Manual_GestionAccesos3-142x300.png 142w, https:\/\/wiki.kieroplus.com\/wp-content\/uploads\/2025\/10\/Manual_GestionAccesos3-768x1626.png 768w, https:\/\/wiki.kieroplus.com\/wp-content\/uploads\/2025\/10\/Manual_GestionAccesos3-726x1536.png 726w, https:\/\/wiki.kieroplus.com\/wp-content\/uploads\/2025\/10\/Manual_GestionAccesos3-967x2048.png 967w, https:\/\/wiki.kieroplus.com\/wp-content\/uploads\/2025\/10\/Manual_GestionAccesos3.png 1207w\" sizes=\"auto, (max-width: 484px) 100vw, 484px\" \/><\/figure>\n\n\n\n<figure class=\"wp-block-image size-large\"><img loading=\"lazy\" decoding=\"async\" width=\"484\" height=\"1024\" data-id=\"656\" src=\"https:\/\/wiki.kieroplus.com\/wp-content\/uploads\/2025\/10\/Manual_GestionAcessos2-484x1024.png\" alt=\"\" class=\"wp-image-656\" srcset=\"https:\/\/wiki.kieroplus.com\/wp-content\/uploads\/2025\/10\/Manual_GestionAcessos2-484x1024.png 484w, https:\/\/wiki.kieroplus.com\/wp-content\/uploads\/2025\/10\/Manual_GestionAcessos2-142x300.png 142w, https:\/\/wiki.kieroplus.com\/wp-content\/uploads\/2025\/10\/Manual_GestionAcessos2-768x1626.png 768w, https:\/\/wiki.kieroplus.com\/wp-content\/uploads\/2025\/10\/Manual_GestionAcessos2-726x1536.png 726w, https:\/\/wiki.kieroplus.com\/wp-content\/uploads\/2025\/10\/Manual_GestionAcessos2-967x2048.png 967w, https:\/\/wiki.kieroplus.com\/wp-content\/uploads\/2025\/10\/Manual_GestionAcessos2.png 1207w\" sizes=\"auto, (max-width: 484px) 100vw, 484px\" \/><\/figure>\n<\/figure>\n<\/div>\n\n\n\n<div class=\"wp-block-column is-vertically-aligned-stretch is-layout-flow wp-block-column-is-layout-flow\" style=\"flex-basis:100%\">\n<div class=\"wp-block-group is-vertical is-content-justification-stretch is-layout-flex wp-container-core-group-is-layout-8f18a2b3 wp-block-group-is-layout-flex\" style=\"min-height:0%\">\n<h3 class=\"wp-block-heading\">Gesti\u00f3n de Accesos<\/h3>\n\n\n\n<p class=\"wp-container-content-0733e5d0\">Esta secci\u00f3n te brinda las herramientas para administrar de manera eficiente a otros usuarios de Kiero+ Gerente que tengan acceso a tu comercio.<br>Visualizaci\u00f3n y orden de notificaci\u00f3n:<\/p>\n\n\n\n<p class=\"wp-container-content-0733e5d0\">\u2022 Lista de Usuarios: Observa la lista de repartidores vinculados a tu comercio.<\/p>\n\n\n\n<p class=\"wp-container-content-0733e5d0\">\u2022 Rol del Usuario: Cada usuario puede tener un rol diferente en el comercio, como son: <\/p>\n\n\n\n<ol class=\"wp-block-list\">\n<li>Administrador y Propietarios: Acceso completo del comercio. Tiene que haber al menos 1 propietario.<\/li>\n\n\n\n<li>Asistente:.<\/li>\n\n\n\n<li>B\u00e1sico: Acceso a los datos del comercio.<\/li>\n\n\n\n<li>Pedidos y Reservas: Acceso limitado a ver y gestionar los pedidos y las reservas.<\/li>\n<\/ol>\n\n\n\n<p>Informaci\u00f3n y acciones en cada ficha:<\/p>\n\n\n\n<p>Para agregar un nuevo acceso, pulsa <img loading=\"lazy\" decoding=\"async\" width=\"420\" height=\"149\" class=\"wp-image-657\" style=\"width: 100px;vertical-align:middle\" src=\"https:\/\/wiki.kieroplus.com\/wp-content\/uploads\/2025\/10\/Manual_GestionAccesos_BotonNuevoAcceso.png\" alt=\"\" srcset=\"https:\/\/wiki.kieroplus.com\/wp-content\/uploads\/2025\/10\/Manual_GestionAccesos_BotonNuevoAcceso.png 420w, https:\/\/wiki.kieroplus.com\/wp-content\/uploads\/2025\/10\/Manual_GestionAccesos_BotonNuevoAcceso-300x106.png 300w\" sizes=\"auto, (max-width: 420px) 100vw, 420px\" \/>, y en el dialogo, introduce el Nombre del usuario y el correo asociado a su cuenta. Para confirmar los cambios, pulsa <img loading=\"lazy\" decoding=\"async\" width=\"347\" height=\"107\" class=\"wp-image-658\" style=\"width: 100px;vertical-align:middle\" src=\"https:\/\/wiki.kieroplus.com\/wp-content\/uploads\/2025\/10\/Manual_GestionAccesos_BotonCrearAcceso.png\" alt=\"\" srcset=\"https:\/\/wiki.kieroplus.com\/wp-content\/uploads\/2025\/10\/Manual_GestionAccesos_BotonCrearAcceso.png 347w, https:\/\/wiki.kieroplus.com\/wp-content\/uploads\/2025\/10\/Manual_GestionAccesos_BotonCrearAcceso-300x93.png 300w\" sizes=\"auto, (max-width: 347px) 100vw, 347px\" \/>.<\/p>\n\n\n\n<p>Para cambiar el rol de un usuario, pulsa al rol que hay a la derecha del nombre, donde se puede editar a cualquiera de los 4 rol mencionados. El bot\u00f3n <img loading=\"lazy\" decoding=\"async\" width=\"87\" height=\"96\" class=\"wp-image-660\" style=\"width: 35px;vertical-align:middle\" src=\"https:\/\/wiki.kieroplus.com\/wp-content\/uploads\/2025\/10\/Manual_GestionAccesos_BotonAyuda.png\" alt=\"\"> muestra m\u00e1s detalles sobre cada rol. <\/p>\n\n\n\n<p>Para eliminar un acceso de un usuario a tu comercio, pulsa <img loading=\"lazy\" decoding=\"async\" width=\"107\" height=\"97\" class=\"wp-image-659\" style=\"width: 35px;vertical-align:middle\" src=\"https:\/\/wiki.kieroplus.com\/wp-content\/uploads\/2025\/10\/Manual_GestionAccesos_BotonBorrar.png\" alt=\"\">.<\/p>\n\n\n\n<p><strong>IMPORTANTE: Alta y acceso de un nuevo gestor<\/strong>:<br>El nuevo gestor debe descargar la aplicaci\u00f3n en su terminal y registrarse en Kiero+.<br>Una vez completado el registro, recibir\u00e1 un correo electr\u00f3nico para validar su cuenta.<br>Tras la validaci\u00f3n del correo y siempre que el administrador propietario haya dado de alta previamente al nuevo gestor, este podr\u00e1 acceder a la aplicaci\u00f3n utilizando su correo electr\u00f3nico y contrase\u00f1a.<br>El gestor solo podr\u00e1 realizar las operaciones que el administrador haya autorizado previamente, seg\u00fan los permisos asignados.<\/p>\n<\/div>\n<\/div>\n<\/div>\n<\/div>\n","protected":false},"excerpt":{"rendered":"<p>Gesti\u00f3n de Accesos Esta secci\u00f3n te brinda las herramientas para administrar de manera eficiente a otros usuarios de Kiero+ Gerente que tengan acceso a tu comercio.Visualizaci\u00f3n y orden de notificaci\u00f3n: \u2022 Lista de Usuarios: Observa la lista de repartidores vinculados a tu comercio. \u2022 Rol del Usuario: Cada usuario puede tener un rol diferente en [&hellip;]<\/p>\n","protected":false},"author":1,"featured_media":0,"parent":177,"menu_order":0,"comment_status":"closed","ping_status":"closed","template":"","meta":{"_uag_custom_page_level_css":"","footnotes":""},"class_list":["post-186","page","type-page","status-publish","hentry"],"uagb_featured_image_src":{"full":false,"thumbnail":false,"medium":false,"medium_large":false,"large":false,"1536x1536":false,"2048x2048":false},"uagb_author_info":{"display_name":"admin","author_link":"https:\/\/wiki.kieroplus.com\/wiki-kiero\/author\/kieroplus_9hwuvl6f\/"},"uagb_comment_info":0,"uagb_excerpt":"Gesti\u00f3n de Accesos Esta secci\u00f3n te brinda las herramientas para administrar de manera eficiente a otros usuarios de Kiero+ Gerente que tengan acceso a tu comercio.Visualizaci\u00f3n y orden de notificaci\u00f3n: \u2022 Lista de Usuarios: Observa la lista de repartidores vinculados a tu comercio. \u2022 Rol del Usuario: Cada usuario puede tener un rol diferente en&hellip;","_links":{"self":[{"href":"https:\/\/wiki.kieroplus.com\/wiki-kiero\/wp-json\/wp\/v2\/pages\/186","targetHints":{"allow":["GET"]}}],"collection":[{"href":"https:\/\/wiki.kieroplus.com\/wiki-kiero\/wp-json\/wp\/v2\/pages"}],"about":[{"href":"https:\/\/wiki.kieroplus.com\/wiki-kiero\/wp-json\/wp\/v2\/types\/page"}],"author":[{"embeddable":true,"href":"https:\/\/wiki.kieroplus.com\/wiki-kiero\/wp-json\/wp\/v2\/users\/1"}],"replies":[{"embeddable":true,"href":"https:\/\/wiki.kieroplus.com\/wiki-kiero\/wp-json\/wp\/v2\/comments?post=186"}],"version-history":[{"count":8,"href":"https:\/\/wiki.kieroplus.com\/wiki-kiero\/wp-json\/wp\/v2\/pages\/186\/revisions"}],"predecessor-version":[{"id":1155,"href":"https:\/\/wiki.kieroplus.com\/wiki-kiero\/wp-json\/wp\/v2\/pages\/186\/revisions\/1155"}],"up":[{"embeddable":true,"href":"https:\/\/wiki.kieroplus.com\/wiki-kiero\/wp-json\/wp\/v2\/pages\/177"}],"wp:attachment":[{"href":"https:\/\/wiki.kieroplus.com\/wiki-kiero\/wp-json\/wp\/v2\/media?parent=186"}],"curies":[{"name":"wp","href":"https:\/\/api.w.org\/{rel}","templated":true}]}}