{"id":179,"date":"2024-09-03T07:14:01","date_gmt":"2024-09-03T07:14:01","guid":{"rendered":"https:\/\/wiki.kieroplus.com\/?page_id=179"},"modified":"2025-11-27T09:38:57","modified_gmt":"2025-11-27T09:38:57","slug":"ajustes-reservas","status":"publish","type":"page","link":"https:\/\/wiki.kieroplus.com\/wiki-kiero\/reservas\/ajustes-reservas\/","title":{"rendered":"Ajustes Reservas"},"content":{"rendered":"\n<hr class=\"wp-block-separator has-text-color has-alpha-channel-opacity has-background is-style-wide\" style=\"margin-top:0;margin-bottom:0;background-color:#d7d7d7;color:#d7d7d7\"\/>\n\n\n\n<div class=\"wp-block-group alignfull has-base-background-color has-background has-global-padding is-layout-constrained wp-container-core-group-is-layout-5fb1f4f9 wp-block-group-is-layout-constrained\" style=\"margin-top:0;margin-bottom:0;padding-top:60px;padding-right:var(--wp--preset--spacing--40);padding-bottom:60px;padding-left:var(--wp--preset--spacing--40)\">\n<div class=\"wp-block-columns alignwide is-layout-flex wp-container-core-columns-is-layout-1da03c2a wp-block-columns-is-layout-flex\">\n<div class=\"wp-block-column is-vertically-aligned-top has-global-padding is-layout-constrained wp-container-core-column-is-layout-dc5f3bcc wp-block-column-is-layout-constrained\" style=\"padding-top:0;padding-right:80px;padding-bottom:0;padding-left:80px;flex-basis:40%\">\n<figure class=\"wp-block-image aligncenter size-large\"><img loading=\"lazy\" decoding=\"async\" width=\"484\" height=\"1024\" src=\"https:\/\/wiki.kieroplus.com\/wp-content\/uploads\/2025\/11\/Manual_AjustesReservas-1-484x1024.png\" alt=\"\" class=\"wp-image-924\" srcset=\"https:\/\/wiki.kieroplus.com\/wp-content\/uploads\/2025\/11\/Manual_AjustesReservas-1-484x1024.png 484w, https:\/\/wiki.kieroplus.com\/wp-content\/uploads\/2025\/11\/Manual_AjustesReservas-1-142x300.png 142w, https:\/\/wiki.kieroplus.com\/wp-content\/uploads\/2025\/11\/Manual_AjustesReservas-1-768x1626.png 768w, https:\/\/wiki.kieroplus.com\/wp-content\/uploads\/2025\/11\/Manual_AjustesReservas-1-726x1536.png 726w, https:\/\/wiki.kieroplus.com\/wp-content\/uploads\/2025\/11\/Manual_AjustesReservas-1-967x2048.png 967w, https:\/\/wiki.kieroplus.com\/wp-content\/uploads\/2025\/11\/Manual_AjustesReservas-1.png 1207w\" sizes=\"auto, (max-width: 484px) 100vw, 484px\" \/><\/figure>\n<\/div>\n\n\n\n<div class=\"wp-block-column is-vertically-aligned-stretch is-layout-flow wp-block-column-is-layout-flow\" style=\"flex-basis:100%\">\n<div class=\"wp-block-group is-vertical is-content-justification-stretch is-layout-flex wp-container-core-group-is-layout-8f18a2b3 wp-block-group-is-layout-flex\" style=\"min-height:0%\">\n<h3 class=\"wp-block-heading\">Ajustes Reservas<\/h3>\n\n\n\n<p class=\"wp-container-content-0733e5d0\">La secci\u00f3n \u00abAjustes de Reservas\u00bb te permite configurar c\u00f3mo se manejan las reservas en tu comercio a trav\u00e9s de Kiero+.<br>Opciones de configuraci\u00f3n:<\/p>\n\n\n\n<ol class=\"wp-block-list\">\n<li>Clientes Bloqueados: Permite comprobar la lista de Clientes Bloqueados, ademas de poder desbloquearlos, pulsando en el usuario correspondiente.<\/li>\n\n\n\n<li>Admitir Reservas: Decide si deseas habilitar la funcionalidad de reservas en tu comercio.<\/li>\n\n\n\n<li>Petici\u00f3n Comensales: Si tienes un negocio de hosteler\u00eda, activa esta opci\u00f3n para que los clientes indiquen el n\u00famero de personas que asistir\u00e1n a la reserva.<\/li>\n\n\n\n<li>Tiempo para el rechazo autom\u00e1tico: Establece el tiempo m\u00e1ximo que tienes para responder a una solicitud de reserva. Si no respondes dentro de ese plazo, Kiero+ notificar\u00e1 al cliente que su reserva no ha sido atendida, evitando esperas innecesarias.<\/li>\n\n\n\n<li>Tiempo fijo de demora: Define un tiempo adicional que Kiero+ a\u00f1adir\u00e1 al momento en que el cliente realiza la reserva. Esto te brindar\u00e1 un margen para evaluar la solicitud y prepararte antes de confirmarla.<\/li>\n<\/ol>\n\n\n\n<p class=\"wp-container-content-0733e5d0\">\u00a1Con Kiero+ ofrece una experiencia fluida a tus clientes con la gesti\u00f3n de Reservas!<\/p>\n<\/div>\n<\/div>\n<\/div>\n<\/div>\n\n\n\n<hr class=\"wp-block-separator has-text-color has-alpha-channel-opacity has-background is-style-wide\" style=\"margin-top:0;margin-bottom:0;background-color:#d7d7d7;color:#d7d7d7\"\/>\n","protected":false},"excerpt":{"rendered":"<p>Ajustes Reservas La secci\u00f3n \u00abAjustes de Reservas\u00bb te permite configurar c\u00f3mo se manejan las reservas en tu comercio a trav\u00e9s de Kiero+.Opciones de configuraci\u00f3n: \u00a1Con Kiero+ ofrece una experiencia fluida a tus clientes con la gesti\u00f3n de Reservas!<\/p>\n","protected":false},"author":1,"featured_media":0,"parent":675,"menu_order":3,"comment_status":"closed","ping_status":"closed","template":"","meta":{"_uag_custom_page_level_css":"","footnotes":""},"class_list":["post-179","page","type-page","status-publish","hentry"],"uagb_featured_image_src":{"full":false,"thumbnail":false,"medium":false,"medium_large":false,"large":false,"1536x1536":false,"2048x2048":false},"uagb_author_info":{"display_name":"admin","author_link":"https:\/\/wiki.kieroplus.com\/wiki-kiero\/author\/kieroplus_9hwuvl6f\/"},"uagb_comment_info":0,"uagb_excerpt":"Ajustes Reservas La secci\u00f3n \u00abAjustes de Reservas\u00bb te permite configurar c\u00f3mo se manejan las reservas en tu comercio a trav\u00e9s de Kiero+.Opciones de configuraci\u00f3n: \u00a1Con Kiero+ ofrece una experiencia fluida a tus clientes con la gesti\u00f3n de Reservas!","_links":{"self":[{"href":"https:\/\/wiki.kieroplus.com\/wiki-kiero\/wp-json\/wp\/v2\/pages\/179","targetHints":{"allow":["GET"]}}],"collection":[{"href":"https:\/\/wiki.kieroplus.com\/wiki-kiero\/wp-json\/wp\/v2\/pages"}],"about":[{"href":"https:\/\/wiki.kieroplus.com\/wiki-kiero\/wp-json\/wp\/v2\/types\/page"}],"author":[{"embeddable":true,"href":"https:\/\/wiki.kieroplus.com\/wiki-kiero\/wp-json\/wp\/v2\/users\/1"}],"replies":[{"embeddable":true,"href":"https:\/\/wiki.kieroplus.com\/wiki-kiero\/wp-json\/wp\/v2\/comments?post=179"}],"version-history":[{"count":7,"href":"https:\/\/wiki.kieroplus.com\/wiki-kiero\/wp-json\/wp\/v2\/pages\/179\/revisions"}],"predecessor-version":[{"id":1070,"href":"https:\/\/wiki.kieroplus.com\/wiki-kiero\/wp-json\/wp\/v2\/pages\/179\/revisions\/1070"}],"up":[{"embeddable":true,"href":"https:\/\/wiki.kieroplus.com\/wiki-kiero\/wp-json\/wp\/v2\/pages\/675"}],"wp:attachment":[{"href":"https:\/\/wiki.kieroplus.com\/wiki-kiero\/wp-json\/wp\/v2\/media?parent=179"}],"curies":[{"name":"wp","href":"https:\/\/api.w.org\/{rel}","templated":true}]}}