{"id":177,"date":"2024-09-03T07:13:13","date_gmt":"2024-09-03T07:13:13","guid":{"rendered":"https:\/\/wiki.kieroplus.com\/?page_id=177"},"modified":"2025-11-20T12:25:05","modified_gmt":"2025-11-20T12:25:05","slug":"ajustes-generales","status":"publish","type":"page","link":"https:\/\/wiki.kieroplus.com\/wiki-kiero\/mi-comercio\/ajustes-generales\/","title":{"rendered":"Ajustes Generales"},"content":{"rendered":"\n<hr class=\"wp-block-separator has-text-color has-alpha-channel-opacity has-background is-style-wide\" style=\"margin-top:0;margin-bottom:0;background-color:#d7d7d7;color:#d7d7d7\"\/>\n\n\n\n<div class=\"wp-block-group alignfull has-base-background-color has-background has-global-padding is-layout-constrained wp-container-core-group-is-layout-5fb1f4f9 wp-block-group-is-layout-constrained\" style=\"margin-top:0;margin-bottom:0;padding-top:60px;padding-right:var(--wp--preset--spacing--40);padding-bottom:60px;padding-left:var(--wp--preset--spacing--40)\">\n<div class=\"wp-block-columns alignwide is-layout-flex wp-container-core-columns-is-layout-1da03c2a wp-block-columns-is-layout-flex\">\n<div class=\"wp-block-column is-vertically-aligned-top has-global-padding is-layout-constrained wp-container-core-column-is-layout-dc5f3bcc wp-block-column-is-layout-constrained\" style=\"padding-top:0;padding-right:80px;padding-bottom:0;padding-left:80px;flex-basis:40%\">\n<figure class=\"wp-block-image aligncenter size-large\"><img loading=\"lazy\" decoding=\"async\" width=\"484\" height=\"1024\" src=\"https:\/\/wiki.kieroplus.com\/wp-content\/uploads\/2025\/10\/Manual_AjustesGenerales-484x1024.png\" alt=\"\" class=\"wp-image-643\" srcset=\"https:\/\/wiki.kieroplus.com\/wp-content\/uploads\/2025\/10\/Manual_AjustesGenerales-484x1024.png 484w, https:\/\/wiki.kieroplus.com\/wp-content\/uploads\/2025\/10\/Manual_AjustesGenerales-142x300.png 142w, https:\/\/wiki.kieroplus.com\/wp-content\/uploads\/2025\/10\/Manual_AjustesGenerales-768x1626.png 768w, https:\/\/wiki.kieroplus.com\/wp-content\/uploads\/2025\/10\/Manual_AjustesGenerales-726x1536.png 726w, https:\/\/wiki.kieroplus.com\/wp-content\/uploads\/2025\/10\/Manual_AjustesGenerales-967x2048.png 967w, https:\/\/wiki.kieroplus.com\/wp-content\/uploads\/2025\/10\/Manual_AjustesGenerales.png 1207w\" sizes=\"auto, (max-width: 484px) 100vw, 484px\" \/><\/figure>\n<\/div>\n\n\n\n<div class=\"wp-block-column is-vertically-aligned-stretch is-layout-flow wp-block-column-is-layout-flow\" style=\"flex-basis:100%\">\n<div class=\"wp-block-group is-vertical is-content-justification-stretch is-layout-flex wp-container-core-group-is-layout-8f18a2b3 wp-block-group-is-layout-flex\" style=\"min-height:0%\">\n<h3 class=\"wp-block-heading\">Ajustes Generales<\/h3>\n\n\n\n<p>La secci\u00f3n \u00abAjustes Generales\u00bb te ofrece diversas opciones para gestionar aspectos importantes de tu cuenta y comercio en Kiero+.<br><br>Opciones disponibles:<br><\/p>\n\n\n\n<ol class=\"wp-block-list\">\n<li>Compartir App y Comercio: Promociona tu comercio compartiendo f\u00e1cilmente la aplicaci\u00f3n Kiero+ y el enlace directo a tu tienda con tus clientes a trav\u00e9s de WhatsApp y otras redes sociales.<\/li>\n\n\n\n<li>Configuraci\u00f3n de Notificaciones: Personaliza las alertas y notificaciones que recibes en tu m\u00f3vil de Kiero+, adem\u00e1s de poder activar o desactivarlas notificaciones sonoras, desde los ajustes del tel\u00e9fono.<\/li>\n\n\n\n<li>Restablecer Local de Ejemplo: \u00a1Atenci\u00f3n! Esta opci\u00f3n elimina todos los productos y configuraciones de tu comercio, restableci\u00e9ndolo a su estado inicial. Esta acci\u00f3n es irreversible, as\u00ed que \u00fasala con precauci\u00f3n.<\/li>\n\n\n\n<li>Cambiar Contrase\u00f1a: Modifica tu contrase\u00f1a de acceso a Kiero+ para garantizar la seguridad de tu cuenta.<\/li>\n\n\n\n<li><a href=\"https:\/\/wiki.kieroplus.com\/mi-comercio\/ajustes-generales\/gestion-de-accesos\/\" data-type=\"page\" data-id=\"186\">Gesti\u00f3n de Accesos<\/a>: Crea y gestiona accesos personalizados para otros usuarios, limitando sus permisos seg\u00fan tus necesidades.<\/li>\n\n\n\n<li>Cambiar Idioma: Selecciona el idioma en el que deseas utilizar la aplicaci\u00f3n Kiero+.<\/li>\n\n\n\n<li>Condiciones de servicio: Accede a las condiciones de servicio de Kiero+ para conocer los t\u00e9rminos y pol\u00edticas de uso de Kiero+.<\/li>\n\n\n\n<li>Cerrar sesi\u00f3n: Finaliza tu sesi\u00f3n actual en Kiero+.<\/li>\n<\/ol>\n\n\n\n<p>\u00a1Personaliza tu experiencia en Kiero+ y mant\u00e9n el control de tu comercio!<\/p>\n<\/div>\n<\/div>\n<\/div>\n<\/div>\n","protected":false},"excerpt":{"rendered":"<p>Ajustes Generales La secci\u00f3n \u00abAjustes Generales\u00bb te ofrece diversas opciones para gestionar aspectos importantes de tu cuenta y comercio en Kiero+. Opciones disponibles: \u00a1Personaliza tu experiencia en Kiero+ y mant\u00e9n el control de tu comercio!<\/p>\n","protected":false},"author":1,"featured_media":0,"parent":363,"menu_order":9,"comment_status":"closed","ping_status":"closed","template":"","meta":{"_uag_custom_page_level_css":"","footnotes":""},"class_list":["post-177","page","type-page","status-publish","hentry"],"uagb_featured_image_src":{"full":false,"thumbnail":false,"medium":false,"medium_large":false,"large":false,"1536x1536":false,"2048x2048":false},"uagb_author_info":{"display_name":"admin","author_link":"https:\/\/wiki.kieroplus.com\/wiki-kiero\/author\/kieroplus_9hwuvl6f\/"},"uagb_comment_info":0,"uagb_excerpt":"Ajustes Generales La secci\u00f3n \u00abAjustes Generales\u00bb te ofrece diversas opciones para gestionar aspectos importantes de tu cuenta y comercio en Kiero+. Opciones disponibles: \u00a1Personaliza tu experiencia en Kiero+ y mant\u00e9n el control de tu comercio!","_links":{"self":[{"href":"https:\/\/wiki.kieroplus.com\/wiki-kiero\/wp-json\/wp\/v2\/pages\/177","targetHints":{"allow":["GET"]}}],"collection":[{"href":"https:\/\/wiki.kieroplus.com\/wiki-kiero\/wp-json\/wp\/v2\/pages"}],"about":[{"href":"https:\/\/wiki.kieroplus.com\/wiki-kiero\/wp-json\/wp\/v2\/types\/page"}],"author":[{"embeddable":true,"href":"https:\/\/wiki.kieroplus.com\/wiki-kiero\/wp-json\/wp\/v2\/users\/1"}],"replies":[{"embeddable":true,"href":"https:\/\/wiki.kieroplus.com\/wiki-kiero\/wp-json\/wp\/v2\/comments?post=177"}],"version-history":[{"count":8,"href":"https:\/\/wiki.kieroplus.com\/wiki-kiero\/wp-json\/wp\/v2\/pages\/177\/revisions"}],"predecessor-version":[{"id":971,"href":"https:\/\/wiki.kieroplus.com\/wiki-kiero\/wp-json\/wp\/v2\/pages\/177\/revisions\/971"}],"up":[{"embeddable":true,"href":"https:\/\/wiki.kieroplus.com\/wiki-kiero\/wp-json\/wp\/v2\/pages\/363"}],"wp:attachment":[{"href":"https:\/\/wiki.kieroplus.com\/wiki-kiero\/wp-json\/wp\/v2\/media?parent=177"}],"curies":[{"name":"wp","href":"https:\/\/api.w.org\/{rel}","templated":true}]}}