{"id":173,"date":"2024-09-03T07:12:12","date_gmt":"2024-09-03T07:12:12","guid":{"rendered":"https:\/\/wiki.kieroplus.com\/?page_id=173"},"modified":"2025-10-06T09:00:23","modified_gmt":"2025-10-06T09:00:23","slug":"crear-o-modificar-un-producto","status":"publish","type":"page","link":"https:\/\/wiki.kieroplus.com\/wiki-kiero\/crear-o-modificar-un-producto\/","title":{"rendered":"Crear o Modificar un Producto"},"content":{"rendered":"\n<hr class=\"wp-block-separator has-text-color has-alpha-channel-opacity has-background is-style-wide\" style=\"margin-top:0;margin-bottom:0;background-color:#d7d7d7;color:#d7d7d7\"\/>\n\n\n\n\n\n<hr class=\"wp-block-separator has-text-color has-alpha-channel-opacity has-background is-style-wide\" style=\"margin-top:0;margin-bottom:0;background-color:#d7d7d7;color:#d7d7d7\"\/>\n\n\n\n\n\n<hr class=\"wp-block-separator has-text-color has-alpha-channel-opacity has-background is-style-wide\" style=\"margin-top:0;margin-bottom:0;background-color:#d7d7d7;color:#d7d7d7\"\/>\n\n\n\n\n\n<hr class=\"wp-block-separator has-text-color has-alpha-channel-opacity has-background is-style-wide\" style=\"margin-top:0;margin-bottom:0;background-color:#d7d7d7;color:#d7d7d7\"\/>\n\n\n\n<figure style=\"padding-top:0;padding-right:var(--wp--preset--spacing--50);padding-bottom:0;padding-left:var(--wp--preset--spacing--50)\" class=\"wp-block-video\"><video controls poster=\"https:\/\/wiki.kieroplus.com\/wp-content\/uploads\/2024\/11\/Captura-de-pantalla-2024-11-14-164154.png\" src=\"https:\/\/wiki.kieroplus.com\/wp-content\/uploads\/2024\/11\/Crear-un-producto.mp4\"><\/video><\/figure>\n\n\n\n<figure style=\"padding-right:var(--wp--preset--spacing--50);padding-left:var(--wp--preset--spacing--50)\" class=\"wp-block-video\"><video height=\"2400\" style=\"aspect-ratio: 1080 \/ 2400;\" width=\"1080\" controls poster=\"https:\/\/wiki.kieroplus.com\/wp-content\/uploads\/2024\/09\/Screenshot_20240903_110707.png\" src=\"https:\/\/wiki.kieroplus.com\/wp-content\/uploads\/2024\/11\/Opciones.mp4\"><\/video><\/figure>\n","protected":false},"excerpt":{"rendered":"<p>Crear o Modificar un Producto Esta secci\u00f3n te guiar\u00e1 paso a paso para crear productos atractivos y completos, o incluso anuncios llamativos, para tu comercio en Kiero+. \u00a1Veamos c\u00f3mo funciona!Selecciona el tipo de contenido:1-Producto: Si deseas a\u00f1adir un art\u00edculo a tu cat\u00e1logo para que los clientes puedan comprarlo, elige esta opci\u00f3n.2-Publicidad: Crea eventos de comunicaci\u00f3n [&hellip;]<\/p>\n","protected":false},"author":1,"featured_media":0,"parent":0,"menu_order":0,"comment_status":"closed","ping_status":"closed","template":"","meta":{"_uag_custom_page_level_css":"","footnotes":""},"class_list":["post-173","page","type-page","status-publish","hentry"],"uagb_featured_image_src":{"full":false,"thumbnail":false,"medium":false,"medium_large":false,"large":false,"1536x1536":false,"2048x2048":false},"uagb_author_info":{"display_name":"admin","author_link":"https:\/\/wiki.kieroplus.com\/wiki-kiero\/author\/kieroplus_9hwuvl6f\/"},"uagb_comment_info":0,"uagb_excerpt":"Crear o Modificar un Producto Esta secci\u00f3n te guiar\u00e1 paso a paso para crear productos atractivos y completos, o incluso anuncios llamativos, para tu comercio en Kiero+. \u00a1Veamos c\u00f3mo funciona!Selecciona el tipo de contenido:1-Producto: Si deseas a\u00f1adir un art\u00edculo a tu cat\u00e1logo para que los clientes puedan comprarlo, elige esta opci\u00f3n.2-Publicidad: Crea eventos de comunicaci\u00f3n&hellip;","_links":{"self":[{"href":"https:\/\/wiki.kieroplus.com\/wiki-kiero\/wp-json\/wp\/v2\/pages\/173","targetHints":{"allow":["GET"]}}],"collection":[{"href":"https:\/\/wiki.kieroplus.com\/wiki-kiero\/wp-json\/wp\/v2\/pages"}],"about":[{"href":"https:\/\/wiki.kieroplus.com\/wiki-kiero\/wp-json\/wp\/v2\/types\/page"}],"author":[{"embeddable":true,"href":"https:\/\/wiki.kieroplus.com\/wiki-kiero\/wp-json\/wp\/v2\/users\/1"}],"replies":[{"embeddable":true,"href":"https:\/\/wiki.kieroplus.com\/wiki-kiero\/wp-json\/wp\/v2\/comments?post=173"}],"version-history":[{"count":39,"href":"https:\/\/wiki.kieroplus.com\/wiki-kiero\/wp-json\/wp\/v2\/pages\/173\/revisions"}],"predecessor-version":[{"id":384,"href":"https:\/\/wiki.kieroplus.com\/wiki-kiero\/wp-json\/wp\/v2\/pages\/173\/revisions\/384"}],"wp:attachment":[{"href":"https:\/\/wiki.kieroplus.com\/wiki-kiero\/wp-json\/wp\/v2\/media?parent=173"}],"curies":[{"name":"wp","href":"https:\/\/api.w.org\/{rel}","templated":true}]}}