{"id":166,"date":"2024-09-03T06:54:57","date_gmt":"2024-09-03T06:54:57","guid":{"rendered":"https:\/\/wiki.kieroplus.com\/?page_id=166"},"modified":"2025-10-28T09:16:22","modified_gmt":"2025-10-28T09:16:22","slug":"suscripcion-datos-fiscales-y-facturas","status":"publish","type":"page","link":"https:\/\/wiki.kieroplus.com\/wiki-kiero\/mi-comercio\/suscripcion-datos-fiscales-y-facturas\/","title":{"rendered":"Suscripci\u00f3n, Datos Fiscales y Facturas"},"content":{"rendered":"\n<hr class=\"wp-block-separator has-text-color has-alpha-channel-opacity has-background is-style-wide\" style=\"margin-top:0;margin-bottom:0;background-color:#d7d7d7;color:#d7d7d7\"\/>\n\n\n\n<div class=\"wp-block-group alignfull has-base-background-color has-background has-global-padding is-layout-constrained wp-container-core-group-is-layout-5fb1f4f9 wp-block-group-is-layout-constrained\" style=\"margin-top:0;margin-bottom:0;padding-top:60px;padding-right:var(--wp--preset--spacing--40);padding-bottom:60px;padding-left:var(--wp--preset--spacing--40)\">\n<div class=\"wp-block-columns alignwide is-layout-flex wp-container-core-columns-is-layout-1da03c2a wp-block-columns-is-layout-flex\">\n<div class=\"wp-block-column is-vertically-aligned-top has-global-padding is-layout-constrained wp-container-core-column-is-layout-dc5f3bcc wp-block-column-is-layout-constrained\" style=\"padding-top:0;padding-right:80px;padding-bottom:0;padding-left:80px;flex-basis:40%\">\n<figure class=\"wp-block-image aligncenter size-large\"><img loading=\"lazy\" decoding=\"async\" width=\"484\" height=\"1024\" src=\"https:\/\/wiki.kieroplus.com\/wp-content\/uploads\/2025\/10\/Manual_MiSuscripcion-484x1024.png\" alt=\"\" class=\"wp-image-740\" srcset=\"https:\/\/wiki.kieroplus.com\/wp-content\/uploads\/2025\/10\/Manual_MiSuscripcion-484x1024.png 484w, https:\/\/wiki.kieroplus.com\/wp-content\/uploads\/2025\/10\/Manual_MiSuscripcion-142x300.png 142w, https:\/\/wiki.kieroplus.com\/wp-content\/uploads\/2025\/10\/Manual_MiSuscripcion-768x1626.png 768w, https:\/\/wiki.kieroplus.com\/wp-content\/uploads\/2025\/10\/Manual_MiSuscripcion-726x1536.png 726w, https:\/\/wiki.kieroplus.com\/wp-content\/uploads\/2025\/10\/Manual_MiSuscripcion-967x2048.png 967w, https:\/\/wiki.kieroplus.com\/wp-content\/uploads\/2025\/10\/Manual_MiSuscripcion.png 1207w\" sizes=\"auto, (max-width: 484px) 100vw, 484px\" \/><\/figure>\n<\/div>\n\n\n\n<div class=\"wp-block-column is-vertically-aligned-stretch is-layout-flow wp-block-column-is-layout-flow\" style=\"flex-basis:100%\">\n<div class=\"wp-block-group is-vertical is-content-justification-stretch is-layout-flex wp-container-core-group-is-layout-8f18a2b3 wp-block-group-is-layout-flex\" style=\"min-height:0%\">\n<h3 class=\"wp-block-heading\">Suscripci\u00f3n, Datos Fiscales y Facturas<\/h3>\n\n\n\n<p class=\"wp-container-content-0733e5d0\">Kiero+ te brinda una plataforma segura y confiable para administrar tus suscripciones, datos fiscales y facturas, gracias a la integraci\u00f3n con Stripe, l\u00edder mundial en pasarelas de pago y gesti\u00f3n de facturas.<br>Accede a tu informaci\u00f3n financiera:<br>Haz clic en el bot\u00f3n \u00abSuscripci\u00f3n, Datos Fiscales y Facturas\u00bb para acceder al entorno seguro de Stripe, donde podr\u00e1s:<br>Gestionar tu suscripci\u00f3n:<br>\u2022 Actualizar o cancelar tu plan: Adapta tu suscripci\u00f3n a las necesidades de tu negocio en cualquier momento.<br>\u2022 Modificar y a\u00f1adir m\u00e9todos de pago: Actualiza o agrega nuevas formas de pago de manera segura y conveniente.<br>\u2022 Consultar los datos de facturaci\u00f3n: Verifica y modifica tus datos de facturaci\u00f3n para asegurarte de que todo est\u00e9 correcto.<br>Consultar y descargar facturas:<br>\u2022 Historial de facturas: Accede a un registro completo de tus facturas de Kiero+.<br>\u2022 Descarga de facturas: Descarga tus facturas en formato PDF para llevar un control detallado de tus gastos.<br>Seguridad y confianza:<br>\u2022 Stripe: Kiero+ delega la gesti\u00f3n de tus datos financieros a Stripe, una plataforma reconocida por su seguridad y fiabilidad.<br>\u2022 Entorno seguro: Tus datos est\u00e1n protegidos en todo momento gracias a las medidas de seguridad implementadas por Stripe.<\/p>\n\n\n\n<p class=\"wp-container-content-0733e5d0\"><\/p>\n<\/div>\n<\/div>\n<\/div>\n<\/div>\n\n\n\n<hr class=\"wp-block-separator has-text-color has-alpha-channel-opacity has-background is-style-wide\" style=\"margin-top:0;margin-bottom:0;background-color:#d7d7d7;color:#d7d7d7\"\/>\n\n\n\n<p><\/p>\n","protected":false},"excerpt":{"rendered":"<p>Suscripci\u00f3n, Datos Fiscales y Facturas Kiero+ te brinda una plataforma segura y confiable para administrar tus suscripciones, datos fiscales y facturas, gracias a la integraci\u00f3n con Stripe, l\u00edder mundial en pasarelas de pago y gesti\u00f3n de facturas.Accede a tu informaci\u00f3n financiera:Haz clic en el bot\u00f3n \u00abSuscripci\u00f3n, Datos Fiscales y Facturas\u00bb para acceder al entorno seguro [&hellip;]<\/p>\n","protected":false},"author":1,"featured_media":0,"parent":363,"menu_order":7,"comment_status":"closed","ping_status":"closed","template":"","meta":{"_uag_custom_page_level_css":"","footnotes":""},"class_list":["post-166","page","type-page","status-publish","hentry"],"uagb_featured_image_src":{"full":false,"thumbnail":false,"medium":false,"medium_large":false,"large":false,"1536x1536":false,"2048x2048":false},"uagb_author_info":{"display_name":"admin","author_link":"https:\/\/wiki.kieroplus.com\/wiki-kiero\/author\/kieroplus_9hwuvl6f\/"},"uagb_comment_info":0,"uagb_excerpt":"Suscripci\u00f3n, Datos Fiscales y Facturas Kiero+ te brinda una plataforma segura y confiable para administrar tus suscripciones, datos fiscales y facturas, gracias a la integraci\u00f3n con Stripe, l\u00edder mundial en pasarelas de pago y gesti\u00f3n de facturas.Accede a tu informaci\u00f3n financiera:Haz clic en el bot\u00f3n \u00abSuscripci\u00f3n, Datos Fiscales y Facturas\u00bb para acceder al entorno seguro&hellip;","_links":{"self":[{"href":"https:\/\/wiki.kieroplus.com\/wiki-kiero\/wp-json\/wp\/v2\/pages\/166","targetHints":{"allow":["GET"]}}],"collection":[{"href":"https:\/\/wiki.kieroplus.com\/wiki-kiero\/wp-json\/wp\/v2\/pages"}],"about":[{"href":"https:\/\/wiki.kieroplus.com\/wiki-kiero\/wp-json\/wp\/v2\/types\/page"}],"author":[{"embeddable":true,"href":"https:\/\/wiki.kieroplus.com\/wiki-kiero\/wp-json\/wp\/v2\/users\/1"}],"replies":[{"embeddable":true,"href":"https:\/\/wiki.kieroplus.com\/wiki-kiero\/wp-json\/wp\/v2\/comments?post=166"}],"version-history":[{"count":4,"href":"https:\/\/wiki.kieroplus.com\/wiki-kiero\/wp-json\/wp\/v2\/pages\/166\/revisions"}],"predecessor-version":[{"id":741,"href":"https:\/\/wiki.kieroplus.com\/wiki-kiero\/wp-json\/wp\/v2\/pages\/166\/revisions\/741"}],"up":[{"embeddable":true,"href":"https:\/\/wiki.kieroplus.com\/wiki-kiero\/wp-json\/wp\/v2\/pages\/363"}],"wp:attachment":[{"href":"https:\/\/wiki.kieroplus.com\/wiki-kiero\/wp-json\/wp\/v2\/media?parent=166"}],"curies":[{"name":"wp","href":"https:\/\/api.w.org\/{rel}","templated":true}]}}