{"id":161,"date":"2024-09-03T06:52:02","date_gmt":"2024-09-03T06:52:02","guid":{"rendered":"https:\/\/wiki.kieroplus.com\/?page_id=161"},"modified":"2025-11-19T12:47:04","modified_gmt":"2025-11-19T12:47:04","slug":"mis-qrs","status":"publish","type":"page","link":"https:\/\/wiki.kieroplus.com\/wiki-kiero\/mi-comercio\/mis-qrs\/","title":{"rendered":"Mis QRs"},"content":{"rendered":"\n<hr class=\"wp-block-separator has-text-color has-alpha-channel-opacity has-background is-style-wide\" style=\"margin-top:0;margin-bottom:0;background-color:#d7d7d7;color:#d7d7d7\"\/>\n\n\n\n<div class=\"wp-block-group alignfull has-base-background-color has-background has-global-padding is-layout-constrained wp-container-core-group-is-layout-5fb1f4f9 wp-block-group-is-layout-constrained\" style=\"margin-top:0;margin-bottom:0;padding-top:60px;padding-right:var(--wp--preset--spacing--40);padding-bottom:60px;padding-left:var(--wp--preset--spacing--40)\">\n<div class=\"wp-block-columns alignwide is-layout-flex wp-container-core-columns-is-layout-1da03c2a wp-block-columns-is-layout-flex\">\n<div class=\"wp-block-column is-vertically-aligned-top has-global-padding is-layout-constrained wp-container-core-column-is-layout-dc5f3bcc wp-block-column-is-layout-constrained\" style=\"padding-top:0;padding-right:80px;padding-bottom:0;padding-left:80px;flex-basis:40%\">\n<figure class=\"wp-block-image aligncenter size-large\"><img loading=\"lazy\" decoding=\"async\" width=\"484\" height=\"1024\" src=\"https:\/\/wiki.kieroplus.com\/wp-content\/uploads\/2025\/11\/Manual_MisQRs-1-484x1024.png\" alt=\"\" class=\"wp-image-928\" srcset=\"https:\/\/wiki.kieroplus.com\/wp-content\/uploads\/2025\/11\/Manual_MisQRs-1-484x1024.png 484w, https:\/\/wiki.kieroplus.com\/wp-content\/uploads\/2025\/11\/Manual_MisQRs-1-142x300.png 142w, https:\/\/wiki.kieroplus.com\/wp-content\/uploads\/2025\/11\/Manual_MisQRs-1-768x1626.png 768w, https:\/\/wiki.kieroplus.com\/wp-content\/uploads\/2025\/11\/Manual_MisQRs-1-726x1536.png 726w, https:\/\/wiki.kieroplus.com\/wp-content\/uploads\/2025\/11\/Manual_MisQRs-1-967x2048.png 967w, https:\/\/wiki.kieroplus.com\/wp-content\/uploads\/2025\/11\/Manual_MisQRs-1.png 1207w\" sizes=\"auto, (max-width: 484px) 100vw, 484px\" \/><\/figure>\n<\/div>\n\n\n\n<div class=\"wp-block-column is-vertically-aligned-stretch is-layout-flow wp-block-column-is-layout-flow\" style=\"flex-basis:100%\">\n<div class=\"wp-block-group is-vertical is-content-justification-stretch is-layout-flex wp-container-core-group-is-layout-8f18a2b3 wp-block-group-is-layout-flex\" style=\"min-height:0%\">\n<h3 class=\"wp-block-heading\">Mis QRs<\/h3>\n\n\n\n<p class=\"wp-container-content-0733e5d0\">La secci\u00f3n \u00abMis QRs\u00bb te permite generar y gestionar diferentes tipos de c\u00f3digos QR para facilitar la interacci\u00f3n de tus clientes con tu comercio en Kiero+: <\/p>\n\n\n\n<ol class=\"wp-block-list\">\n<li>QR del Comercio: Este c\u00f3digo QR es espec\u00edfico para tu comercio y permite a los clientes agregarte f\u00e1cilmente a Kiero+, permitiendo descargarlo o compartirlo en redes sociales, campa\u00f1as publicitarias o imprimirlo para colocarlo en tu establecimiento.<\/li>\n\n\n\n<li>Activar QR: Asigna un QR para facilitar la identificaci\u00f3n de la ubicaci\u00f3n exacta desde donde se realiza un pedido (por ejemplo, QR como n\u00famero de mesa).<\/li>\n\n\n\n<li>Comprobar QR: Permite comprobar si ese QR ya est\u00e1 asignado o no.<\/li>\n\n\n\n<li>Desactivar QR: Si un QR se ha perdido, da\u00f1ado o ya no es necesario, puedes desactivarlo.<\/li>\n\n\n\n<li>Generar QRs: Crea c\u00f3digos QR adicionales para mesas, habitaciones u otras ubicaciones dentro de tu comercio, mediante generar un PDF.<\/li>\n<\/ol>\n\n\n\n<p class=\"wp-container-content-0733e5d0\"><\/p>\n<\/div>\n<\/div>\n<\/div>\n<\/div>\n","protected":false},"excerpt":{"rendered":"<p>Mis QRs La secci\u00f3n \u00abMis QRs\u00bb te permite generar y gestionar diferentes tipos de c\u00f3digos QR para facilitar la interacci\u00f3n de tus clientes con tu comercio en Kiero+:<\/p>\n","protected":false},"author":1,"featured_media":0,"parent":363,"menu_order":5,"comment_status":"closed","ping_status":"closed","template":"","meta":{"_uag_custom_page_level_css":"","footnotes":""},"class_list":["post-161","page","type-page","status-publish","hentry"],"uagb_featured_image_src":{"full":false,"thumbnail":false,"medium":false,"medium_large":false,"large":false,"1536x1536":false,"2048x2048":false},"uagb_author_info":{"display_name":"admin","author_link":"https:\/\/wiki.kieroplus.com\/wiki-kiero\/author\/kieroplus_9hwuvl6f\/"},"uagb_comment_info":0,"uagb_excerpt":"Mis QRs La secci\u00f3n \u00abMis QRs\u00bb te permite generar y gestionar diferentes tipos de c\u00f3digos QR para facilitar la interacci\u00f3n de tus clientes con tu comercio en Kiero+:","_links":{"self":[{"href":"https:\/\/wiki.kieroplus.com\/wiki-kiero\/wp-json\/wp\/v2\/pages\/161","targetHints":{"allow":["GET"]}}],"collection":[{"href":"https:\/\/wiki.kieroplus.com\/wiki-kiero\/wp-json\/wp\/v2\/pages"}],"about":[{"href":"https:\/\/wiki.kieroplus.com\/wiki-kiero\/wp-json\/wp\/v2\/types\/page"}],"author":[{"embeddable":true,"href":"https:\/\/wiki.kieroplus.com\/wiki-kiero\/wp-json\/wp\/v2\/users\/1"}],"replies":[{"embeddable":true,"href":"https:\/\/wiki.kieroplus.com\/wiki-kiero\/wp-json\/wp\/v2\/comments?post=161"}],"version-history":[{"count":6,"href":"https:\/\/wiki.kieroplus.com\/wiki-kiero\/wp-json\/wp\/v2\/pages\/161\/revisions"}],"predecessor-version":[{"id":929,"href":"https:\/\/wiki.kieroplus.com\/wiki-kiero\/wp-json\/wp\/v2\/pages\/161\/revisions\/929"}],"up":[{"embeddable":true,"href":"https:\/\/wiki.kieroplus.com\/wiki-kiero\/wp-json\/wp\/v2\/pages\/363"}],"wp:attachment":[{"href":"https:\/\/wiki.kieroplus.com\/wiki-kiero\/wp-json\/wp\/v2\/media?parent=161"}],"curies":[{"name":"wp","href":"https:\/\/api.w.org\/{rel}","templated":true}]}}