{"id":159,"date":"2024-09-03T06:49:58","date_gmt":"2024-09-03T06:49:58","guid":{"rendered":"https:\/\/wiki.kieroplus.com\/?page_id=159"},"modified":"2025-12-04T07:32:40","modified_gmt":"2025-12-04T07:32:40","slug":"comercios-agrupados","status":"publish","type":"page","link":"https:\/\/wiki.kieroplus.com\/wiki-kiero\/mi-comercio\/comercios-agrupados\/","title":{"rendered":"Comercios Agrupados"},"content":{"rendered":"\n<hr class=\"wp-block-separator has-text-color has-alpha-channel-opacity has-background is-style-wide\" style=\"margin-top:0;margin-bottom:0;background-color:#d7d7d7;color:#d7d7d7\"\/>\n\n\n\n<div class=\"wp-block-group alignfull has-base-background-color has-background has-global-padding is-layout-constrained wp-container-core-group-is-layout-5fb1f4f9 wp-block-group-is-layout-constrained\" style=\"margin-top:0;margin-bottom:0;padding-top:60px;padding-right:var(--wp--preset--spacing--40);padding-bottom:60px;padding-left:var(--wp--preset--spacing--40)\">\n<div class=\"wp-block-columns alignwide is-layout-flex wp-container-core-columns-is-layout-1da03c2a wp-block-columns-is-layout-flex\">\n<div class=\"wp-block-column is-vertically-aligned-top has-global-padding is-layout-constrained wp-container-core-column-is-layout-dc5f3bcc wp-block-column-is-layout-constrained\" style=\"padding-top:0;padding-right:80px;padding-bottom:0;padding-left:80px;flex-basis:40%\">\n<figure class=\"wp-block-image aligncenter size-large\"><img loading=\"lazy\" decoding=\"async\" width=\"484\" height=\"1024\" src=\"https:\/\/wiki.kieroplus.com\/wp-content\/uploads\/2025\/10\/Manual_ComerciosAgrupados-484x1024.png\" alt=\"\" class=\"wp-image-492\" srcset=\"https:\/\/wiki.kieroplus.com\/wp-content\/uploads\/2025\/10\/Manual_ComerciosAgrupados-484x1024.png 484w, https:\/\/wiki.kieroplus.com\/wp-content\/uploads\/2025\/10\/Manual_ComerciosAgrupados-142x300.png 142w, https:\/\/wiki.kieroplus.com\/wp-content\/uploads\/2025\/10\/Manual_ComerciosAgrupados-768x1626.png 768w, https:\/\/wiki.kieroplus.com\/wp-content\/uploads\/2025\/10\/Manual_ComerciosAgrupados-726x1536.png 726w, https:\/\/wiki.kieroplus.com\/wp-content\/uploads\/2025\/10\/Manual_ComerciosAgrupados-967x2048.png 967w, https:\/\/wiki.kieroplus.com\/wp-content\/uploads\/2025\/10\/Manual_ComerciosAgrupados.png 1207w\" sizes=\"auto, (max-width: 484px) 100vw, 484px\" \/><\/figure>\n<\/div>\n\n\n\n<div class=\"wp-block-column is-vertically-aligned-stretch is-layout-flow wp-block-column-is-layout-flow\" style=\"flex-basis:100%\">\n<div class=\"wp-block-group is-vertical is-content-justification-stretch is-layout-flex wp-container-core-group-is-layout-8f18a2b3 wp-block-group-is-layout-flex\" style=\"min-height:0%\">\n<h3 class=\"wp-block-heading\">Comercios Agrupados<\/h3>\n\n\n\n<p class=\"wp-container-content-0733e5d0\">En Kiero+, creemos en el poder de la colaboraci\u00f3n. La funci\u00f3n \u00abComercios Agrupados\u00bb te permite unirte a otros negocios para fortalecer tu presencia en la plataforma y llegar a un p\u00fablico m\u00e1s amplio.<br>\u00bfC\u00f3mo funciona?<br>\u2022 Introduce el C\u00f3digo Kiero+: Simplemente ingresa el c\u00f3digo \u00fanico de otro comercio que quieras recomendar a tus clientes.<br>\u2022 Forma un grupo: Puedes crear un grupo de hasta doce comercios, incluyendo el tuyo.<br>\u2022 Flexibilidad: Tienes la libertad de eliminar cualquier comercio recomendado y a\u00f1adir otros nuevos cuando lo desees.<br>Beneficios de agruparse:<br>\u2022 Mayor visibilidad: Al unir fuerzas, aumentan las posibilidades de aparecer en las b\u00fasquedas de los clientes y atraer a un p\u00fablico m\u00e1s amplio.<br>\u2022 Competencia justa: Juntos, los comercios peque\u00f1os pueden competir de manera m\u00e1s efectiva con grandes corporaciones.<br>\u2022 Recomendaciones cruzadas: Cuando un cliente a\u00f1ade un comercio a sus favoritos, Kiero+ le sugerir\u00e1 tambi\u00e9n los comercios recomendados por ese comercio, aumentando tu alcance.<br>\u00a1\u00danete a otros comercios y fortalece tu presencia en Kiero+!<br>Recuerda:<br>\u2022 Elige comercios que sean complementarios al tuyo o que compartan un p\u00fablico objetivo similar.<br>\u2022 Mant\u00e9n tu lista de comercios recomendados actualizada y relevante para tus clientes.<br>\u00a1Juntos podemos lograr m\u00e1s! Aprovecha esta funci\u00f3n para crear alianzas estrat\u00e9gicas y hacer crecer tu negocio en Kiero+.<\/p>\n<\/div>\n<\/div>\n<\/div>\n<\/div>\n","protected":false},"excerpt":{"rendered":"<p>Comercios Agrupados En Kiero+, creemos en el poder de la colaboraci\u00f3n. La funci\u00f3n \u00abComercios Agrupados\u00bb te permite unirte a otros negocios para fortalecer tu presencia en la plataforma y llegar a un p\u00fablico m\u00e1s amplio.\u00bfC\u00f3mo funciona?\u2022 Introduce el C\u00f3digo Kiero+: Simplemente ingresa el c\u00f3digo \u00fanico de otro comercio que quieras recomendar a tus clientes.\u2022 Forma [&hellip;]<\/p>\n","protected":false},"author":1,"featured_media":0,"parent":363,"menu_order":4,"comment_status":"closed","ping_status":"closed","template":"","meta":{"_uag_custom_page_level_css":"","footnotes":""},"class_list":["post-159","page","type-page","status-publish","hentry"],"uagb_featured_image_src":{"full":false,"thumbnail":false,"medium":false,"medium_large":false,"large":false,"1536x1536":false,"2048x2048":false},"uagb_author_info":{"display_name":"admin","author_link":"https:\/\/wiki.kieroplus.com\/wiki-kiero\/author\/kieroplus_9hwuvl6f\/"},"uagb_comment_info":0,"uagb_excerpt":"Comercios Agrupados En Kiero+, creemos en el poder de la colaboraci\u00f3n. La funci\u00f3n \u00abComercios Agrupados\u00bb te permite unirte a otros negocios para fortalecer tu presencia en la plataforma y llegar a un p\u00fablico m\u00e1s amplio.\u00bfC\u00f3mo funciona?\u2022 Introduce el C\u00f3digo Kiero+: Simplemente ingresa el c\u00f3digo \u00fanico de otro comercio que quieras recomendar a tus clientes.\u2022 Forma&hellip;","_links":{"self":[{"href":"https:\/\/wiki.kieroplus.com\/wiki-kiero\/wp-json\/wp\/v2\/pages\/159","targetHints":{"allow":["GET"]}}],"collection":[{"href":"https:\/\/wiki.kieroplus.com\/wiki-kiero\/wp-json\/wp\/v2\/pages"}],"about":[{"href":"https:\/\/wiki.kieroplus.com\/wiki-kiero\/wp-json\/wp\/v2\/types\/page"}],"author":[{"embeddable":true,"href":"https:\/\/wiki.kieroplus.com\/wiki-kiero\/wp-json\/wp\/v2\/users\/1"}],"replies":[{"embeddable":true,"href":"https:\/\/wiki.kieroplus.com\/wiki-kiero\/wp-json\/wp\/v2\/comments?post=159"}],"version-history":[{"count":4,"href":"https:\/\/wiki.kieroplus.com\/wiki-kiero\/wp-json\/wp\/v2\/pages\/159\/revisions"}],"predecessor-version":[{"id":1085,"href":"https:\/\/wiki.kieroplus.com\/wiki-kiero\/wp-json\/wp\/v2\/pages\/159\/revisions\/1085"}],"up":[{"embeddable":true,"href":"https:\/\/wiki.kieroplus.com\/wiki-kiero\/wp-json\/wp\/v2\/pages\/363"}],"wp:attachment":[{"href":"https:\/\/wiki.kieroplus.com\/wiki-kiero\/wp-json\/wp\/v2\/media?parent=159"}],"curies":[{"name":"wp","href":"https:\/\/api.w.org\/{rel}","templated":true}]}}