{"id":147,"date":"2024-09-03T06:41:25","date_gmt":"2024-09-03T06:41:25","guid":{"rendered":"https:\/\/wiki.kieroplus.com\/?page_id=147"},"modified":"2025-12-04T08:39:57","modified_gmt":"2025-12-04T08:39:57","slug":"informacion-comercio","status":"publish","type":"page","link":"https:\/\/wiki.kieroplus.com\/wiki-kiero\/mi-comercio\/informacion-comercio\/","title":{"rendered":"Informaci\u00f3n del Comercio"},"content":{"rendered":"\n<div class=\"wp-block-group alignfull has-base-background-color has-background has-global-padding is-layout-constrained wp-container-core-group-is-layout-5fb1f4f9 wp-block-group-is-layout-constrained\" style=\"margin-top:0;margin-bottom:0;padding-top:60px;padding-right:var(--wp--preset--spacing--40);padding-bottom:60px;padding-left:var(--wp--preset--spacing--40)\">\n<div class=\"wp-block-columns alignwide is-layout-flex wp-container-core-columns-is-layout-1da03c2a wp-block-columns-is-layout-flex\">\n<div class=\"wp-block-column is-vertically-aligned-top has-global-padding is-layout-constrained wp-container-core-column-is-layout-dc5f3bcc wp-block-column-is-layout-constrained\" style=\"padding-top:0;padding-right:80px;padding-bottom:0;padding-left:80px;flex-basis:40%\">\n<figure class=\"wp-block-image aligncenter size-large\" id=\"etiquetas\"><img loading=\"lazy\" decoding=\"async\" width=\"484\" height=\"1024\" src=\"https:\/\/wiki.kieroplus.com\/wp-content\/uploads\/2025\/10\/Manual_InfoComercioEtiquetas-484x1024.png\" alt=\"\" class=\"wp-image-617\" srcset=\"https:\/\/wiki.kieroplus.com\/wp-content\/uploads\/2025\/10\/Manual_InfoComercioEtiquetas-484x1024.png 484w, https:\/\/wiki.kieroplus.com\/wp-content\/uploads\/2025\/10\/Manual_InfoComercioEtiquetas-142x300.png 142w, https:\/\/wiki.kieroplus.com\/wp-content\/uploads\/2025\/10\/Manual_InfoComercioEtiquetas-768x1626.png 768w, https:\/\/wiki.kieroplus.com\/wp-content\/uploads\/2025\/10\/Manual_InfoComercioEtiquetas-726x1536.png 726w, https:\/\/wiki.kieroplus.com\/wp-content\/uploads\/2025\/10\/Manual_InfoComercioEtiquetas-967x2048.png 967w, https:\/\/wiki.kieroplus.com\/wp-content\/uploads\/2025\/10\/Manual_InfoComercioEtiquetas.png 1207w\" sizes=\"auto, (max-width: 484px) 100vw, 484px\" \/><\/figure>\n<\/div>\n\n\n\n<div class=\"wp-block-column is-vertically-aligned-stretch is-layout-flow wp-block-column-is-layout-flow\" style=\"flex-basis:100%\">\n<div class=\"wp-block-group is-vertical is-content-justification-stretch is-layout-flex wp-container-core-group-is-layout-8f18a2b3 wp-block-group-is-layout-flex\" style=\"min-height:0%\">\n<h3 class=\"wp-block-heading\" id=\"etiquetas-del-comercio\">Etiquetas del comercio<\/h3>\n\n\n\n<p class=\"wp-container-content-0733e5d0\">\u00a1Haz que te encuentren!<br>Las etiquetas son como las palabras clave que describen tu negocio y lo que ofreces. Elegir las etiquetas adecuadas es esencial para que aparezcas en los resultados de b\u00fasqueda cuando los clientes buscan productos o servicios como los tuyos.<br>\u00a1Recuerda! Las etiquetas correctas te ayudar\u00e1n a atraer a los clientes adecuados y aumentar la visibilidad de tu comercio en Kiero+. T\u00f3mate tu tiempo para seleccionarlas cuidadosamente y \u00a1no dudes en actualizarlas si es necesario!<\/p>\n\n\n\n<p class=\"wp-container-content-0733e5d0\">Las etiquetas seleccionadas estar\u00e1n destacadas en azul. Tanto para seleccionar una nueva etiqueta como para eliminar una etiqueta seleccionada, solo hay que pulsar en ella.<\/p>\n<\/div>\n<\/div>\n<\/div>\n<\/div>\n\n\n\n<hr class=\"wp-block-separator has-text-color has-alpha-channel-opacity has-background is-style-wide\" style=\"margin-top:0;margin-bottom:0;background-color:#d7d7d7;color:#d7d7d7\"\/>\n\n\n\n<div class=\"wp-block-group alignfull has-base-background-color has-background has-global-padding is-layout-constrained wp-container-core-group-is-layout-5fb1f4f9 wp-block-group-is-layout-constrained\" style=\"margin-top:0;margin-bottom:0;padding-top:60px;padding-right:var(--wp--preset--spacing--40);padding-bottom:60px;padding-left:var(--wp--preset--spacing--40)\">\n<div class=\"wp-block-columns alignwide is-layout-flex wp-container-core-columns-is-layout-1da03c2a wp-block-columns-is-layout-flex\">\n<div class=\"wp-block-column is-vertically-aligned-top has-global-padding is-layout-constrained wp-container-core-column-is-layout-dc5f3bcc wp-block-column-is-layout-constrained\" style=\"padding-top:0;padding-right:80px;padding-bottom:0;padding-left:80px;flex-basis:40%\">\n<figure class=\"wp-block-image aligncenter size-large\"><img loading=\"lazy\" decoding=\"async\" width=\"484\" height=\"1024\" src=\"https:\/\/wiki.kieroplus.com\/wp-content\/uploads\/2025\/10\/Manual_InfoComercioColor-1-484x1024.png\" alt=\"\" class=\"wp-image-630\" srcset=\"https:\/\/wiki.kieroplus.com\/wp-content\/uploads\/2025\/10\/Manual_InfoComercioColor-1-484x1024.png 484w, https:\/\/wiki.kieroplus.com\/wp-content\/uploads\/2025\/10\/Manual_InfoComercioColor-1-142x300.png 142w, https:\/\/wiki.kieroplus.com\/wp-content\/uploads\/2025\/10\/Manual_InfoComercioColor-1-768x1626.png 768w, https:\/\/wiki.kieroplus.com\/wp-content\/uploads\/2025\/10\/Manual_InfoComercioColor-1-726x1536.png 726w, https:\/\/wiki.kieroplus.com\/wp-content\/uploads\/2025\/10\/Manual_InfoComercioColor-1-967x2048.png 967w, https:\/\/wiki.kieroplus.com\/wp-content\/uploads\/2025\/10\/Manual_InfoComercioColor-1.png 1207w\" sizes=\"auto, (max-width: 484px) 100vw, 484px\" \/><\/figure>\n<\/div>\n\n\n\n<div class=\"wp-block-column is-vertically-aligned-stretch is-layout-flow wp-block-column-is-layout-flow\" style=\"flex-basis:100%\">\n<div class=\"wp-block-group is-vertical is-content-justification-stretch is-layout-flex wp-container-core-group-is-layout-8f18a2b3 wp-block-group-is-layout-flex\" style=\"min-height:0%\">\n<h3 class=\"wp-block-heading\" id=\"imagen-color-comercio\">Imagen y Color de tu comercio<\/h3>\n\n\n\n<p class=\"wp-container-content-0733e5d0\">La imagen es la primera impresi\u00f3n que tendr\u00e1n tus clientes, as\u00ed que elige sabiamente. Tienes tres opciones para encontrar la imagen perfecta:<\/p>\n\n\n\n<p><ol><li>Recursos: Si buscas algo m\u00e1s espec\u00edfico o profesional, explora las infinitas posibilidades de internet. Encuentra im\u00e1genes de alta calidad que se alineen con tu marca y transmitan el mensaje correcto.<\/li><li>Galer\u00eda: Si ya tienes la imagen perfecta guardada en tu dispositivo, esta es la opci\u00f3n m\u00e1s r\u00e1pida. Selecciona la foto que mejor represente tu comercio.<\/li><li>Nueva Foto: Ideal si quieres mostrar la autenticidad de tu negocio \u00a1Saca una foto al momento y listo!<\/li><br>&#8211; Color del entorno: El color crea ambiente y refuerza tu identidad de marca. Personaliza el fondo de tu comercio para que sea \u00fanico y atractivo.<li>Personalizar Color: Elige entre una amplia variedad de colores gracias a nuestra tabla de colores para encontrar el que mejor se adapte a tu estilo y transmita la personalidad de tu negocio.<\/li><li>Extraer Color de Imagen: \u00bfTienes un color corporativo o una imagen con el tono perfecto? Utiliza la herramienta de pipeta para seleccionar el color exacto y aplicarlo al fondo de tu comercio.<\/li><\/ol><br>\u00a1Con estas sencillas opciones, podr\u00e1s crear una presentaci\u00f3n visual impactante y profesional que atraer\u00e1 a m\u00e1s clientes a tu comercio en Kiero+!<\/p>\n<\/div>\n<\/div>\n<\/div>\n<\/div>\n\n\n\n<hr class=\"wp-block-separator has-text-color has-alpha-channel-opacity has-background is-style-wide\" style=\"margin-top:0;margin-bottom:0;background-color:#d7d7d7;color:#d7d7d7\"\/>\n\n\n\n<div class=\"wp-block-group alignfull has-base-2-background-color has-background has-global-padding is-layout-constrained wp-container-core-group-is-layout-a9c4655d wp-block-group-is-layout-constrained\" style=\"margin-top:0;margin-bottom:0;padding-top:60px;padding-right:var(--wp--preset--spacing--40);padding-bottom:60px;padding-left:var(--wp--preset--spacing--40)\">\n<div class=\"wp-block-columns alignwide uag-hide-tab uag-hide-mob is-layout-flex wp-container-core-columns-is-layout-4b5cfc71 wp-block-columns-is-layout-flex\" style=\"margin-top:0;margin-bottom:0\">\n<div class=\"wp-block-column is-vertically-aligned-stretch order-last is-layout-flow wp-block-column-is-layout-flow\" style=\"flex-basis:100%\">\n<div class=\"wp-block-group is-vertical is-content-justification-stretch is-layout-flex wp-container-core-group-is-layout-8f18a2b3 wp-block-group-is-layout-flex\" style=\"min-height:0%\">\n<h3 class=\"wp-block-heading is-style-default\" id=\"datos-comercio-redes-sociales\">Datos del comercio y Redes Sociales<\/h3>\n\n\n\n<p>Mant\u00e9n a tus clientes conectados e informados. Esta secci\u00f3n es esencial para que puedan comunicarse contigo y encontrarte sin problemas.<br>Acciones clave:<br><ol>\u2022 A\u00f1adir o editar informaci\u00f3n sobre:<br><li>Nombre del comercio<\/li><li>Descripci\u00f3n del Comercio (Sobre Nosotros)<\/li><li><a href=\"#etiquetas\">Etiquetas del Local<\/a><\/li><li>N\u00famero de tel\u00e9fono<\/li><li>WhatsApp: Si utilizas WhatsApp, Es una forma r\u00e1pida y conveniente para que los clientes se comuniquen contigo.<\/li><li>Direccionales completa del comercio<\/li><li>Localidad del Comercio<\/li><li>Provincia<\/li><li>C\u00f3digo Postal<\/li><br>\u2022 Redes Sociales:<li>Instagram<\/li><li>Facebook<\/li><li>Usuario de X<\/li><li>TikTok<\/li><\/ol><br>\u00a1Mant\u00e9n tus datos de contacto actualizados y ofrece a tus clientes m\u00faltiples formas de comunicarse contigo!<\/p>\n<\/div>\n<\/div>\n\n\n\n<div class=\"wp-block-column is-vertically-aligned-top order-first has-global-padding is-layout-constrained wp-container-core-column-is-layout-0986e329 wp-block-column-is-layout-constrained\" style=\"padding-top:0;padding-right:0px;padding-bottom:0;padding-left:0px;flex-basis:100%\">\n<figure class=\"wp-block-gallery has-nested-images columns-default is-cropped wp-block-gallery-1 is-layout-flex wp-block-gallery-is-layout-flex\">\n<figure class=\"wp-block-image size-large\"><img loading=\"lazy\" decoding=\"async\" width=\"484\" height=\"1024\" data-id=\"619\" src=\"https:\/\/wiki.kieroplus.com\/wp-content\/uploads\/2025\/10\/Manual_InfoComercio2-1-484x1024.png\" alt=\"\" class=\"wp-image-619\" srcset=\"https:\/\/wiki.kieroplus.com\/wp-content\/uploads\/2025\/10\/Manual_InfoComercio2-1-484x1024.png 484w, https:\/\/wiki.kieroplus.com\/wp-content\/uploads\/2025\/10\/Manual_InfoComercio2-1-142x300.png 142w, https:\/\/wiki.kieroplus.com\/wp-content\/uploads\/2025\/10\/Manual_InfoComercio2-1-768x1626.png 768w, https:\/\/wiki.kieroplus.com\/wp-content\/uploads\/2025\/10\/Manual_InfoComercio2-1-725x1536.png 725w, https:\/\/wiki.kieroplus.com\/wp-content\/uploads\/2025\/10\/Manual_InfoComercio2-1-967x2048.png 967w, https:\/\/wiki.kieroplus.com\/wp-content\/uploads\/2025\/10\/Manual_InfoComercio2-1.png 1206w\" sizes=\"auto, (max-width: 484px) 100vw, 484px\" \/><\/figure>\n\n\n\n<figure class=\"wp-block-image size-large\"><img loading=\"lazy\" decoding=\"async\" width=\"484\" height=\"1024\" data-id=\"620\" src=\"https:\/\/wiki.kieroplus.com\/wp-content\/uploads\/2025\/10\/Manual_InfoComercio3-1-484x1024.png\" alt=\"\" class=\"wp-image-620\" srcset=\"https:\/\/wiki.kieroplus.com\/wp-content\/uploads\/2025\/10\/Manual_InfoComercio3-1-484x1024.png 484w, https:\/\/wiki.kieroplus.com\/wp-content\/uploads\/2025\/10\/Manual_InfoComercio3-1-142x300.png 142w, https:\/\/wiki.kieroplus.com\/wp-content\/uploads\/2025\/10\/Manual_InfoComercio3-1-768x1626.png 768w, https:\/\/wiki.kieroplus.com\/wp-content\/uploads\/2025\/10\/Manual_InfoComercio3-1-726x1536.png 726w, https:\/\/wiki.kieroplus.com\/wp-content\/uploads\/2025\/10\/Manual_InfoComercio3-1-967x2048.png 967w, https:\/\/wiki.kieroplus.com\/wp-content\/uploads\/2025\/10\/Manual_InfoComercio3-1.png 1207w\" sizes=\"auto, (max-width: 484px) 100vw, 484px\" \/><\/figure>\n<\/figure>\n<\/div>\n<\/div>\n<\/div>\n\n\n\n<div class=\"wp-block-columns is-layout-flex wp-container-core-columns-is-layout-28f84493 wp-block-columns-is-layout-flex\">\n<div class=\"wp-block-column uag-hide-desktop is-layout-flow wp-block-column-is-layout-flow\">\n<figure class=\"wp-block-image size-large\" style=\"margin-top:0;margin-right:var(--wp--preset--spacing--60);margin-bottom:0;margin-left:var(--wp--preset--spacing--60)\"><img loading=\"lazy\" decoding=\"async\" width=\"484\" height=\"1024\" src=\"https:\/\/wiki.kieroplus.com\/wp-content\/uploads\/2025\/10\/Manual_InfoComercio2-1-484x1024.png\" alt=\"\" class=\"wp-image-619\" srcset=\"https:\/\/wiki.kieroplus.com\/wp-content\/uploads\/2025\/10\/Manual_InfoComercio2-1-484x1024.png 484w, https:\/\/wiki.kieroplus.com\/wp-content\/uploads\/2025\/10\/Manual_InfoComercio2-1-142x300.png 142w, https:\/\/wiki.kieroplus.com\/wp-content\/uploads\/2025\/10\/Manual_InfoComercio2-1-768x1626.png 768w, https:\/\/wiki.kieroplus.com\/wp-content\/uploads\/2025\/10\/Manual_InfoComercio2-1-725x1536.png 725w, https:\/\/wiki.kieroplus.com\/wp-content\/uploads\/2025\/10\/Manual_InfoComercio2-1-967x2048.png 967w, https:\/\/wiki.kieroplus.com\/wp-content\/uploads\/2025\/10\/Manual_InfoComercio2-1.png 1206w\" sizes=\"auto, (max-width: 484px) 100vw, 484px\" \/><\/figure>\n\n\n\n<h3 class=\"wp-block-heading\" id=\"datos-comercio-redes-sociales\">Datos del comercio y Redes Sociales<\/h3>\n\n\n\n<p>Mant\u00e9n a tus clientes conectados e informados. Esta secci\u00f3n es esencial para que puedan comunicarse contigo y encontrarte sin problemas.<br>Acciones clave:<\/p>\n\n\n\n<ol class=\"wp-block-list\">\n<li>Nombre del comercio<\/li>\n\n\n\n<li>Descripci\u00f3n del Comercio (Sobre Nosotros)<\/li>\n\n\n\n<li><a href=\"#etiquetas\">Etiquetas del Local<\/a><\/li>\n\n\n\n<li>N\u00famero de tel\u00e9fono<\/li>\n\n\n\n<li>WhatsApp: Si utilizas WhatsApp, Es una forma r\u00e1pida y conveniente para que los clientes se comuniquen contigo.<\/li>\n\n\n\n<li>Direccionales completa del comercio<\/li>\n\n\n\n<li>Localidad del Comercio<\/li>\n\n\n\n<li>Provincia<\/li>\n\n\n\n<li>C\u00f3digo Postal<\/li>\n\n\n\n<li>Instagram<\/li>\n\n\n\n<li>Facebook<\/li>\n\n\n\n<li>Usuario de X<\/li>\n\n\n\n<li>TikTok<\/li>\n<\/ol>\n\n\n\n<p>\u00a1Mant\u00e9n tus datos de contacto actualizados y ofrece a tus clientes m\u00faltiples formas de comunicarse contigo!<\/p>\n\n\n\n<figure class=\"wp-block-image size-large\" style=\"margin-right:var(--wp--preset--spacing--60);margin-left:var(--wp--preset--spacing--60)\"><img loading=\"lazy\" decoding=\"async\" width=\"484\" height=\"1024\" src=\"https:\/\/wiki.kieroplus.com\/wp-content\/uploads\/2025\/10\/Manual_InfoComercio3-1-484x1024.png\" alt=\"\" class=\"wp-image-620\" style=\"object-fit:cover\" srcset=\"https:\/\/wiki.kieroplus.com\/wp-content\/uploads\/2025\/10\/Manual_InfoComercio3-1-484x1024.png 484w, https:\/\/wiki.kieroplus.com\/wp-content\/uploads\/2025\/10\/Manual_InfoComercio3-1-142x300.png 142w, https:\/\/wiki.kieroplus.com\/wp-content\/uploads\/2025\/10\/Manual_InfoComercio3-1-768x1626.png 768w, https:\/\/wiki.kieroplus.com\/wp-content\/uploads\/2025\/10\/Manual_InfoComercio3-1-726x1536.png 726w, https:\/\/wiki.kieroplus.com\/wp-content\/uploads\/2025\/10\/Manual_InfoComercio3-1-967x2048.png 967w, https:\/\/wiki.kieroplus.com\/wp-content\/uploads\/2025\/10\/Manual_InfoComercio3-1.png 1207w\" sizes=\"auto, (max-width: 484px) 100vw, 484px\" \/><\/figure>\n<\/div>\n<\/div>\n\n\n\n<p><\/p>\n\n\n\n<p><\/p>\n\n\n\n<hr class=\"wp-block-separator has-text-color has-alpha-channel-opacity has-background is-style-wide\" style=\"margin-top:0;margin-bottom:0;background-color:#d7d7d7;color:#d7d7d7\"\/>\n\n\n\n<div class=\"wp-block-group alignfull has-base-2-background-color has-background has-global-padding is-layout-constrained wp-container-core-group-is-layout-a9c4655d wp-block-group-is-layout-constrained\" style=\"margin-top:0;margin-bottom:0;padding-top:60px;padding-right:var(--wp--preset--spacing--40);padding-bottom:60px;padding-left:var(--wp--preset--spacing--40)\">\n<div class=\"wp-block-columns alignwide is-layout-flex wp-container-core-columns-is-layout-4b5cfc71 wp-block-columns-is-layout-flex\" style=\"margin-top:0;margin-bottom:0\">\n<div class=\"wp-block-column is-vertically-aligned-stretch order-last is-layout-flow wp-block-column-is-layout-flow\" style=\"flex-basis:100%\">\n<div class=\"wp-block-group is-vertical is-content-justification-stretch is-layout-flex wp-container-core-group-is-layout-8f18a2b3 wp-block-group-is-layout-flex\" style=\"min-height:0%\">\n<h3 class=\"wp-block-heading is-style-default\" id=\"geolocalizacion-del-comercio\">Geolocalizaci\u00f3n del Comercio<\/h3>\n\n\n\n<p class=\"wp-container-content-0733e5d0\">Selecciona la localizaci\u00f3n de tu comercio en el mapa. <\/p>\n\n\n\n<p class=\"wp-container-content-0733e5d0\">Geolocalizaci\u00f3n:<br>\u2022 Utiliza <img loading=\"lazy\" decoding=\"async\" width=\"64\" height=\"107\" class=\"wp-image-623\" style=\"width: 20px;vertical-align:middle;\" src=\"https:\/\/wiki.kieroplus.com\/wp-content\/uploads\/2025\/10\/Chincheta.png\" alt=\"\"> para marcar la ubicaci\u00f3n: Arrastra la chincheta al lugar donde se encuentra tu comercio.<br>\u2022 Confirma la ubicaci\u00f3n: Una vez que hayas colocado la chincheta en el lugar correcto, haz clic en <img loading=\"lazy\" decoding=\"async\" width=\"727\" height=\"115\" class=\"wp-image-624\" style=\"width: 200px;vertical-align:middle;\" src=\"https:\/\/wiki.kieroplus.com\/wp-content\/uploads\/2025\/10\/ConfirmarGeo.png\" alt=\"\" srcset=\"https:\/\/wiki.kieroplus.com\/wp-content\/uploads\/2025\/10\/ConfirmarGeo.png 727w, https:\/\/wiki.kieroplus.com\/wp-content\/uploads\/2025\/10\/ConfirmarGeo-300x47.png 300w\" sizes=\"auto, (max-width: 727px) 100vw, 727px\" \/>.<br>\u00a1Listo! Ahora tus clientes podr\u00e1n encontrar f\u00e1cilmente tu comercio en Kiero+ y seguirte en redes sociales para estar al tanto de tus novedades.<\/p>\n<\/div>\n<\/div>\n\n\n\n<div class=\"wp-block-column is-vertically-aligned-top order-first has-global-padding is-layout-constrained wp-container-core-column-is-layout-0986e329 wp-block-column-is-layout-constrained\" style=\"padding-top:0;padding-right:0px;padding-bottom:0;padding-left:0px;flex-basis:100%\">\n<figure class=\"wp-block-gallery has-nested-images columns-default is-cropped wp-block-gallery-3 is-layout-flex wp-block-gallery-is-layout-flex\">\n<figure class=\"wp-block-image size-large\" id=\"redes-sociales\"><img loading=\"lazy\" decoding=\"async\" width=\"484\" height=\"1024\" data-id=\"622\" src=\"https:\/\/wiki.kieroplus.com\/wp-content\/uploads\/2025\/10\/Manual_InfoComercio4-484x1024.png\" alt=\"\" class=\"wp-image-622\" srcset=\"https:\/\/wiki.kieroplus.com\/wp-content\/uploads\/2025\/10\/Manual_InfoComercio4-484x1024.png 484w, https:\/\/wiki.kieroplus.com\/wp-content\/uploads\/2025\/10\/Manual_InfoComercio4-142x300.png 142w, https:\/\/wiki.kieroplus.com\/wp-content\/uploads\/2025\/10\/Manual_InfoComercio4-768x1626.png 768w, https:\/\/wiki.kieroplus.com\/wp-content\/uploads\/2025\/10\/Manual_InfoComercio4-726x1536.png 726w, https:\/\/wiki.kieroplus.com\/wp-content\/uploads\/2025\/10\/Manual_InfoComercio4-967x2048.png 967w, https:\/\/wiki.kieroplus.com\/wp-content\/uploads\/2025\/10\/Manual_InfoComercio4.png 1207w\" sizes=\"auto, (max-width: 484px) 100vw, 484px\" \/><\/figure>\n\n\n\n<figure class=\"wp-block-image size-large\"><img loading=\"lazy\" decoding=\"async\" width=\"484\" height=\"1024\" data-id=\"626\" src=\"https:\/\/wiki.kieroplus.com\/wp-content\/uploads\/2025\/10\/Manual_InfoComercioGeo-1-484x1024.png\" alt=\"\" class=\"wp-image-626\" srcset=\"https:\/\/wiki.kieroplus.com\/wp-content\/uploads\/2025\/10\/Manual_InfoComercioGeo-1-484x1024.png 484w, https:\/\/wiki.kieroplus.com\/wp-content\/uploads\/2025\/10\/Manual_InfoComercioGeo-1-142x300.png 142w, https:\/\/wiki.kieroplus.com\/wp-content\/uploads\/2025\/10\/Manual_InfoComercioGeo-1-768x1626.png 768w, https:\/\/wiki.kieroplus.com\/wp-content\/uploads\/2025\/10\/Manual_InfoComercioGeo-1-726x1536.png 726w, https:\/\/wiki.kieroplus.com\/wp-content\/uploads\/2025\/10\/Manual_InfoComercioGeo-1-967x2048.png 967w, https:\/\/wiki.kieroplus.com\/wp-content\/uploads\/2025\/10\/Manual_InfoComercioGeo-1.png 1207w\" sizes=\"auto, (max-width: 484px) 100vw, 484px\" \/><\/figure>\n<\/figure>\n<\/div>\n<\/div>\n<\/div>\n\n\n\n<hr class=\"wp-block-separator has-text-color has-alpha-channel-opacity has-background is-style-wide\" style=\"margin-top:0;margin-bottom:0;background-color:#d7d7d7;color:#d7d7d7\"\/>\n\n\n\n<div class=\"wp-block-group alignfull has-base-background-color has-background has-global-padding is-layout-constrained wp-container-core-group-is-layout-5fb1f4f9 wp-block-group-is-layout-constrained\" style=\"margin-top:0;margin-bottom:0;padding-top:60px;padding-right:var(--wp--preset--spacing--40);padding-bottom:60px;padding-left:var(--wp--preset--spacing--40)\">\n<div class=\"wp-block-columns alignwide is-layout-flex wp-container-core-columns-is-layout-1da03c2a wp-block-columns-is-layout-flex\">\n<div class=\"wp-block-column is-vertically-aligned-top has-global-padding is-layout-constrained wp-container-core-column-is-layout-dc5f3bcc wp-block-column-is-layout-constrained\" style=\"padding-top:0;padding-right:80px;padding-bottom:0;padding-left:80px;flex-basis:40%\">\n<figure class=\"wp-block-image aligncenter size-large\"><img loading=\"lazy\" decoding=\"async\" width=\"485\" height=\"1024\" src=\"https:\/\/wiki.kieroplus.com\/wp-content\/uploads\/2024\/09\/Screenshot_20240903_131147-485x1024.png\" alt=\"\" class=\"wp-image-253\" srcset=\"https:\/\/wiki.kieroplus.com\/wp-content\/uploads\/2024\/09\/Screenshot_20240903_131147-485x1024.png 485w, https:\/\/wiki.kieroplus.com\/wp-content\/uploads\/2024\/09\/Screenshot_20240903_131147-142x300.png 142w, https:\/\/wiki.kieroplus.com\/wp-content\/uploads\/2024\/09\/Screenshot_20240903_131147-768x1623.png 768w, https:\/\/wiki.kieroplus.com\/wp-content\/uploads\/2024\/09\/Screenshot_20240903_131147-727x1536.png 727w, https:\/\/wiki.kieroplus.com\/wp-content\/uploads\/2024\/09\/Screenshot_20240903_131147-969x2048.png 969w, https:\/\/wiki.kieroplus.com\/wp-content\/uploads\/2024\/09\/Screenshot_20240903_131147.png 1469w\" sizes=\"auto, (max-width: 485px) 100vw, 485px\" \/><\/figure>\n<\/div>\n\n\n\n<div class=\"wp-block-column is-vertically-aligned-stretch is-layout-flow wp-block-column-is-layout-flow\" style=\"flex-basis:100%\">\n<div class=\"wp-block-group is-vertical is-content-justification-stretch is-layout-flex wp-container-core-group-is-layout-8f18a2b3 wp-block-group-is-layout-flex\" style=\"min-height:0%\">\n<h3 class=\"wp-block-heading\" id=\"vista-previa\">Vista Previa<\/h3>\n\n\n\n<p class=\"wp-container-content-0733e5d0\">Antes de publicar los cambios que has realizado en la configuraci\u00f3n de tu comercio, es crucial que revises c\u00f3mo se ver\u00e1 para tus clientes. La funci\u00f3n \u00abVista Previa\u00bb te permite hacer precisamente eso.<br>\u00bfC\u00f3mo funciona?<br>\u2022 Haz clic en el bot\u00f3n \u00abVista Previa\u00bb.<br>\u2022 Se abrir\u00e1 una nueva ventana o pesta\u00f1a que mostrar\u00e1 tu comercio tal como lo ver\u00e1n tus clientes.<br>Si encuentras errores o quieres hacer cambios:<br>\u2022 \u00a1No te preocupes! Simplemente cierra la vista previa y regresa a la pantalla anterior para editar la informaci\u00f3n.<br>\u00a1Importante!<br>\u2022 Nada se guarda hasta que hagas clic en \u00abGuardar Datos\u00bb. La vista previa es solo una simulaci\u00f3n.<br>\u00a1T\u00f3mate tu tiempo y aseg\u00farate de que tu comercio luzca impecable en Kiero+!<\/p>\n\n\n\n<p class=\"wp-container-content-0733e5d0\"><\/p>\n<\/div>\n<\/div>\n<\/div>\n<\/div>\n\n\n\n<hr class=\"wp-block-separator has-text-color has-alpha-channel-opacity has-background is-style-wide\" style=\"margin-top:0;margin-bottom:0;background-color:#d7d7d7;color:#d7d7d7\"\/>\n","protected":false},"excerpt":{"rendered":"<p>Etiquetas del comercio \u00a1Haz que te encuentren!Las etiquetas son como las palabras clave que describen tu negocio y lo que ofreces. Elegir las etiquetas adecuadas es esencial para que aparezcas en los resultados de b\u00fasqueda cuando los clientes buscan productos o servicios como los tuyos.\u00a1Recuerda! Las etiquetas correctas te ayudar\u00e1n a atraer a los clientes [&hellip;]<\/p>\n","protected":false},"author":1,"featured_media":0,"parent":363,"menu_order":0,"comment_status":"closed","ping_status":"closed","template":"","meta":{"_uag_custom_page_level_css":"","footnotes":""},"class_list":["post-147","page","type-page","status-publish","hentry"],"uagb_featured_image_src":{"full":false,"thumbnail":false,"medium":false,"medium_large":false,"large":false,"1536x1536":false,"2048x2048":false},"uagb_author_info":{"display_name":"admin","author_link":"https:\/\/wiki.kieroplus.com\/wiki-kiero\/author\/kieroplus_9hwuvl6f\/"},"uagb_comment_info":0,"uagb_excerpt":"Etiquetas del comercio \u00a1Haz que te encuentren!Las etiquetas son como las palabras clave que describen tu negocio y lo que ofreces. Elegir las etiquetas adecuadas es esencial para que aparezcas en los resultados de b\u00fasqueda cuando los clientes buscan productos o servicios como los tuyos.\u00a1Recuerda! Las etiquetas correctas te ayudar\u00e1n a atraer a los clientes&hellip;","_links":{"self":[{"href":"https:\/\/wiki.kieroplus.com\/wiki-kiero\/wp-json\/wp\/v2\/pages\/147","targetHints":{"allow":["GET"]}}],"collection":[{"href":"https:\/\/wiki.kieroplus.com\/wiki-kiero\/wp-json\/wp\/v2\/pages"}],"about":[{"href":"https:\/\/wiki.kieroplus.com\/wiki-kiero\/wp-json\/wp\/v2\/types\/page"}],"author":[{"embeddable":true,"href":"https:\/\/wiki.kieroplus.com\/wiki-kiero\/wp-json\/wp\/v2\/users\/1"}],"replies":[{"embeddable":true,"href":"https:\/\/wiki.kieroplus.com\/wiki-kiero\/wp-json\/wp\/v2\/comments?post=147"}],"version-history":[{"count":29,"href":"https:\/\/wiki.kieroplus.com\/wiki-kiero\/wp-json\/wp\/v2\/pages\/147\/revisions"}],"predecessor-version":[{"id":1103,"href":"https:\/\/wiki.kieroplus.com\/wiki-kiero\/wp-json\/wp\/v2\/pages\/147\/revisions\/1103"}],"up":[{"embeddable":true,"href":"https:\/\/wiki.kieroplus.com\/wiki-kiero\/wp-json\/wp\/v2\/pages\/363"}],"wp:attachment":[{"href":"https:\/\/wiki.kieroplus.com\/wiki-kiero\/wp-json\/wp\/v2\/media?parent=147"}],"curies":[{"name":"wp","href":"https:\/\/api.w.org\/{rel}","templated":true}]}}