{"id":143,"date":"2024-09-02T08:47:03","date_gmt":"2024-09-02T08:47:03","guid":{"rendered":"https:\/\/wiki.kieroplus.com\/?page_id=143"},"modified":"2025-12-01T10:43:10","modified_gmt":"2025-12-01T10:43:10","slug":"inicio","status":"publish","type":"page","link":"https:\/\/wiki.kieroplus.com\/wiki-kiero\/inicio\/","title":{"rendered":"Inicio"},"content":{"rendered":"\n<hr class=\"wp-block-separator has-text-color has-alpha-channel-opacity has-background is-style-wide\" style=\"margin-top:0;margin-bottom:0;background-color:#d7d7d7;color:#d7d7d7\"\/>\n\n\n\n<div class=\"wp-block-group alignfull has-base-background-color has-background has-global-padding is-layout-constrained wp-container-core-group-is-layout-5fb1f4f9 wp-block-group-is-layout-constrained\" style=\"margin-top:0;margin-bottom:0;padding-top:60px;padding-right:var(--wp--preset--spacing--40);padding-bottom:60px;padding-left:var(--wp--preset--spacing--40)\">\n<div class=\"wp-block-columns alignwide is-layout-flex wp-container-core-columns-is-layout-1da03c2a wp-block-columns-is-layout-flex\">\n<div class=\"wp-block-column is-vertically-aligned-top has-global-padding is-layout-constrained wp-container-core-column-is-layout-dc5f3bcc wp-block-column-is-layout-constrained\" style=\"padding-top:0;padding-right:80px;padding-bottom:0;padding-left:80px;flex-basis:40%\">\n<figure class=\"wp-block-image aligncenter size-large\"><img loading=\"lazy\" decoding=\"async\" width=\"484\" height=\"1024\" src=\"https:\/\/wiki.kieroplus.com\/wp-content\/uploads\/2025\/10\/Manual_Inicio_2-484x1024.png\" alt=\"\" class=\"wp-image-742\" srcset=\"https:\/\/wiki.kieroplus.com\/wp-content\/uploads\/2025\/10\/Manual_Inicio_2-484x1024.png 484w, https:\/\/wiki.kieroplus.com\/wp-content\/uploads\/2025\/10\/Manual_Inicio_2-142x300.png 142w, https:\/\/wiki.kieroplus.com\/wp-content\/uploads\/2025\/10\/Manual_Inicio_2-768x1626.png 768w, https:\/\/wiki.kieroplus.com\/wp-content\/uploads\/2025\/10\/Manual_Inicio_2-726x1536.png 726w, https:\/\/wiki.kieroplus.com\/wp-content\/uploads\/2025\/10\/Manual_Inicio_2-967x2048.png 967w, https:\/\/wiki.kieroplus.com\/wp-content\/uploads\/2025\/10\/Manual_Inicio_2.png 1207w\" sizes=\"auto, (max-width: 484px) 100vw, 484px\" \/><\/figure>\n<\/div>\n\n\n\n<div class=\"wp-block-column is-vertically-aligned-stretch is-layout-flow wp-block-column-is-layout-flow\" style=\"flex-basis:100%\">\n<div class=\"wp-block-group is-vertical is-content-justification-stretch is-layout-flex wp-container-core-group-is-layout-8f18a2b3 wp-block-group-is-layout-flex\" style=\"min-height:0%\">\n<h3 class=\"wp-block-heading\">Inicio<\/h3>\n\n\n\n<p class=\"wp-container-content-0733e5d0\">Opciones disponibles:<\/p>\n\n\n\n<ol class=\"wp-block-list\">\n<li><a href=\"https:\/\/wiki.kieroplus.com\/pedidos\/\" data-type=\"page\" data-id=\"604\">Pedidos<\/a>: Controla todo el ciclo de vida de tus pedidos, desde que los recibes hasta que llegan a tus clientes. Realiza el seguimiento de su estado, preparaci\u00f3n y confirmaci\u00f3n de su entrega.<\/li>\n\n\n\n<li><a href=\"https:\/\/wiki.kieroplus.com\/reservas\/\" data-type=\"page\" data-id=\"675\">Reservas<\/a>: Organiza y gestiona las reservas de tus clientes. Mant\u00e9n un registro detallado de su historial y planifica tu disponibilidad de forma eficiente.<\/li>\n\n\n\n<li><a href=\"https:\/\/wiki.kieroplus.com\/productos\/\" data-type=\"page\" data-id=\"385\">Productos<\/a>: Crea, edita y administra tu cat\u00e1logo de productos. Define categor\u00edas, opciones, precios, im\u00e1genes y controla su disponibilidad.<\/li>\n\n\n\n<li><a href=\"https:\/\/wiki.kieroplus.com\/mi-comercio\/\" data-type=\"page\" data-id=\"363\">Mi Comercio<\/a>: Personaliza y configura diversos aspectos de tu negocio. Accede a informaci\u00f3n general, servicios ofrecidos, horarios de atenci\u00f3n, programas de recompensas, notificaciones, impresoras, datos fiscales y detalles de tu suscripci\u00f3n.<br>\u00a1Explora cada secci\u00f3n y aprovecha al m\u00e1ximo estas funcionalidades para optimizar la gesti\u00f3n de tu negocio!<\/li>\n\n\n\n<li>Al pulsar en el nombre del comercio, aparecer\u00e1 un dialogo con todos los comercios que controlas (en caso de controlar m\u00faltiples comercios con Kiero+), permitiendo cambiar entre comercios sin necesidad de salir de la app.<\/li>\n\n\n\n<li>Cuando necesites informaci\u00f3n sobre como utilizar la app, pulsa <img loading=\"lazy\" decoding=\"async\" width=\"78\" height=\"77\" class=\"wp-image-891\" style=\"width: 35px;vertical-align:middle\" src=\"https:\/\/wiki.kieroplus.com\/wp-content\/uploads\/2025\/11\/Manual_BotonManual.png\" alt=\"\"> (esquina superior derecha), para acceder al tutorial\/manual de uso de Kiero+, o a la IA (Inteligencia artificial), para que puedas solucionar tus dudas.<\/li>\n\n\n\n<li>Para salir de la aplicaci\u00f3n, debes pulsar <img loading=\"lazy\" decoding=\"async\" width=\"61\" height=\"64\" class=\"wp-image-745\" style=\"width: 30px;vertical-align:middle\" src=\"https:\/\/wiki.kieroplus.com\/wp-content\/uploads\/2025\/10\/Manual_BotonSalirApp.png\" alt=\"\"> (esquina superior izquierda) dos veces.<\/li>\n<\/ol>\n\n\n\n<p class=\"wp-container-content-0733e5d0\"><\/p>\n\n\n\n<p class=\"wp-container-content-0733e5d0\"><\/p>\n\n\n\n<p class=\"wp-container-content-0733e5d0\"><\/p>\n\n\n\n<p class=\"wp-container-content-0733e5d0\"><\/p>\n\n\n\n<p class=\"wp-container-content-0733e5d0\"><\/p>\n<\/div>\n<\/div>\n<\/div>\n<\/div>\n","protected":false},"excerpt":{"rendered":"<p>Inicio Opciones disponibles:<\/p>\n","protected":false},"author":1,"featured_media":0,"parent":0,"menu_order":1,"comment_status":"closed","ping_status":"closed","template":"","meta":{"_uag_custom_page_level_css":"","footnotes":""},"class_list":["post-143","page","type-page","status-publish","hentry"],"uagb_featured_image_src":{"full":false,"thumbnail":false,"medium":false,"medium_large":false,"large":false,"1536x1536":false,"2048x2048":false},"uagb_author_info":{"display_name":"admin","author_link":"https:\/\/wiki.kieroplus.com\/wiki-kiero\/author\/kieroplus_9hwuvl6f\/"},"uagb_comment_info":0,"uagb_excerpt":"Inicio Opciones disponibles:","_links":{"self":[{"href":"https:\/\/wiki.kieroplus.com\/wiki-kiero\/wp-json\/wp\/v2\/pages\/143","targetHints":{"allow":["GET"]}}],"collection":[{"href":"https:\/\/wiki.kieroplus.com\/wiki-kiero\/wp-json\/wp\/v2\/pages"}],"about":[{"href":"https:\/\/wiki.kieroplus.com\/wiki-kiero\/wp-json\/wp\/v2\/types\/page"}],"author":[{"embeddable":true,"href":"https:\/\/wiki.kieroplus.com\/wiki-kiero\/wp-json\/wp\/v2\/users\/1"}],"replies":[{"embeddable":true,"href":"https:\/\/wiki.kieroplus.com\/wiki-kiero\/wp-json\/wp\/v2\/comments?post=143"}],"version-history":[{"count":14,"href":"https:\/\/wiki.kieroplus.com\/wiki-kiero\/wp-json\/wp\/v2\/pages\/143\/revisions"}],"predecessor-version":[{"id":892,"href":"https:\/\/wiki.kieroplus.com\/wiki-kiero\/wp-json\/wp\/v2\/pages\/143\/revisions\/892"}],"wp:attachment":[{"href":"https:\/\/wiki.kieroplus.com\/wiki-kiero\/wp-json\/wp\/v2\/media?parent=143"}],"curies":[{"name":"wp","href":"https:\/\/api.w.org\/{rel}","templated":true}]}}